{"id":14827,"date":"2025-12-17T20:07:15","date_gmt":"2025-12-17T19:07:15","guid":{"rendered":"https:\/\/talentus.ontwikkeladres.nl\/?page_id=14827"},"modified":"2025-12-22T19:06:46","modified_gmt":"2025-12-22T18:06:46","slug":"rewards-and-recognition","status":"publish","type":"page","link":"https:\/\/talentus.ontwikkeladres.nl\/nl\/werken-bij-talentus\/waarom-werken-bij-talentus\/rewards-and-recognition\/","title":{"rendered":"Rewards and recognition"},"content":{"rendered":"<div class=\"wpb-content-wrapper\"><p>[vc_row full_width=&#8221;stretch_row&#8221; content_placement=&#8221;middle&#8221; bg_color=&#8221;bg_gray_light&#8221;][vc_column width=&#8221;2\/5&#8243;]\n        <div class=\"sd-block-title \">\n            <h1 class=\"sd-block-title-htag  marginbottom-30px align-left\n            \"><span> Rewards and<\/span><span class=\"title-background\">recognition<svg preserveAspectRatio=\"none\" viewBox=\"0 0 220.1 39.64\" width=\"15px\" height=\"15px\" xmlns=\"http:\/\/www.w3.org\/2000\/svg\"><path d=\"m212.32,4.8c-3.09-.76-6.19-1.35-9.28-2-11.4,1.25-22.8,2.3-34.2,2.27C118.74,4.96,68.63,2.91,18.56.05,9.37-.48,3.36,2.86,0,25.08c3.43,3.67,7.12,10.86,10.94,11.18,42.92,4.1,85.75,4.64,128.62.66,14.39-.14,28.81,3.57,43.16,2.45,6.78-.53,13.55-1.54,20.32-2.7,2.49.02,4.98.05,7.47.07,3.19.03,6.39-8.55,9.59-13.13-2.58-6.55-4.89-18.13-7.78-18.8Z\" style=\"stroke-width:0px;\" fill=\"currentColor\" \/><\/svg><\/span>\n\t\t\t<\/h1>\n        <\/div>\n        <div class=\"sd-block-text  marginbottom-0px\n        \">\n            <p>Bij Talentus hechten we veel belang aan een warme, familiale werkomgeving waarin niemand onopgemerkt blijft en elke medewerker de aandacht krijgt die hij of zij verdient.<\/p>\n<p>We dagen elkaar uit om te groeien, maar staan ook bewust stil bij successen. Tijdens onze Talentus-events zetten we collega\u2019s in de kijker; van top performers tot stille krachten die elke dag het verschil maken.<\/p>\n\n        <\/div>[\/vc_column][vc_column width=&#8221;3\/5&#8243;]\n        <div class=\"sd-block-image image-count-1  align-Left marginbottom-0px image-style-single\n        \"><span>\n\t\t\t\t\t<svg width=\"32px\" height=\"44px\" preserveAspectRatio=\"none\" xmlns=\"http:\/\/www.w3.org\/2000\/svg\" viewBox=\"0 0 320 440.27\"><path class=\"background\" d=\"M288.65,26.72c3.33-8.59,7.09-17.48,11.35-26.72h20v20s-12.09,1.96-31.35,6.72ZM295.18,265.4c14.55,135.78-88.46,192.48-168.46,170.14-25.91-7.22-53.89-22.98-74.7-48.45C7.82,350.88-21.57,283.5,20,177.68,75.54,36.27,300,0,300,0H0v440.27h320V20c-49.75,107.95-33.04,168.78-24.82,245.39Z\"\/><path class=\"drop\" d=\"M275.18,245.4c14.55,135.78-88.46,192.48-168.46,170.14-18.29-5.09-37.6-14.44-54.7-28.45,20.81,25.47,48.79,41.23,74.7,48.45,80,22.33,183.01-34.36,168.46-170.14-8.22-76.62-24.93-137.45,24.82-245.39h0s-12.09,1.96-31.35,6.72c-35.59,91.75-20.99,148.62-13.47,218.67Z\"\/><\/svg>\n\t\t\t\t\t<img decoding=\"async\" title=\"\" alt=\"\" src=\"https:\/\/talentus.ontwikkeladres.nl\/wp-content\/uploads\/2025\/12\/AdobeStock_653191312-2000x1334.jpeg\">\n\t\t\t\t<\/span>\n        <\/div>[\/vc_column][\/vc_row][vc_row full_width=&#8221;stretch_row&#8221; bg_color=&#8221;bg_white&#8221; row_divider=&#8221;svg_white&#8221;][vc_column][vc_row_inner equal_height=&#8221;yes&#8221;][vc_column_inner width=&#8221;1\/4&#8243; col_color=&#8221;light-gray&#8221;]\n        <div class=\"sd-block-title \">\n            <h3 class=\"sd-block-title-htag  marginbottom-30px align-left\n            \"><span> Uitgebreide<\/span><span class=\"title-background\">expertise.<svg preserveAspectRatio=\"none\" viewBox=\"0 0 220.1 39.64\" width=\"15px\" height=\"15px\" xmlns=\"http:\/\/www.w3.org\/2000\/svg\"><path d=\"m212.32,4.8c-3.09-.76-6.19-1.35-9.28-2-11.4,1.25-22.8,2.3-34.2,2.27C118.74,4.96,68.63,2.91,18.56.05,9.37-.48,3.36,2.86,0,25.08c3.43,3.67,7.12,10.86,10.94,11.18,42.92,4.1,85.75,4.64,128.62.66,14.39-.14,28.81,3.57,43.16,2.45,6.78-.53,13.55-1.54,20.32-2.7,2.49.02,4.98.05,7.47.07,3.19.03,6.39-8.55,9.59-13.13-2.58-6.55-4.89-18.13-7.78-18.8Z\" style=\"stroke-width:0px;\" fill=\"currentColor\" \/><\/svg><\/span>\n\t\t\t<\/h3>\n        <\/div>\n        <div class=\"sd-block-text  marginbottom-0px\n        \">\n            <p>Bij Talentus werken ervaren professionals die hun vak door en door kennen. Die expertise houden we niet voor onszelf: via interactieve opleidingen en kennisdeling versterken we elkaar elke dag opnieuw.<\/p>\n\n        <\/div>[\/vc_column_inner][vc_column_inner width=&#8221;1\/4&#8243; col_color=&#8221;light-gray&#8221;]\n        <div class=\"sd-block-title \">\n            <h3 class=\"sd-block-title-htag  marginbottom-30px align-left\n            \"><span class=\"title-background\">Groeien<svg preserveAspectRatio=\"none\" viewBox=\"0 0 220.1 39.64\" width=\"15px\" height=\"15px\" xmlns=\"http:\/\/www.w3.org\/2000\/svg\"><path d=\"m212.32,4.8c-3.09-.76-6.19-1.35-9.28-2-11.4,1.25-22.8,2.3-34.2,2.27C118.74,4.96,68.63,2.91,18.56.05,9.37-.48,3.36,2.86,0,25.08c3.43,3.67,7.12,10.86,10.94,11.18,42.92,4.1,85.75,4.64,128.62.66,14.39-.14,28.81,3.57,43.16,2.45,6.78-.53,13.55-1.54,20.32-2.7,2.49.02,4.98.05,7.47.07,3.19.03,6.39-8.55,9.59-13.13-2.58-6.55-4.89-18.13-7.78-18.8Z\" style=\"stroke-width:0px;\" fill=\"currentColor\" \/><\/svg><\/span><span> met perspectief.<\/span>\n\t\t\t<\/h3>\n        <\/div>\n        <div class=\"sd-block-text  marginbottom-0px\n        \">\n            <p>Je carri\u00e8re bij Talentus hoeft niet in \u00e9\u00e9n richting te lopen. Van consultant naar HR Business Manager, of net een rol opnemen op onze hoofdzetel? Wij stimuleren groei die past bij jouw talenten en ambities.<\/p>\n\n        <\/div>[\/vc_column_inner][vc_column_inner width=&#8221;1\/4&#8243; col_color=&#8221;light-gray&#8221;]\n        <div class=\"sd-block-title \">\n            <h3 class=\"sd-block-title-htag  marginbottom-30px align-left\n            \"><span class=\"title-background\">Ervaring<svg preserveAspectRatio=\"none\" viewBox=\"0 0 220.1 39.64\" width=\"15px\" height=\"15px\" xmlns=\"http:\/\/www.w3.org\/2000\/svg\"><path d=\"m212.32,4.8c-3.09-.76-6.19-1.35-9.28-2-11.4,1.25-22.8,2.3-34.2,2.27C118.74,4.96,68.63,2.91,18.56.05,9.37-.48,3.36,2.86,0,25.08c3.43,3.67,7.12,10.86,10.94,11.18,42.92,4.1,85.75,4.64,128.62.66,14.39-.14,28.81,3.57,43.16,2.45,6.78-.53,13.55-1.54,20.32-2.7,2.49.02,4.98.05,7.47.07,3.19.03,6.39-8.55,9.59-13.13-2.58-6.55-4.89-18.13-7.78-18.8Z\" style=\"stroke-width:0px;\" fill=\"currentColor\" \/><\/svg><\/span><span> die verbindt.<\/span>\n\t\t\t<\/h3>\n        <\/div>\n        <div class=\"sd-block-text  marginbottom-0px\n        \">\n            <p>Op onze hoofdzetel bouwen collega\u2019s gemiddeld al zes jaar mee aan Talentus. Die ervaring vertaalt zich in sterke samenwerking, gedeelde kennis en teams die elkaar vooruithelpen.<\/p>\n\n        <\/div>[\/vc_column_inner][vc_column_inner width=&#8221;1\/4&#8243; col_color=&#8221;light-gray&#8221;]\n        <div class=\"sd-block-title \">\n            <h3 class=\"sd-block-title-htag  marginbottom-30px align-left\n            \"><span class=\"title-background\">Kennis<svg preserveAspectRatio=\"none\" viewBox=\"0 0 220.1 39.64\" width=\"15px\" height=\"15px\" xmlns=\"http:\/\/www.w3.org\/2000\/svg\"><path d=\"m212.32,4.8c-3.09-.76-6.19-1.35-9.28-2-11.4,1.25-22.8,2.3-34.2,2.27C118.74,4.96,68.63,2.91,18.56.05,9.37-.48,3.36,2.86,0,25.08c3.43,3.67,7.12,10.86,10.94,11.18,42.92,4.1,85.75,4.64,128.62.66,14.39-.14,28.81,3.57,43.16,2.45,6.78-.53,13.55-1.54,20.32-2.7,2.49.02,4.98.05,7.47.07,3.19.03,6.39-8.55,9.59-13.13-2.58-6.55-4.89-18.13-7.78-18.8Z\" style=\"stroke-width:0px;\" fill=\"currentColor\" \/><\/svg><\/span><span> die telt.<\/span><span> in wat we doen.<\/span>\n\t\t\t<\/h3>\n        <\/div>\n        <div class=\"sd-block-text  marginbottom-0px\n        \">\n            <p>Talentus is Federgon-gecertificeerd. Al onze medewerkers slagen voor de Federgon-examens en nemen jaarlijks deel aan externe audits. Die resultaten bevestigen wat we elke dag doen: kwaliteit leveren, met kennis van zaken.<\/p>\n\n        <\/div>[\/vc_column_inner][\/vc_row_inner][\/vc_column][\/vc_row][vc_row full_width=&#8221;stretch_row&#8221; bg_color=&#8221;bg_gray_light&#8221; row_divider=&#8221;svg_gray_light&#8221; css=&#8221;.vc_custom_1765196908079{background-color: bg_white !important;}&#8221;][vc_column]\n        <div class=\"sd-block-title \">\n            <h2 class=\"sd-block-title-htag  marginbottom-0px align-center\n            \"><span> Beleef<\/span><span class=\"title-background\">Talentus<svg preserveAspectRatio=\"none\" viewBox=\"0 0 220.1 39.64\" width=\"15px\" height=\"15px\" xmlns=\"http:\/\/www.w3.org\/2000\/svg\"><path d=\"m212.32,4.8c-3.09-.76-6.19-1.35-9.28-2-11.4,1.25-22.8,2.3-34.2,2.27C118.74,4.96,68.63,2.91,18.56.05,9.37-.48,3.36,2.86,0,25.08c3.43,3.67,7.12,10.86,10.94,11.18,42.92,4.1,85.75,4.64,128.62.66,14.39-.14,28.81,3.57,43.16,2.45,6.78-.53,13.55-1.54,20.32-2.7,2.49.02,4.98.05,7.47.07,3.19.03,6.39-8.55,9.59-13.13-2.58-6.55-4.89-18.13-7.78-18.8Z\" style=\"stroke-width:0px;\" fill=\"currentColor\" \/><\/svg><\/span><span> en ontdek wat ons anders maakt!<\/span>\n\t\t\t<\/h2>\n        <\/div>\n        <div class=\"sd-block-text  marginbottom-30px\n        \">\n            <p style=\"text-align: center;\">Wat ons anders maakt? Wij geven om onze medewerkers en bieden hen de ondersteuning die ze nodig hebben om 100% te kunnen slagen.<\/p>\n\n        <\/div>[vc_row_inner][vc_column_inner width=&#8221;1\/3&#8243;]\n                <a class=\"sd-block-cta  marginbottom-30px bg-white\" title=\"Development and training\" href=\"https:\/\/talentus.ontwikkeladres.nl\/nl\/werken-bij-talentus\/waarom-werken-bij-talentus\/blijven-groeien\/\"\n                >\n                    <div class=\"cta-inner\">\n                    \t<img decoding=\"async\" src=\"https:\/\/talentus.ontwikkeladres.nl\/wp-content\/uploads\/2025\/12\/AdobeStock_535225628_750x500px.jpg\" alt=\"\">\n                    \t<div class=\"cta-content\">\n\t\t\t\t\t\t\t<div class=\"sd-block-cta-title\">\n\t\t\t\t\t\t\t\t\n        <div class=\"sd-block-title \">\n            <h3 class=\"sd-block-title-htag  marginbottom-30px align-left\n            \"><span> Development and training<\/span>\n\t\t\t<\/h3>\n        <\/div>\n\t\t\t\t\t\t\t<\/div>\n\t\t\t\t\t\t\t<div class=\"sd-block-cta-text\">\n\t\t\t\t\t\t\t\t\n        <div class=\"sd-block-text  marginbottom-30px\n        \">\n            <p>De beste medewerkers? die van ons!<\/p>\n\n        <\/div>\n\t\t\t\t\t\t\t<\/div>\n\t\t\t\t\t\t\t<div class=\"sd-block-cta-button\">\n\t\t\t\t\t\t\t\t\n        <div class=\"sd-block-button  marginbottom-0px button-type-background button-size-normal\">\n            <span class=\"inner-button\"\n            href=\"\" title=\"Lees meer\">\n\t\t\t\t\tLees meer\n\t\t\t\t\t<svg height=\"15px\" width=\"15px\" xmlns=\"http:\/\/www.w3.org\/2000\/svg\" version=\"1.1\" viewBox=\"0 0 15 11.2\"><path fill=\"currentColor\" d=\"M14.7,6.3c.4-.4.4-1,0-1.3L10,.3c-.4-.4-1-.4-1.3,0-.3.4-.4,1,0,1.3l3.1,3.1H.9c-.5,0-.9.4-.9.9s.4.9.9.9h10.9l-3.1,3.1c-.4.4-.4,1,0,1.3s1,.4,1.3,0l4.7-4.7h0Z\"\/><\/svg>\n            <\/span>\n        <\/div>\n\t\t\t\t\t\t\t<\/div>\n\t\t\t\t\t\t<\/div>\n                    <\/div>\n                <\/a>[\/vc_column_inner][vc_column_inner width=&#8221;1\/3&#8243;]\n                <a class=\"sd-block-cta  marginbottom-30px bg-white\" title=\"Work-life balance\" href=\"https:\/\/talentus.ontwikkeladres.nl\/nl\/werken-bij-talentus\/waarom-werken-bij-talentus\/worklife-balance\/\"\n                >\n                    <div class=\"cta-inner\">\n                    \t<img decoding=\"async\" src=\"https:\/\/talentus.ontwikkeladres.nl\/wp-content\/uploads\/2025\/12\/AdobeStock_553721043_750x500px.jpg\" alt=\"\">\n                    \t<div class=\"cta-content\">\n\t\t\t\t\t\t\t<div class=\"sd-block-cta-title\">\n\t\t\t\t\t\t\t\t\n        <div class=\"sd-block-title \">\n            <h3 class=\"sd-block-title-htag  marginbottom-30px align-left\n            \"><span> Work-life balance<\/span>\n\t\t\t<\/h3>\n        <\/div>\n\t\t\t\t\t\t\t<\/div>\n\t\t\t\t\t\t\t<div class=\"sd-block-cta-text\">\n\t\t\t\t\t\t\t\t\n        <div class=\"sd-block-text  marginbottom-30px\n        \">\n            <p>Work hard play hard<\/p>\n\n        <\/div>\n\t\t\t\t\t\t\t<\/div>\n\t\t\t\t\t\t\t<div class=\"sd-block-cta-button\">\n\t\t\t\t\t\t\t\t\n        <div class=\"sd-block-button  marginbottom-0px button-type-background button-size-normal\">\n            <span class=\"inner-button\"\n            href=\"\" title=\"Lees meer\">\n\t\t\t\t\tLees meer\n\t\t\t\t\t<svg height=\"15px\" width=\"15px\" xmlns=\"http:\/\/www.w3.org\/2000\/svg\" version=\"1.1\" viewBox=\"0 0 15 11.2\"><path fill=\"currentColor\" d=\"M14.7,6.3c.4-.4.4-1,0-1.3L10,.3c-.4-.4-1-.4-1.3,0-.3.4-.4,1,0,1.3l3.1,3.1H.9c-.5,0-.9.4-.9.9s.4.9.9.9h10.9l-3.1,3.1c-.4.4-.4,1,0,1.3s1,.4,1.3,0l4.7-4.7h0Z\"\/><\/svg>\n            <\/span>\n        <\/div>\n\t\t\t\t\t\t\t<\/div>\n\t\t\t\t\t\t<\/div>\n                    <\/div>\n                <\/a>[\/vc_column_inner][vc_column_inner width=&#8221;1\/3&#8243;]\n                <a class=\"sd-block-cta  marginbottom-30px bg-white\" title=\"Typisch Talentus!\" href=\"https:\/\/talentus.ontwikkeladres.nl\/nl\/werken-bij-talentus\/waarom-werken-bij-talentus\/typisch-talentus\/\"\n                >\n                    <div class=\"cta-inner\">\n                    \t<img decoding=\"async\" src=\"https:\/\/talentus.ontwikkeladres.nl\/wp-content\/uploads\/2025\/12\/AdobeStock_132595491-800x533.jpeg\" alt=\"\">\n                    \t<div class=\"cta-content\">\n\t\t\t\t\t\t\t<div class=\"sd-block-cta-title\">\n\t\t\t\t\t\t\t\t\n        <div class=\"sd-block-title \">\n            <h3 class=\"sd-block-title-htag  marginbottom-30px align-left\n            \"><span> Typisch Talentus!<\/span>\n\t\t\t<\/h3>\n        <\/div>\n\t\t\t\t\t\t\t<\/div>\n\t\t\t\t\t\t\t<div class=\"sd-block-cta-text\">\n\t\t\t\t\t\t\t\t\n        <div class=\"sd-block-text  marginbottom-30px\n        \">\n            <p>Onze bedrijfscultuur<\/p>\n\n        <\/div>\n\t\t\t\t\t\t\t<\/div>\n\t\t\t\t\t\t\t<div class=\"sd-block-cta-button\">\n\t\t\t\t\t\t\t\t\n        <div class=\"sd-block-button  marginbottom-0px button-type-background button-size-normal\">\n            <span class=\"inner-button\"\n            href=\"\" title=\"Lees meer\">\n\t\t\t\t\tLees meer\n\t\t\t\t\t<svg height=\"15px\" width=\"15px\" xmlns=\"http:\/\/www.w3.org\/2000\/svg\" version=\"1.1\" viewBox=\"0 0 15 11.2\"><path fill=\"currentColor\" d=\"M14.7,6.3c.4-.4.4-1,0-1.3L10,.3c-.4-.4-1-.4-1.3,0-.3.4-.4,1,0,1.3l3.1,3.1H.9c-.5,0-.9.4-.9.9s.4.9.9.9h10.9l-3.1,3.1c-.4.4-.4,1,0,1.3s1,.4,1.3,0l4.7-4.7h0Z\"\/><\/svg>\n            <\/span>\n        <\/div>\n\t\t\t\t\t\t\t<\/div>\n\t\t\t\t\t\t<\/div>\n                    <\/div>\n                <\/a>[\/vc_column_inner][\/vc_row_inner][\/vc_column][\/vc_row]<\/p>\n<\/div>","protected":false},"excerpt":{"rendered":"<p>[vc_row full_width=&#8221;stretch_row&#8221; content_placement=&#8221;middle&#8221; bg_color=&#8221;bg_gray_light&#8221;][vc_column width=&#8221;2\/5&#8243;][\/vc_column][vc_column width=&#8221;3\/5&#8243;][\/vc_column][\/vc_row][vc_row full_width=&#8221;stretch_row&#8221; bg_color=&#8221;bg_white&#8221; row_divider=&#8221;svg_white&#8221;][vc_column][vc_row_inner equal_height=&#8221;yes&#8221;][vc_column_inner width=&#8221;1\/4&#8243; col_color=&#8221;light-gray&#8221;][\/vc_column_inner][vc_column_inner width=&#8221;1\/4&#8243; col_color=&#8221;light-gray&#8221;][\/vc_column_inner][vc_column_inner width=&#8221;1\/4&#8243; col_color=&#8221;light-gray&#8221;][\/vc_column_inner][vc_column_inner width=&#8221;1\/4&#8243; col_color=&#8221;light-gray&#8221;][\/vc_column_inner][\/vc_row_inner][\/vc_column][\/vc_row][vc_row full_width=&#8221;stretch_row&#8221; bg_color=&#8221;bg_gray_light&#8221; row_divider=&#8221;svg_gray_light&#8221; css=&#8221;.vc_custom_1765196908079{background-color: bg_white !important;}&#8221;][vc_column][vc_row_inner][vc_column_inner width=&#8221;1\/3&#8243;][\/vc_column_inner][vc_column_inner width=&#8221;1\/3&#8243;][\/vc_column_inner][vc_column_inner width=&#8221;1\/3&#8243;][\/vc_column_inner][\/vc_row_inner][\/vc_column][\/vc_row]<\/p>\n","protected":false},"author":2,"featured_media":0,"parent":13273,"menu_order":0,"comment_status":"closed","ping_status":"closed","template":"","meta":{"_acf_changed":false,"footnotes":""},"class_list":["post-14827","page","type-page","status-publish","hentry"],"acf":[],"yoast_head":"<!-- This site is optimized with the Yoast SEO plugin v26.8-RC7 - https:\/\/yoast.com\/product\/yoast-seo-wordpress\/ -->\n<title>Waardering voor werk | Talentus<\/title>\n<meta name=\"description\" content=\"Talentus investeert in groei, kennis en erkenning. Werk samen met ervaren collega\u2019s, leer van elkaar en bouw aan je carri\u00e8re in HR.\" \/>\n<meta name=\"robots\" content=\"noindex, follow, max-snippet:-1, max-image-preview:large, max-video-preview:-1\" \/>\n<meta property=\"og:locale\" content=\"nl_NL\" \/>\n<meta property=\"og:type\" content=\"article\" \/>\n<meta property=\"og:title\" content=\"Waardering voor werk | Talentus\" \/>\n<meta property=\"og:description\" content=\"Talentus investeert in groei, kennis en erkenning. Werk samen met ervaren collega\u2019s, leer van elkaar en bouw aan je carri\u00e8re in HR.\" \/>\n<meta property=\"og:url\" content=\"https:\/\/talentus.ontwikkeladres.nl\/nl\/werken-bij-talentus\/waarom-werken-bij-talentus\/rewards-and-recognition\/\" \/>\n<meta property=\"og:site_name\" content=\"Talentus\" \/>\n<meta property=\"article:publisher\" content=\"https:\/\/www.facebook.com\/Talentus.be\/\" \/>\n<meta property=\"article:modified_time\" content=\"2025-12-22T18:06:46+00:00\" \/>\n<meta property=\"og:image\" content=\"https:\/\/talentus.ontwikkeladres.nl\/wp-content\/uploads\/2025\/12\/Social-share.jpg\" \/>\n\t<meta property=\"og:image:width\" content=\"1200\" \/>\n\t<meta property=\"og:image:height\" content=\"630\" \/>\n\t<meta property=\"og:image:type\" content=\"image\/jpeg\" \/>\n<meta name=\"twitter:card\" content=\"summary_large_image\" \/>\n<meta name=\"twitter:label1\" content=\"Geschatte leestijd\" \/>\n\t<meta name=\"twitter:data1\" content=\"3 minuten\" \/>\n<script type=\"application\/ld+json\" class=\"yoast-schema-graph\">{\"@context\":\"https:\/\/schema.org\",\"@graph\":[{\"@type\":\"WebPage\",\"@id\":\"https:\/\/talentus.ontwikkeladres.nl\/nl\/werken-bij-talentus\/waarom-werken-bij-talentus\/rewards-and-recognition\/\",\"url\":\"https:\/\/talentus.ontwikkeladres.nl\/nl\/werken-bij-talentus\/waarom-werken-bij-talentus\/rewards-and-recognition\/\",\"name\":\"Waardering voor werk | Talentus\",\"isPartOf\":{\"@id\":\"https:\/\/talentus.ontwikkeladres.nl\/nl\/#website\"},\"datePublished\":\"2025-12-17T19:07:15+00:00\",\"dateModified\":\"2025-12-22T18:06:46+00:00\",\"description\":\"Talentus investeert in groei, kennis en erkenning. Werk samen met ervaren collega\u2019s, leer van elkaar en bouw aan je carri\u00e8re in HR.\",\"breadcrumb\":{\"@id\":\"https:\/\/talentus.ontwikkeladres.nl\/nl\/werken-bij-talentus\/waarom-werken-bij-talentus\/rewards-and-recognition\/#breadcrumb\"},\"inLanguage\":\"nl-NL\",\"potentialAction\":[{\"@type\":\"ReadAction\",\"target\":[\"https:\/\/talentus.ontwikkeladres.nl\/nl\/werken-bij-talentus\/waarom-werken-bij-talentus\/rewards-and-recognition\/\"]}]},{\"@type\":\"BreadcrumbList\",\"@id\":\"https:\/\/talentus.ontwikkeladres.nl\/nl\/werken-bij-talentus\/waarom-werken-bij-talentus\/rewards-and-recognition\/#breadcrumb\",\"itemListElement\":[{\"@type\":\"ListItem\",\"position\":1,\"name\":\"Home\",\"item\":\"https:\/\/talentus.ontwikkeladres.nl\/nl\/\"},{\"@type\":\"ListItem\",\"position\":2,\"name\":\"Werken bij Talentus\",\"item\":\"https:\/\/talentus.ontwikkeladres.nl\/nl\/werken-bij-talentus\/\"},{\"@type\":\"ListItem\",\"position\":3,\"name\":\"Waarom werken bij Talentus\",\"item\":\"https:\/\/talentus.ontwikkeladres.nl\/nl\/werken-bij-talentus\/waarom-werken-bij-talentus\/\"},{\"@type\":\"ListItem\",\"position\":4,\"name\":\"Rewards and recognition\"}]},{\"@type\":\"WebSite\",\"@id\":\"https:\/\/talentus.ontwikkeladres.nl\/nl\/#website\",\"url\":\"https:\/\/talentus.ontwikkeladres.nl\/nl\/\",\"name\":\"Talentus\",\"description\":\"Talentus website\",\"publisher\":{\"@id\":\"https:\/\/talentus.ontwikkeladres.nl\/nl\/#organization\"},\"inLanguage\":\"nl-NL\"},{\"@type\":\"Organization\",\"@id\":\"https:\/\/talentus.ontwikkeladres.nl\/nl\/#organization\",\"name\":\"Talentus\",\"url\":\"https:\/\/talentus.ontwikkeladres.nl\/nl\/\",\"logo\":{\"@type\":\"ImageObject\",\"inLanguage\":\"nl-NL\",\"@id\":\"https:\/\/talentus.ontwikkeladres.nl\/nl\/#\/schema\/logo\/image\/\",\"url\":\"https:\/\/talentus.ontwikkeladres.nl\/wp-content\/uploads\/2025\/12\/Social-share.jpg\",\"contentUrl\":\"https:\/\/talentus.ontwikkeladres.nl\/wp-content\/uploads\/2025\/12\/Social-share.jpg\",\"width\":1200,\"height\":630,\"caption\":\"Talentus\"},\"image\":{\"@id\":\"https:\/\/talentus.ontwikkeladres.nl\/nl\/#\/schema\/logo\/image\/\"},\"sameAs\":[\"https:\/\/www.facebook.com\/Talentus.be\/\",\"https:\/\/www.instagram.com\/talentus.be\/\",\"https:\/\/www.linkedin.com\/company\/talentus\/\"]}]}<\/script>\n<!-- \/ Yoast SEO plugin. -->","yoast_head_json":{"title":"Waardering voor werk | Talentus","description":"Talentus investeert in groei, kennis en erkenning. Werk samen met ervaren collega\u2019s, leer van elkaar en bouw aan je carri\u00e8re in HR.","robots":{"index":"noindex","follow":"follow","max-snippet":"max-snippet:-1","max-image-preview":"max-image-preview:large","max-video-preview":"max-video-preview:-1"},"og_locale":"nl_NL","og_type":"article","og_title":"Waardering voor werk | Talentus","og_description":"Talentus investeert in groei, kennis en erkenning. Werk samen met ervaren collega\u2019s, leer van elkaar en bouw aan je carri\u00e8re in HR.","og_url":"https:\/\/talentus.ontwikkeladres.nl\/nl\/werken-bij-talentus\/waarom-werken-bij-talentus\/rewards-and-recognition\/","og_site_name":"Talentus","article_publisher":"https:\/\/www.facebook.com\/Talentus.be\/","article_modified_time":"2025-12-22T18:06:46+00:00","og_image":[{"width":1200,"height":630,"url":"https:\/\/talentus.ontwikkeladres.nl\/wp-content\/uploads\/2025\/12\/Social-share.jpg","type":"image\/jpeg"}],"twitter_card":"summary_large_image","twitter_misc":{"Geschatte leestijd":"3 minuten"},"schema":{"@context":"https:\/\/schema.org","@graph":[{"@type":"WebPage","@id":"https:\/\/talentus.ontwikkeladres.nl\/nl\/werken-bij-talentus\/waarom-werken-bij-talentus\/rewards-and-recognition\/","url":"https:\/\/talentus.ontwikkeladres.nl\/nl\/werken-bij-talentus\/waarom-werken-bij-talentus\/rewards-and-recognition\/","name":"Waardering voor werk | Talentus","isPartOf":{"@id":"https:\/\/talentus.ontwikkeladres.nl\/nl\/#website"},"datePublished":"2025-12-17T19:07:15+00:00","dateModified":"2025-12-22T18:06:46+00:00","description":"Talentus investeert in groei, kennis en erkenning. Werk samen met ervaren collega\u2019s, leer van elkaar en bouw aan je carri\u00e8re in HR.","breadcrumb":{"@id":"https:\/\/talentus.ontwikkeladres.nl\/nl\/werken-bij-talentus\/waarom-werken-bij-talentus\/rewards-and-recognition\/#breadcrumb"},"inLanguage":"nl-NL","potentialAction":[{"@type":"ReadAction","target":["https:\/\/talentus.ontwikkeladres.nl\/nl\/werken-bij-talentus\/waarom-werken-bij-talentus\/rewards-and-recognition\/"]}]},{"@type":"BreadcrumbList","@id":"https:\/\/talentus.ontwikkeladres.nl\/nl\/werken-bij-talentus\/waarom-werken-bij-talentus\/rewards-and-recognition\/#breadcrumb","itemListElement":[{"@type":"ListItem","position":1,"name":"Home","item":"https:\/\/talentus.ontwikkeladres.nl\/nl\/"},{"@type":"ListItem","position":2,"name":"Werken bij Talentus","item":"https:\/\/talentus.ontwikkeladres.nl\/nl\/werken-bij-talentus\/"},{"@type":"ListItem","position":3,"name":"Waarom werken bij Talentus","item":"https:\/\/talentus.ontwikkeladres.nl\/nl\/werken-bij-talentus\/waarom-werken-bij-talentus\/"},{"@type":"ListItem","position":4,"name":"Rewards and recognition"}]},{"@type":"WebSite","@id":"https:\/\/talentus.ontwikkeladres.nl\/nl\/#website","url":"https:\/\/talentus.ontwikkeladres.nl\/nl\/","name":"Talentus","description":"Talentus website","publisher":{"@id":"https:\/\/talentus.ontwikkeladres.nl\/nl\/#organization"},"inLanguage":"nl-NL"},{"@type":"Organization","@id":"https:\/\/talentus.ontwikkeladres.nl\/nl\/#organization","name":"Talentus","url":"https:\/\/talentus.ontwikkeladres.nl\/nl\/","logo":{"@type":"ImageObject","inLanguage":"nl-NL","@id":"https:\/\/talentus.ontwikkeladres.nl\/nl\/#\/schema\/logo\/image\/","url":"https:\/\/talentus.ontwikkeladres.nl\/wp-content\/uploads\/2025\/12\/Social-share.jpg","contentUrl":"https:\/\/talentus.ontwikkeladres.nl\/wp-content\/uploads\/2025\/12\/Social-share.jpg","width":1200,"height":630,"caption":"Talentus"},"image":{"@id":"https:\/\/talentus.ontwikkeladres.nl\/nl\/#\/schema\/logo\/image\/"},"sameAs":["https:\/\/www.facebook.com\/Talentus.be\/","https:\/\/www.instagram.com\/talentus.be\/","https:\/\/www.linkedin.com\/company\/talentus\/"]}]}},"_links":{"self":[{"href":"https:\/\/talentus.ontwikkeladres.nl\/nl\/wp-json\/wp\/v2\/pages\/14827","targetHints":{"allow":["GET"]}}],"collection":[{"href":"https:\/\/talentus.ontwikkeladres.nl\/nl\/wp-json\/wp\/v2\/pages"}],"about":[{"href":"https:\/\/talentus.ontwikkeladres.nl\/nl\/wp-json\/wp\/v2\/types\/page"}],"author":[{"embeddable":true,"href":"https:\/\/talentus.ontwikkeladres.nl\/nl\/wp-json\/wp\/v2\/users\/2"}],"replies":[{"embeddable":true,"href":"https:\/\/talentus.ontwikkeladres.nl\/nl\/wp-json\/wp\/v2\/comments?post=14827"}],"version-history":[{"count":3,"href":"https:\/\/talentus.ontwikkeladres.nl\/nl\/wp-json\/wp\/v2\/pages\/14827\/revisions"}],"predecessor-version":[{"id":15507,"href":"https:\/\/talentus.ontwikkeladres.nl\/nl\/wp-json\/wp\/v2\/pages\/14827\/revisions\/15507"}],"up":[{"embeddable":true,"href":"https:\/\/talentus.ontwikkeladres.nl\/nl\/wp-json\/wp\/v2\/pages\/13273"}],"wp:attachment":[{"href":"https:\/\/talentus.ontwikkeladres.nl\/nl\/wp-json\/wp\/v2\/media?parent=14827"}],"curies":[{"name":"wp","href":"https:\/\/api.w.org\/{rel}","templated":true}]}}