{"id":14851,"date":"2025-12-17T21:04:57","date_gmt":"2025-12-17T20:04:57","guid":{"rendered":"https:\/\/talentus.ontwikkeladres.nl\/?page_id=14851"},"modified":"2026-01-07T19:30:20","modified_gmt":"2026-01-07T18:30:20","slug":"equipe-rh","status":"publish","type":"page","link":"https:\/\/talentus.ontwikkeladres.nl\/fr\/travailler-a-talentus\/pourquoi-travailler-a-talentus\/equipe-rh\/","title":{"rendered":"Notre \u00e9quipe RH"},"content":{"rendered":"<div class=\"wpb-content-wrapper\"><p>[vc_row full_width=\u00a0\u00bbstretch_row\u00a0\u00bb bg_img_position=\u00a0\u00bbright\u00a0\u00bb bg_color=\u00a0\u00bbbg_gray_light\u00a0\u00bb css=\u00a0\u00bb.vc_custom_1767805853869{background-color: bg_gray_light !important;}\u00a0\u00bb bg_custom_img=\u00a0\u00bb15355&Prime;][vc_column width=\u00a0\u00bb2\/5&Prime;]\n        <div class=\"sd-block-breadcrumb  align-left marginbottom-60px\n        \">\n            <ul id=\"breadcrumbs\" class=\"breadcrumbs\"><\/ul>\n        <\/div>\n        <div class=\"sd-block-title \">\n            <h1 class=\"sd-block-title-htag  marginbottom-30px align-left\n            \"><span> Connecte-toi avec<\/span><span class=\"title-background\">l'\u00e9quipe RH<svg preserveAspectRatio=\"none\" viewBox=\"0 0 220.1 39.64\" width=\"15px\" height=\"15px\" xmlns=\"http:\/\/www.w3.org\/2000\/svg\"><path d=\"m212.32,4.8c-3.09-.76-6.19-1.35-9.28-2-11.4,1.25-22.8,2.3-34.2,2.27C118.74,4.96,68.63,2.91,18.56.05,9.37-.48,3.36,2.86,0,25.08c3.43,3.67,7.12,10.86,10.94,11.18,42.92,4.1,85.75,4.64,128.62.66,14.39-.14,28.81,3.57,43.16,2.45,6.78-.53,13.55-1.54,20.32-2.7,2.49.02,4.98.05,7.47.07,3.19.03,6.39-8.55,9.59-13.13-2.58-6.55-4.89-18.13-7.78-18.8Z\" style=\"stroke-width:0px;\" fill=\"currentColor\" \/><\/svg><\/span>\n\t\t\t<\/h1>\n        <\/div>\n        <div class=\"sd-block-text  marginbottom-30px mobile_marginbottom-0px\n        \">\n            <p>Fais connaissance avec notre \u00e9quipe RH et sens-toi imm\u00e9diatement le bienvenu. Tu as des questions sur une fonction interne ou tu souhaites simplement faire une bonne premi\u00e8re impression ? Nos coll\u00e8gues sont l\u00e0 pour t\u2019accompagner.<\/p>\n\n        <\/div>\n        <div class=\"sd-block-button  marginbottom-30px button-type-background\">\n            <a class=\"inner-button\"\n            href=\"https:\/\/talentus.ontwikkeladres.nl\/fr\/contact\/\" title=\"Contacte-nous\">\n\t\t\t\t\tContacte-nous\n\t\t\t\t\t<svg height=\"15px\" width=\"15px\" xmlns=\"http:\/\/www.w3.org\/2000\/svg\" version=\"1.1\" viewBox=\"0 0 15 11.2\"><path fill=\"currentColor\" d=\"M14.7,6.3c.4-.4.4-1,0-1.3L10,.3c-.4-.4-1-.4-1.3,0-.3.4-.4,1,0,1.3l3.1,3.1H.9c-.5,0-.9.4-.9.9s.4.9.9.9h10.9l-3.1,3.1c-.4.4-.4,1,0,1.3s1,.4,1.3,0l4.7-4.7h0Z\"\/><\/svg>\n            <\/a>\n        <\/div>[\/vc_column][vc_column width=\u00a0\u00bb3\/5&Prime;][\/vc_column][\/vc_row][vc_row full_width=\u00a0\u00bbstretch_row\u00a0\u00bb bg_color=\u00a0\u00bbbg_white\u00a0\u00bb row_divider=\u00a0\u00bbsvg_white\u00a0\u00bb css=\u00a0\u00bb.vc_custom_1765196345797{background-color: bg_white !important;}\u00a0\u00bb][vc_column]\n        <div class=\"sd-block-title \">\n            <h2 class=\"sd-block-title-htag  marginbottom-0px align-center\n            \"><span> Ton point de contact \u00e0<\/span><span class=\"title-background\">Talentus<svg preserveAspectRatio=\"none\" viewBox=\"0 0 220.1 39.64\" width=\"15px\" height=\"15px\" xmlns=\"http:\/\/www.w3.org\/2000\/svg\"><path d=\"m212.32,4.8c-3.09-.76-6.19-1.35-9.28-2-11.4,1.25-22.8,2.3-34.2,2.27C118.74,4.96,68.63,2.91,18.56.05,9.37-.48,3.36,2.86,0,25.08c3.43,3.67,7.12,10.86,10.94,11.18,42.92,4.1,85.75,4.64,128.62.66,14.39-.14,28.81,3.57,43.16,2.45,6.78-.53,13.55-1.54,20.32-2.7,2.49.02,4.98.05,7.47.07,3.19.03,6.39-8.55,9.59-13.13-2.58-6.55-4.89-18.13-7.78-18.8Z\" style=\"stroke-width:0px;\" fill=\"currentColor\" \/><\/svg><\/span>\n\t\t\t<\/h2>\n        <\/div>\n        <div class=\"sd-block-text  marginbottom-30px\n        \">\n            <p style=\"text-align: center;\">Tu as des questions sur un emploi interne ou tu souhaites mieux conna\u00eetre Talentus ? Notre \u00e9quipe RH se fera un plaisir de t&rsquo;aider.<\/p>\n\n        <\/div>[vc_row_inner][vc_column_inner width=\u00a0\u00bb1\/4&Prime;]\n                <a class=\"sd-block-cta  marginbottom-30px bg-light_gray\" title=\"Nikki Aerts\" href=\"https:\/\/www.linkedin.com\/in\/nikki-aerts\/\"\n                >\n                    <div class=\"cta-inner\">\n                    \t<img decoding=\"async\" src=\"https:\/\/talentus.ontwikkeladres.nl\/wp-content\/uploads\/2026\/01\/Talentus-HRBP-Nikki_Aerts_round.png\" alt=\"\">\n                    \t<div class=\"cta-content\">\n\t\t\t\t\t\t\t<div class=\"sd-block-cta-title\">\n\t\t\t\t\t\t\t\t\n        <div class=\"sd-block-title \">\n            <h3 class=\"sd-block-title-htag  marginbottom-30px align-left\n            \"><span> Nikki Aerts<\/span>\n\t\t\t<\/h3>\n        <\/div>\n\t\t\t\t\t\t\t<\/div>\n\t\t\t\t\t\t\t<div class=\"sd-block-cta-text\">\n\t\t\t\t\t\t\t\t\n        <div class=\"sd-block-text  marginbottom-30px\n        \">\n            <p>Partenaire d&rsquo;affaires RH<\/p>\n\n        <\/div>\n\t\t\t\t\t\t\t<\/div>\n\t\t\t\t\t\t\t<div class=\"sd-block-cta-button\">\n\t\t\t\t\t\t\t\t\n        <div class=\"sd-block-button  marginbottom-0px button-type-background button-size-normal\">\n            <span class=\"inner-button\"\n            href=\"\" title=\"LinkedIn\">\n\t\t\t\t\tLinkedIn\n\t\t\t\t\t<svg height=\"15px\" width=\"15px\" xmlns=\"http:\/\/www.w3.org\/2000\/svg\" version=\"1.1\" viewBox=\"0 0 15 11.2\"><path fill=\"currentColor\" d=\"M14.7,6.3c.4-.4.4-1,0-1.3L10,.3c-.4-.4-1-.4-1.3,0-.3.4-.4,1,0,1.3l3.1,3.1H.9c-.5,0-.9.4-.9.9s.4.9.9.9h10.9l-3.1,3.1c-.4.4-.4,1,0,1.3s1,.4,1.3,0l4.7-4.7h0Z\"\/><\/svg>\n            <\/span>\n        <\/div>\n\t\t\t\t\t\t\t<\/div>\n\t\t\t\t\t\t<\/div>\n                    <\/div>\n                <\/a>[\/vc_column_inner][vc_column_inner width=\u00a0\u00bb1\/4&Prime;]\n                <a class=\"sd-block-cta  marginbottom-30px bg-light_gray\" title=\"Evi Van Spitael\" href=\"https:\/\/www.linkedin.com\/in\/vanspitaelevi\/\" target=\"_blank\"\n                >\n                    <div class=\"cta-inner\">\n                    \t<img decoding=\"async\" src=\"https:\/\/talentus.ontwikkeladres.nl\/wp-content\/uploads\/2026\/01\/Talentus-HRBP-Evi_Van_Spitael_round.png\" alt=\"\">\n                    \t<div class=\"cta-content\">\n\t\t\t\t\t\t\t<div class=\"sd-block-cta-title\">\n\t\t\t\t\t\t\t\t\n        <div class=\"sd-block-title \">\n            <h3 class=\"sd-block-title-htag  marginbottom-30px align-left\n            \"><span> Evi Van Spitael<\/span>\n\t\t\t<\/h3>\n        <\/div>\n\t\t\t\t\t\t\t<\/div>\n\t\t\t\t\t\t\t<div class=\"sd-block-cta-text\">\n\t\t\t\t\t\t\t\t\n        <div class=\"sd-block-text  marginbottom-30px\n        \">\n            <p>Partenaire d&rsquo;affaires RH<\/p>\n\n        <\/div>\n\t\t\t\t\t\t\t<\/div>\n\t\t\t\t\t\t\t<div class=\"sd-block-cta-button\">\n\t\t\t\t\t\t\t\t\n        <div class=\"sd-block-button  marginbottom-0px button-type-background button-size-normal\">\n            <span class=\"inner-button\"\n            href=\"\" title=\"LinkedIn\">\n\t\t\t\t\tLinkedIn\n\t\t\t\t\t<svg height=\"15px\" width=\"15px\" xmlns=\"http:\/\/www.w3.org\/2000\/svg\" version=\"1.1\" viewBox=\"0 0 15 11.2\"><path fill=\"currentColor\" d=\"M14.7,6.3c.4-.4.4-1,0-1.3L10,.3c-.4-.4-1-.4-1.3,0-.3.4-.4,1,0,1.3l3.1,3.1H.9c-.5,0-.9.4-.9.9s.4.9.9.9h10.9l-3.1,3.1c-.4.4-.4,1,0,1.3s1,.4,1.3,0l4.7-4.7h0Z\"\/><\/svg>\n            <\/span>\n        <\/div>\n\t\t\t\t\t\t\t<\/div>\n\t\t\t\t\t\t<\/div>\n                    <\/div>\n                <\/a>[\/vc_column_inner][vc_column_inner width=\u00a0\u00bb1\/4&Prime;]\n                <a class=\"sd-block-cta  marginbottom-30px bg-light_gray\" title=\"Delphine Govaerts\" href=\"https:\/\/www.linkedin.com\/in\/delphine-govaerts\/\" target=\"_blank\"\n                >\n                    <div class=\"cta-inner\">\n                    \t<img decoding=\"async\" src=\"https:\/\/talentus.ontwikkeladres.nl\/wp-content\/uploads\/2026\/01\/Talentus-HRBP-Delphine_Govaerts_round.png\" alt=\"\">\n                    \t<div class=\"cta-content\">\n\t\t\t\t\t\t\t<div class=\"sd-block-cta-title\">\n\t\t\t\t\t\t\t\t\n        <div class=\"sd-block-title \">\n            <h3 class=\"sd-block-title-htag  marginbottom-30px align-left\n            \"><span> Delphine Govaerts<\/span>\n\t\t\t<\/h3>\n        <\/div>\n\t\t\t\t\t\t\t<\/div>\n\t\t\t\t\t\t\t<div class=\"sd-block-cta-text\">\n\t\t\t\t\t\t\t\t\n        <div class=\"sd-block-text  marginbottom-30px\n        \">\n            <p>HR Business Partner Bruxelles &#8211; Wallonie<\/p>\n\n        <\/div>\n\t\t\t\t\t\t\t<\/div>\n\t\t\t\t\t\t\t<div class=\"sd-block-cta-button\">\n\t\t\t\t\t\t\t\t\n        <div class=\"sd-block-button  marginbottom-0px button-type-background button-size-normal\">\n            <span class=\"inner-button\"\n            href=\"\" title=\"Linkedin\">\n\t\t\t\t\tLinkedin\n\t\t\t\t\t<svg height=\"15px\" width=\"15px\" xmlns=\"http:\/\/www.w3.org\/2000\/svg\" version=\"1.1\" viewBox=\"0 0 15 11.2\"><path fill=\"currentColor\" d=\"M14.7,6.3c.4-.4.4-1,0-1.3L10,.3c-.4-.4-1-.4-1.3,0-.3.4-.4,1,0,1.3l3.1,3.1H.9c-.5,0-.9.4-.9.9s.4.9.9.9h10.9l-3.1,3.1c-.4.4-.4,1,0,1.3s1,.4,1.3,0l4.7-4.7h0Z\"\/><\/svg>\n            <\/span>\n        <\/div>\n\t\t\t\t\t\t\t<\/div>\n\t\t\t\t\t\t<\/div>\n                    <\/div>\n                <\/a>[\/vc_column_inner][vc_column_inner width=\u00a0\u00bb1\/4&Prime;]\n                <a class=\"sd-block-cta  marginbottom-30px bg-light_gray\" title=\"Thibault Lange\" href=\"https:\/\/www.linkedin.com\/in\/thibault-lange-880a93205\/\"\n                >\n                    <div class=\"cta-inner\">\n                    \t<img decoding=\"async\" src=\"https:\/\/talentus.ontwikkeladres.nl\/wp-content\/uploads\/2026\/01\/Talentus-HRBP-Thibault_Lange_round.png\" alt=\"\">\n                    \t<div class=\"cta-content\">\n\t\t\t\t\t\t\t<div class=\"sd-block-cta-title\">\n\t\t\t\t\t\t\t\t\n        <div class=\"sd-block-title \">\n            <h3 class=\"sd-block-title-htag  marginbottom-30px align-left\n            \"><span> Thibault Lange<\/span>\n\t\t\t<\/h3>\n        <\/div>\n\t\t\t\t\t\t\t<\/div>\n\t\t\t\t\t\t\t<div class=\"sd-block-cta-text\">\n\t\t\t\t\t\t\t\t\n        <div class=\"sd-block-text  marginbottom-30px\n        \">\n            <p>HR Business Partner Bruxelles &#8211; Wallonie<\/p>\n\n        <\/div>\n\t\t\t\t\t\t\t<\/div>\n\t\t\t\t\t\t\t<div class=\"sd-block-cta-button\">\n\t\t\t\t\t\t\t\t\n        <div class=\"sd-block-button  marginbottom-0px button-type-background button-size-normal\">\n            <span class=\"inner-button\"\n            href=\"\" title=\"LinkedIn\">\n\t\t\t\t\tLinkedIn\n\t\t\t\t\t<svg height=\"15px\" width=\"15px\" xmlns=\"http:\/\/www.w3.org\/2000\/svg\" version=\"1.1\" viewBox=\"0 0 15 11.2\"><path fill=\"currentColor\" d=\"M14.7,6.3c.4-.4.4-1,0-1.3L10,.3c-.4-.4-1-.4-1.3,0-.3.4-.4,1,0,1.3l3.1,3.1H.9c-.5,0-.9.4-.9.9s.4.9.9.9h10.9l-3.1,3.1c-.4.4-.4,1,0,1.3s1,.4,1.3,0l4.7-4.7h0Z\"\/><\/svg>\n            <\/span>\n        <\/div>\n\t\t\t\t\t\t\t<\/div>\n\t\t\t\t\t\t<\/div>\n                    <\/div>\n                <\/a>[\/vc_column_inner][\/vc_row_inner][\/vc_column][\/vc_row]<\/p>\n<\/div>","protected":false},"excerpt":{"rendered":"<p>[vc_row full_width=\u00a0\u00bbstretch_row\u00a0\u00bb bg_img_position=\u00a0\u00bbright\u00a0\u00bb bg_color=\u00a0\u00bbbg_gray_light\u00a0\u00bb css=\u00a0\u00bb.vc_custom_1767805853869{background-color: bg_gray_light !important;}\u00a0\u00bb bg_custom_img=\u00a0\u00bb15355&Prime;][vc_column width=\u00a0\u00bb2\/5&Prime;][\/vc_column][vc_column width=\u00a0\u00bb3\/5&Prime;][\/vc_column][\/vc_row][vc_row full_width=\u00a0\u00bbstretch_row\u00a0\u00bb bg_color=\u00a0\u00bbbg_white\u00a0\u00bb row_divider=\u00a0\u00bbsvg_white\u00a0\u00bb css=\u00a0\u00bb.vc_custom_1765196345797{background-color: bg_white !important;}\u00a0\u00bb][vc_column][vc_row_inner][vc_column_inner width=\u00a0\u00bb1\/4&Prime;][\/vc_column_inner][vc_column_inner width=\u00a0\u00bb1\/4&Prime;][\/vc_column_inner][vc_column_inner width=\u00a0\u00bb1\/4&Prime;][\/vc_column_inner][vc_column_inner width=\u00a0\u00bb1\/4&Prime;][\/vc_column_inner][\/vc_row_inner][\/vc_column][\/vc_row]<\/p>\n","protected":false},"author":2,"featured_media":0,"parent":14561,"menu_order":0,"comment_status":"closed","ping_status":"closed","template":"","meta":{"_acf_changed":false,"footnotes":""},"class_list":["post-14851","page","type-page","status-publish","hentry"],"acf":[],"yoast_head":"<!-- This site is optimized with the Yoast SEO plugin v26.8-RC7 - https:\/\/yoast.com\/product\/yoast-seo-wordpress\/ -->\n<title>Notre \u00e9quipe RH | Talentus<\/title>\n<meta name=\"description\" content=\"Rencontre l&#039;\u00e9quipe des ressources humaines de Talentus. Tu as des questions sur les postes vacants en interne ou sur le travail chez Talentus ? Notre \u00e9quipe est \u00e0 ton service.\" \/>\n<meta name=\"robots\" content=\"noindex, follow, max-snippet:-1, max-image-preview:large, max-video-preview:-1\" \/>\n<meta property=\"og:locale\" content=\"fr_FR\" \/>\n<meta property=\"og:type\" content=\"article\" \/>\n<meta property=\"og:title\" content=\"Notre \u00e9quipe RH | Talentus\" \/>\n<meta property=\"og:description\" content=\"Rencontre l&#039;\u00e9quipe des ressources humaines de Talentus. Tu as des questions sur les postes vacants en interne ou sur le travail chez Talentus ? Notre \u00e9quipe est \u00e0 ton service.\" \/>\n<meta property=\"og:url\" content=\"https:\/\/talentus.ontwikkeladres.nl\/fr\/travailler-a-talentus\/pourquoi-travailler-a-talentus\/equipe-rh\/\" \/>\n<meta property=\"og:site_name\" content=\"Talentus\" \/>\n<meta property=\"article:publisher\" content=\"https:\/\/www.facebook.com\/Talentus.be\/\" \/>\n<meta property=\"article:modified_time\" content=\"2026-01-07T18:30:20+00:00\" \/>\n<meta property=\"og:image\" content=\"https:\/\/talentus.ontwikkeladres.nl\/wp-content\/uploads\/2025\/12\/Social-share.jpg\" \/>\n\t<meta property=\"og:image:width\" content=\"1200\" \/>\n\t<meta property=\"og:image:height\" content=\"630\" \/>\n\t<meta property=\"og:image:type\" content=\"image\/jpeg\" \/>\n<meta name=\"twitter:card\" content=\"summary_large_image\" \/>\n<meta name=\"twitter:label1\" content=\"Dur\u00e9e de lecture estim\u00e9e\" \/>\n\t<meta name=\"twitter:data1\" content=\"2 minutes\" \/>\n<script type=\"application\/ld+json\" class=\"yoast-schema-graph\">{\"@context\":\"https:\/\/schema.org\",\"@graph\":[{\"@type\":\"WebPage\",\"@id\":\"https:\/\/talentus.ontwikkeladres.nl\/fr\/travailler-a-talentus\/pourquoi-travailler-a-talentus\/equipe-rh\/\",\"url\":\"https:\/\/talentus.ontwikkeladres.nl\/fr\/travailler-a-talentus\/pourquoi-travailler-a-talentus\/equipe-rh\/\",\"name\":\"Notre \u00e9quipe RH | Talentus\",\"isPartOf\":{\"@id\":\"https:\/\/talentus.ontwikkeladres.nl\/fr\/#website\"},\"datePublished\":\"2025-12-17T20:04:57+00:00\",\"dateModified\":\"2026-01-07T18:30:20+00:00\",\"description\":\"Rencontre l'\u00e9quipe des ressources humaines de Talentus. Tu as des questions sur les postes vacants en interne ou sur le travail chez Talentus ? Notre \u00e9quipe est \u00e0 ton service.\",\"breadcrumb\":{\"@id\":\"https:\/\/talentus.ontwikkeladres.nl\/fr\/travailler-a-talentus\/pourquoi-travailler-a-talentus\/equipe-rh\/#breadcrumb\"},\"inLanguage\":\"fr-FR\",\"potentialAction\":[{\"@type\":\"ReadAction\",\"target\":[\"https:\/\/talentus.ontwikkeladres.nl\/fr\/travailler-a-talentus\/pourquoi-travailler-a-talentus\/equipe-rh\/\"]}]},{\"@type\":\"BreadcrumbList\",\"@id\":\"https:\/\/talentus.ontwikkeladres.nl\/fr\/travailler-a-talentus\/pourquoi-travailler-a-talentus\/equipe-rh\/#breadcrumb\",\"itemListElement\":[{\"@type\":\"ListItem\",\"position\":1,\"name\":\"Home\",\"item\":\"https:\/\/talentus.ontwikkeladres.nl\/fr\/\"},{\"@type\":\"ListItem\",\"position\":2,\"name\":\"Travailler \u00e0 Talentus\",\"item\":\"https:\/\/talentus.ontwikkeladres.nl\/fr\/travailler-a-talentus\/\"},{\"@type\":\"ListItem\",\"position\":3,\"name\":\"Pourquoi travailler \u00e0 Talentus ?\",\"item\":\"https:\/\/talentus.ontwikkeladres.nl\/fr\/travailler-a-talentus\/pourquoi-travailler-a-talentus\/\"},{\"@type\":\"ListItem\",\"position\":4,\"name\":\"Notre \u00e9quipe RH\"}]},{\"@type\":\"WebSite\",\"@id\":\"https:\/\/talentus.ontwikkeladres.nl\/fr\/#website\",\"url\":\"https:\/\/talentus.ontwikkeladres.nl\/fr\/\",\"name\":\"Talentus\",\"description\":\"Talentus website\",\"publisher\":{\"@id\":\"https:\/\/talentus.ontwikkeladres.nl\/fr\/#organization\"},\"inLanguage\":\"fr-FR\"},{\"@type\":\"Organization\",\"@id\":\"https:\/\/talentus.ontwikkeladres.nl\/fr\/#organization\",\"name\":\"Talentus\",\"url\":\"https:\/\/talentus.ontwikkeladres.nl\/fr\/\",\"logo\":{\"@type\":\"ImageObject\",\"inLanguage\":\"fr-FR\",\"@id\":\"https:\/\/talentus.ontwikkeladres.nl\/fr\/#\/schema\/logo\/image\/\",\"url\":\"https:\/\/talentus.ontwikkeladres.nl\/wp-content\/uploads\/2025\/12\/Social-share.jpg\",\"contentUrl\":\"https:\/\/talentus.ontwikkeladres.nl\/wp-content\/uploads\/2025\/12\/Social-share.jpg\",\"width\":1200,\"height\":630,\"caption\":\"Talentus\"},\"image\":{\"@id\":\"https:\/\/talentus.ontwikkeladres.nl\/fr\/#\/schema\/logo\/image\/\"},\"sameAs\":[\"https:\/\/www.facebook.com\/Talentus.be\/\",\"https:\/\/www.instagram.com\/talentus.be\/\",\"https:\/\/www.linkedin.com\/company\/talentus\/\"]}]}<\/script>\n<!-- \/ Yoast SEO plugin. -->","yoast_head_json":{"title":"Notre \u00e9quipe RH | Talentus","description":"Rencontre l'\u00e9quipe des ressources humaines de Talentus. Tu as des questions sur les postes vacants en interne ou sur le travail chez Talentus ? Notre \u00e9quipe est \u00e0 ton service.","robots":{"index":"noindex","follow":"follow","max-snippet":"max-snippet:-1","max-image-preview":"max-image-preview:large","max-video-preview":"max-video-preview:-1"},"og_locale":"fr_FR","og_type":"article","og_title":"Notre \u00e9quipe RH | Talentus","og_description":"Rencontre l'\u00e9quipe des ressources humaines de Talentus. Tu as des questions sur les postes vacants en interne ou sur le travail chez Talentus ? Notre \u00e9quipe est \u00e0 ton service.","og_url":"https:\/\/talentus.ontwikkeladres.nl\/fr\/travailler-a-talentus\/pourquoi-travailler-a-talentus\/equipe-rh\/","og_site_name":"Talentus","article_publisher":"https:\/\/www.facebook.com\/Talentus.be\/","article_modified_time":"2026-01-07T18:30:20+00:00","og_image":[{"width":1200,"height":630,"url":"https:\/\/talentus.ontwikkeladres.nl\/wp-content\/uploads\/2025\/12\/Social-share.jpg","type":"image\/jpeg"}],"twitter_card":"summary_large_image","twitter_misc":{"Dur\u00e9e de lecture estim\u00e9e":"2 minutes"},"schema":{"@context":"https:\/\/schema.org","@graph":[{"@type":"WebPage","@id":"https:\/\/talentus.ontwikkeladres.nl\/fr\/travailler-a-talentus\/pourquoi-travailler-a-talentus\/equipe-rh\/","url":"https:\/\/talentus.ontwikkeladres.nl\/fr\/travailler-a-talentus\/pourquoi-travailler-a-talentus\/equipe-rh\/","name":"Notre \u00e9quipe RH | Talentus","isPartOf":{"@id":"https:\/\/talentus.ontwikkeladres.nl\/fr\/#website"},"datePublished":"2025-12-17T20:04:57+00:00","dateModified":"2026-01-07T18:30:20+00:00","description":"Rencontre l'\u00e9quipe des ressources humaines de Talentus. Tu as des questions sur les postes vacants en interne ou sur le travail chez Talentus ? Notre \u00e9quipe est \u00e0 ton service.","breadcrumb":{"@id":"https:\/\/talentus.ontwikkeladres.nl\/fr\/travailler-a-talentus\/pourquoi-travailler-a-talentus\/equipe-rh\/#breadcrumb"},"inLanguage":"fr-FR","potentialAction":[{"@type":"ReadAction","target":["https:\/\/talentus.ontwikkeladres.nl\/fr\/travailler-a-talentus\/pourquoi-travailler-a-talentus\/equipe-rh\/"]}]},{"@type":"BreadcrumbList","@id":"https:\/\/talentus.ontwikkeladres.nl\/fr\/travailler-a-talentus\/pourquoi-travailler-a-talentus\/equipe-rh\/#breadcrumb","itemListElement":[{"@type":"ListItem","position":1,"name":"Home","item":"https:\/\/talentus.ontwikkeladres.nl\/fr\/"},{"@type":"ListItem","position":2,"name":"Travailler \u00e0 Talentus","item":"https:\/\/talentus.ontwikkeladres.nl\/fr\/travailler-a-talentus\/"},{"@type":"ListItem","position":3,"name":"Pourquoi travailler \u00e0 Talentus ?","item":"https:\/\/talentus.ontwikkeladres.nl\/fr\/travailler-a-talentus\/pourquoi-travailler-a-talentus\/"},{"@type":"ListItem","position":4,"name":"Notre \u00e9quipe RH"}]},{"@type":"WebSite","@id":"https:\/\/talentus.ontwikkeladres.nl\/fr\/#website","url":"https:\/\/talentus.ontwikkeladres.nl\/fr\/","name":"Talentus","description":"Talentus website","publisher":{"@id":"https:\/\/talentus.ontwikkeladres.nl\/fr\/#organization"},"inLanguage":"fr-FR"},{"@type":"Organization","@id":"https:\/\/talentus.ontwikkeladres.nl\/fr\/#organization","name":"Talentus","url":"https:\/\/talentus.ontwikkeladres.nl\/fr\/","logo":{"@type":"ImageObject","inLanguage":"fr-FR","@id":"https:\/\/talentus.ontwikkeladres.nl\/fr\/#\/schema\/logo\/image\/","url":"https:\/\/talentus.ontwikkeladres.nl\/wp-content\/uploads\/2025\/12\/Social-share.jpg","contentUrl":"https:\/\/talentus.ontwikkeladres.nl\/wp-content\/uploads\/2025\/12\/Social-share.jpg","width":1200,"height":630,"caption":"Talentus"},"image":{"@id":"https:\/\/talentus.ontwikkeladres.nl\/fr\/#\/schema\/logo\/image\/"},"sameAs":["https:\/\/www.facebook.com\/Talentus.be\/","https:\/\/www.instagram.com\/talentus.be\/","https:\/\/www.linkedin.com\/company\/talentus\/"]}]}},"_links":{"self":[{"href":"https:\/\/talentus.ontwikkeladres.nl\/fr\/wp-json\/wp\/v2\/pages\/14851","targetHints":{"allow":["GET"]}}],"collection":[{"href":"https:\/\/talentus.ontwikkeladres.nl\/fr\/wp-json\/wp\/v2\/pages"}],"about":[{"href":"https:\/\/talentus.ontwikkeladres.nl\/fr\/wp-json\/wp\/v2\/types\/page"}],"author":[{"embeddable":true,"href":"https:\/\/talentus.ontwikkeladres.nl\/fr\/wp-json\/wp\/v2\/users\/2"}],"replies":[{"embeddable":true,"href":"https:\/\/talentus.ontwikkeladres.nl\/fr\/wp-json\/wp\/v2\/comments?post=14851"}],"version-history":[{"count":24,"href":"https:\/\/talentus.ontwikkeladres.nl\/fr\/wp-json\/wp\/v2\/pages\/14851\/revisions"}],"predecessor-version":[{"id":16151,"href":"https:\/\/talentus.ontwikkeladres.nl\/fr\/wp-json\/wp\/v2\/pages\/14851\/revisions\/16151"}],"up":[{"embeddable":true,"href":"https:\/\/talentus.ontwikkeladres.nl\/fr\/wp-json\/wp\/v2\/pages\/14561"}],"wp:attachment":[{"href":"https:\/\/talentus.ontwikkeladres.nl\/fr\/wp-json\/wp\/v2\/media?parent=14851"}],"curies":[{"name":"wp","href":"https:\/\/api.w.org\/{rel}","templated":true}]}}