{"id":14667,"date":"2025-12-05T12:58:54","date_gmt":"2025-12-05T11:58:54","guid":{"rendered":"https:\/\/talentus.ontwikkeladres.nl\/faq\/"},"modified":"2025-12-24T13:31:10","modified_gmt":"2025-12-24T12:31:10","slug":"faq","status":"publish","type":"page","link":"https:\/\/talentus.ontwikkeladres.nl\/fr\/candidats\/faq\/","title":{"rendered":"FAQ"},"content":{"rendered":"<div class=\"wpb-content-wrapper\"><p>[vc_row full_width=\u00a0\u00bbstretch_row\u00a0\u00bb bg_color=\u00a0\u00bbbg_gray_light\u00a0\u00bb css=\u00a0\u00bb.vc_custom_1765192303713{background-color: bg_gray_light !important;}\u00a0\u00bb][vc_column]\n        <div class=\"sd-block-breadcrumb  align-left marginbottom-0px mobile_marginbottom-30px\n        \">\n            <ul id=\"breadcrumbs\" class=\"breadcrumbs\"><\/ul>\n        <\/div>[\/vc_column][\/vc_row][vc_row full_width=\u00a0\u00bbstretch_row\u00a0\u00bb bg_color=\u00a0\u00bbbg_gray_light\u00a0\u00bb css=\u00a0\u00bb.vc_custom_1765192312829{padding-top: 0px !important;padding-bottom: 0px !important;}\u00a0\u00bb][vc_column width=\u00a0\u00bb1\/3&Prime;][\/vc_column][vc_column width=\u00a0\u00bb1\/3&Prime;]\n        <div class=\"sd-block-title \">\n            <h1 class=\"sd-block-title-htag  marginbottom-30px align-center color-dark_gray\n            \"><span> Questions fr\u00e9quemment pos\u00e9es<\/span>\n\t\t\t<\/h1>\n        <\/div>[\/vc_column][vc_column width=\u00a0\u00bb1\/3&Prime;][\/vc_column][\/vc_row][vc_row full_width=\u00a0\u00bbstretch_row\u00a0\u00bb full_height=\u00a0\u00bbyes\u00a0\u00bb equal_height=\u00a0\u00bbyes\u00a0\u00bb content_placement=\u00a0\u00bbmiddle\u00a0\u00bb bg_color=\u00a0\u00bbbg_gray_light\u00a0\u00bb css=\u00a0\u00bb.vc_custom_1765192470153{background-color: bg_gray_light !important;}\u00a0\u00bb][vc_column][vc_row_inner equal_height=\u00a0\u00bbyes\u00a0\u00bb row_inner_color=\u00a0\u00bbwhite\u00a0\u00bb row_inner_padding=\u00a0\u00bb45px\u00a0\u00bb row_inner_margin_bottom=\u00a0\u00bb60px\u00a0\u00bb][vc_column_inner width=\u00a0\u00bb1\/2&Prime; col_color=\u00a0\u00bbwhite\u00a0\u00bb]\n        <a class=\"sd-block-icon  marginbottom-30px align-left inline has-url\"href=\"https:\/\/talentus.ontwikkeladres.nl\/faq\/sollicitaties\/\"\">\n                <?xml version=\"1.0\" encoding=\"UTF-8\"?>\n<svg xmlns=\"http:\/\/www.w3.org\/2000\/svg\" viewBox=\"0 0 480.2 480.1\" width=\"15px\" height=\"15px\">\n  <path d=\"M171.7,38.8C192.5,4,236.7-10,274.2,7.6l7.2,3.8c34.8,20.9,48.8,65.1,31.2,102.6l0,0l-14.1,30h109.7l7.4,0.4 c36.3,3.7,64.6,34.4,64.6,71.6c0,13.2-3.6,25.4-9.8,36c6.1,10.6,9.7,22.8,9.8,36c0,18.3-6.9,34.8-18,47.5c1.3,5.3,2,10.8,2,16.5 c0,25.1-12.9,47-32.2,59.9c-1.9,35.5-29.4,64.2-64.4,67.7l-7.4,0.4H256.1c-18,0-35.9-3.4-52.6-9.9l-7.1-3l-0.7-0.3l-6.6-3.2 l-0.7-0.3l-12.2-6.5c-12.3-6.5-23.3-14.7-32.9-24.1c-4.1,26.9-27.3,47.4-55.3,47.4H56c-30.9,0-56-25.1-56-56L0.2,200 c0-30.9,25.1-56,56-56h32c10.8,0,20.9,3.1,29.5,8.5L167.8,46l0.6-1.2l2.7-5L171.7,38.8L171.7,38.8z M56.2,192c-4.4,0-8,3.6-8,8v224 c0,4.4,3.6,8,8,8h32c4.4,0,8-3.6,8-8V200c0-4.4-3.6-8-8-8H56.2z M253.8,51c-14.8-6.9-32.3-1.6-40.7,12l-2.2,4l-56.8,120.9 c-3.5,7.5-5.5,15.5-6,23.7l-0.1,4.2v112.9l0.2,7.9c2.4,32.7,21.4,62.1,50.7,77.7l11.5,6.1l6.3,3.1c12.4,5.6,25.8,8.5,39.4,8.5h104.1 l2.4-0.1c12.1-1.2,21.6-11.5,21.6-23.9l-0.2-2.6c-0.1-0.9-0.2-1.7-0.4-2.6c-2.7-12.1,4.3-24.2,16-28c9.7-3.1,16.6-12.2,16.6-22.8 c0-4.3-1.1-8.2-3.1-11.8c-6.3-11.1-2.8-25.2,8-32c6.8-4.3,11.2-11.8,11.2-20.2c0-7.1-3.1-13.5-8.2-18c-5.2-4.6-8.2-11.1-8.2-18 c0-6.9,3-13.4,8.2-18c5.1-4.5,8.2-10.9,8.2-18l-0.1-2.4c-1.1-11.3-10.1-20.3-21.4-21.4l-2.4-0.1H260.9c-8.2,0-15.8-4.2-20.2-11.1 s-5-15.7-1.5-23.1l30-64.3c7-15,1.4-32.7-12.5-41L253.8,51z\" fill=\"currentColor\"><\/path>\n<\/svg>\n\n        <\/a>\n        <div class=\"sd-block-title \">\n            <h2 class=\"sd-block-title-htag  marginbottom-30px align-left color-dark_gray font-middle\n            \"><span> Sollicitaties<\/span>\n\t\t\t<\/h2>\n        <\/div>\n        <div class=\"sd-block-text  marginbottom-30px\n        \">\n            <p>Quels sont les emplois propos\u00e9s par Talentus ? Quelle est la proc\u00e9dure de candidature ? Puis-je \u00e9galement poser ma candidature spontan\u00e9e ?<\/p>\n\n        <\/div>\n        <div class=\"sd-block-text  marginbottom-30px\n        \">\n            <p><a href=\"https:\/\/talentus.ontwikkeladres.nl\/fr\/candidats\/faq\/candidatures\/\">Comment se d\u00e9roule le processus de candidature \u00e0 Talentus ?<\/a><br \/>\n<a href=\"https:\/\/talentus.ontwikkeladres.nl\/fr\/candidats\/faq\/candidatures\/\">Quelles sont les \u00e9tapes du recrutement ?<\/a><br \/>\n<a href=\"https:\/\/talentus.ontwikkeladres.nl\/fr\/candidats\/faq\/candidatures\/\">Y a-t-il des \u00e9valuations ou des tests ?<\/a><\/p>\n\n        <\/div>\n        <div class=\"sd-block-button  marginbottom-0px align-left button-type-background\">\n            <a class=\"inner-button\"\n            href=\"https:\/\/talentus.ontwikkeladres.nl\/fr\/candidats\/faq\/candidatures\/\" title=\"Voir toutes les r\u00e9ponses\">\n\t\t\t\t\tVoir toutes les r\u00e9ponses\n\t\t\t\t\t<svg height=\"15px\" width=\"15px\" xmlns=\"http:\/\/www.w3.org\/2000\/svg\" version=\"1.1\" viewBox=\"0 0 15 11.2\"><path fill=\"currentColor\" d=\"M14.7,6.3c.4-.4.4-1,0-1.3L10,.3c-.4-.4-1-.4-1.3,0-.3.4-.4,1,0,1.3l3.1,3.1H.9c-.5,0-.9.4-.9.9s.4.9.9.9h10.9l-3.1,3.1c-.4.4-.4,1,0,1.3s1,.4,1.3,0l4.7-4.7h0Z\"\/><\/svg>\n            <\/a>\n        <\/div>[\/vc_column_inner][vc_column_inner width=\u00a0\u00bb1\/2&Prime; col_color=\u00a0\u00bbwhite\u00a0\u00bb]\n        <a class=\"sd-block-icon  marginbottom-30px align-left inline has-url\"href=\"https:\/\/talentus.ontwikkeladres.nl\/faq\/sollicitaties\/\"\">\n                <?xml version=\"1.0\" encoding=\"UTF-8\"?>\n<svg xmlns=\"http:\/\/www.w3.org\/2000\/svg\" viewBox=\"0 0 512 384\" width=\"15px\" height=\"15px\">\n  <path d=\"M48,0C21.5,0,0,21.5,0,48c0,15.1,7.1,29.3,19.2,38.4l208,156c17.1,12.8,40.5,12.8,57.6,0l208-156 C504.9,77.3,512,63.1,512,48c0-26.5-21.5-48-48-48H48z M0,132v188c0,35.3,28.7,64,64,64h384c35.3,0,64-28.7,64-64V132L313.6,280.8 c-34.1,25.6-81.1,25.6-115.2,0L0,132z\" fill=\"currentColor\"><\/path>\n<\/svg>\n\n        <\/a>\n        <div class=\"sd-block-title \">\n            <h2 class=\"sd-block-title-htag  marginbottom-30px align-left color-dark_gray font-middle\n            \"><span> Contrat<\/span>\n\t\t\t<\/h2>\n        <\/div>\n        <div class=\"sd-block-text  marginbottom-30px\n        \">\n            <p>Questions sur le type de contrat ? Qui sera ton employeur ?<\/p>\n\n        <\/div>\n        <div class=\"sd-block-text  marginbottom-30px\n        \">\n            <p><a href=\"https:\/\/talentus.ontwikkeladres.nl\/fr\/candidats\/faq\/contract\/\">Quel contrat recevrai-je si je suis recrut\u00e9(e) par l&rsquo;interm\u00e9diaire de Talentus ?<\/a><br \/>\n<a href=\"https:\/\/talentus.ontwikkeladres.nl\/fr\/candidats\/faq\/contract\/\">Puis-je trouver un emploi permanent gr\u00e2ce \u00e0 Talentus ?<\/a><br \/>\n<a href=\"https:\/\/talentus.ontwikkeladres.nl\/fr\/candidats\/faq\/contract\/\">Quelle est la dur\u00e9e de mon contrat ?<\/a><\/p>\n\n        <\/div>\n        <div class=\"sd-block-button  marginbottom-0px align-left button-type-background\">\n            <a class=\"inner-button\"\n            href=\"https:\/\/talentus.ontwikkeladres.nl\/fr\/candidats\/faq\/contract\/\" title=\"Voir toutes les r\u00e9ponses\">\n\t\t\t\t\tVoir toutes les r\u00e9ponses\n\t\t\t\t\t<svg height=\"15px\" width=\"15px\" xmlns=\"http:\/\/www.w3.org\/2000\/svg\" version=\"1.1\" viewBox=\"0 0 15 11.2\"><path fill=\"currentColor\" d=\"M14.7,6.3c.4-.4.4-1,0-1.3L10,.3c-.4-.4-1-.4-1.3,0-.3.4-.4,1,0,1.3l3.1,3.1H.9c-.5,0-.9.4-.9.9s.4.9.9.9h10.9l-3.1,3.1c-.4.4-.4,1,0,1.3s1,.4,1.3,0l4.7-4.7h0Z\"\/><\/svg>\n            <\/a>\n        <\/div>[\/vc_column_inner][\/vc_row_inner][vc_row_inner equal_height=\u00a0\u00bbyes\u00a0\u00bb row_inner_color=\u00a0\u00bbwhite\u00a0\u00bb row_inner_padding=\u00a0\u00bb45px\u00a0\u00bb][vc_column_inner width=\u00a0\u00bb1\/2&Prime; col_color=\u00a0\u00bbwhite\u00a0\u00bb responsive_marginbottom=\u00a0\u00bb60px\u00a0\u00bb]\n        <a class=\"sd-block-icon  marginbottom-30px align-left inline has-url\"href=\"https:\/\/talentus.ontwikkeladres.nl\/faq\/sollicitaties\/\"\">\n                <?xml version=\"1.0\" encoding=\"UTF-8\"?>\n<svg xmlns=\"http:\/\/www.w3.org\/2000\/svg\" viewBox=\"0 0 535.9 535.8\" width=\"15px\" height=\"15px\">\n  <path d=\"M180.1,4c-6.7-4.4-15.1-5.2-22.5-2.2c-7.4,3-12.7,9.6-14.2,17.4l-20.9,103.3L19.2,143.3c-7.8,1.6-14.4,7-17.4,14.3 s-2.2,15.8,2.2,22.5l58.2,87.8L4,355.7c-4.4,6.7-5.2,15.1-2.2,22.5c3,7.4,9.6,12.8,17.4,14.3l103.3,20.8l20.9,103.3 c1.6,7.8,7,14.4,14.3,17.4s15.8,2.2,22.5-2.2l87.8-58.2l87.8,58.2c6.7,4.4,15.1,5.2,22.5,2.2c7.4-3,12.8-9.6,14.3-17.4l20.9-103.2 l103.2-20.9c7.8-1.6,14.4-7,17.4-14.3c3-7.3,2.2-15.8-2.2-22.5l-58.2-87.8l58.2-87.8c4.4-6.7,5.2-15.1,2.2-22.5 c-3-7.4-9.6-12.8-17.4-14.3l-103.4-20.8L392.5,19.2c-1.6-7.8-7-14.3-14.4-17.4c-7.4-3.1-15.8-2.2-22.5,2.2l-87.7,58.2L180.1,4z M166.4,147.6l17-83.9l71.3,47.3c8,5.3,18.5,5.3,26.5,0l71.3-47.3l17,83.9c1.9,9.5,9.3,16.8,18.8,18.8l83.9,17l-47.3,71.3 c-5.3,8-5.3,18.5,0,26.5l47.3,71.3l-83.9,17c-9.5,1.9-16.9,9.3-18.8,18.8l-17,83.9l-71.3-47.3c-8-5.3-18.5-5.3-26.5,0l-71.3,47.3 l-17-83.9c-1.9-9.5-9.3-16.9-18.8-18.8l-83.9-17l47.3-71.3c5.3-8,5.3-18.5,0-26.5l-47.3-71.3l83.9-17 C157.1,164.5,164.4,157.1,166.4,147.6z M219.1,267.9c0-26.7,21.7-48.4,48.4-48.4s48.4,21.7,48.4,48.4s-21.7,48.4-48.4,48.4 S219.1,294.6,219.1,267.9z M363.9,267.9c0-53.2-43.2-96.4-96.4-96.4s-96.4,43.2-96.4,96.4s43.2,96.4,96.4,96.4 S363.9,321.1,363.9,267.9z\" fill=\"currentColor\"><\/path>\n<\/svg>\n\n        <\/a>\n        <div class=\"sd-block-title \">\n            <h2 class=\"sd-block-title-htag  marginbottom-30px align-left color-dark_gray font-middle\n            \"><span> Vacances<\/span>\n\t\t\t<\/h2>\n        <\/div>\n        <div class=\"sd-block-text  marginbottom-30px\n        \">\n            <p>Combien de jours de cong\u00e9s sont r\u00e9ellement inscrits sur ton compteur ? As-tu droit \u00e0 des avantages suppl\u00e9mentaires ?<\/p>\n\n        <\/div>\n        <div class=\"sd-block-text  marginbottom-30px\n        \">\n            <p><a href=\"https:\/\/talentus.ontwikkeladres.nl\/fr\/candidats\/faq\/conges\/\">Combien de jours de vacances aurai-je chez mon nouvel employeur ?<\/a><br \/>\n<a href=\"https:\/\/talentus.ontwikkeladres.nl\/fr\/candidats\/faq\/conges\/\">Comment prendre des cong\u00e9s chez mon nouvel employeur ?<\/a><br \/>\n<a href=\"https:\/\/talentus.ontwikkeladres.nl\/fr\/candidats\/faq\/conges\/\">Ai-je droit \u00e0 des avantages suppl\u00e9mentaires tels que le travail \u00e0 domicile, les ch\u00e8ques-repas ou l&rsquo;assurance ?<\/a><\/p>\n\n        <\/div>\n        <div class=\"sd-block-button  marginbottom-0px align-left button-type-background\">\n            <a class=\"inner-button\"\n            href=\"https:\/\/talentus.ontwikkeladres.nl\/fr\/candidats\/faq\/conges\/\" title=\"Voir toutes les r\u00e9ponses\">\n\t\t\t\t\tVoir toutes les r\u00e9ponses\n\t\t\t\t\t<svg height=\"15px\" width=\"15px\" xmlns=\"http:\/\/www.w3.org\/2000\/svg\" version=\"1.1\" viewBox=\"0 0 15 11.2\"><path fill=\"currentColor\" d=\"M14.7,6.3c.4-.4.4-1,0-1.3L10,.3c-.4-.4-1-.4-1.3,0-.3.4-.4,1,0,1.3l3.1,3.1H.9c-.5,0-.9.4-.9.9s.4.9.9.9h10.9l-3.1,3.1c-.4.4-.4,1,0,1.3s1,.4,1.3,0l4.7-4.7h0Z\"\/><\/svg>\n            <\/a>\n        <\/div>[\/vc_column_inner][vc_column_inner width=\u00a0\u00bb1\/2&Prime; col_color=\u00a0\u00bbwhite\u00a0\u00bb]\n        <a class=\"sd-block-icon  marginbottom-30px align-left inline has-url\"href=\"https:\/\/talentus.ontwikkeladres.nl\/faq\/sollicitaties\/\"\">\n                <?xml version=\"1.0\" encoding=\"UTF-8\"?>\n<svg xmlns=\"http:\/\/www.w3.org\/2000\/svg\" viewBox=\"0 0 512 512\" width=\"15px\" height=\"15px\">\n  <path d=\"M256,512C114.6,512,0,397.4,0,256S114.6,0,256,0s256,114.6,256,256S397.4,512,256,512z M256,48C141.1,48,48,141.1,48,256 s93.1,208,208,208s208-93.1,208-208S370.9,48,256,48z M256,352c-53,0-96-43-96-96s43-96,96-96s96,43,96,96S309,352,256,352z\" fill=\"currentColor\"><\/path>\n<\/svg>\n\n        <\/a>\n        <div class=\"sd-block-title \">\n            <h2 class=\"sd-block-title-htag  marginbottom-30px align-left color-dark_gray font-middle\n            \"><span> Emplois \u00e9tudiants<\/span>\n\t\t\t<\/h2>\n        <\/div>\n        <div class=\"sd-block-text  marginbottom-30px\n        \">\n            <p>Tu es encore \u00e0 l&rsquo;\u00e9cole, mais tu as envie d&rsquo;acqu\u00e9rir de l&rsquo;exp\u00e9rience et de gagner un peu d&rsquo;argent ? Tu peux aussi venir chez nous pour un agr\u00e9able job d&rsquo;\u00e9tudiant !<\/p>\n\n        <\/div>\n        <div class=\"sd-block-text  marginbottom-30px\n        \">\n            <p><a href=\"https:\/\/talentus.ontwikkeladres.nl\/fr\/candidats\/faq\/jobs-etudiants\/\">Talentus propose-t-il des emplois pour les \u00e9tudiants ?<\/a><br \/>\n<a href=\"https:\/\/talentus.ontwikkeladres.nl\/fr\/candidats\/faq\/jobs-etudiants\/\">Puis-je travailler en tant qu&rsquo;\u00e9tudiant par l&rsquo;interm\u00e9diaire de Talentus ?<\/a><br \/>\n<a href=\"https:\/\/talentus.ontwikkeladres.nl\/fr\/candidats\/faq\/jobs-etudiants\/\">Combien d&rsquo;heures puis-je travailler en tant qu&rsquo;\u00e9tudiant ?<\/a><\/p>\n\n        <\/div>\n        <div class=\"sd-block-button  marginbottom-0px align-left button-type-background\">\n            <a class=\"inner-button\"\n            href=\"https:\/\/talentus.ontwikkeladres.nl\/fr\/candidats\/faq\/jobs-etudiants\/\" title=\"Voir toutes les r\u00e9ponses\">\n\t\t\t\t\tVoir toutes les r\u00e9ponses\n\t\t\t\t\t<svg height=\"15px\" width=\"15px\" xmlns=\"http:\/\/www.w3.org\/2000\/svg\" version=\"1.1\" viewBox=\"0 0 15 11.2\"><path fill=\"currentColor\" d=\"M14.7,6.3c.4-.4.4-1,0-1.3L10,.3c-.4-.4-1-.4-1.3,0-.3.4-.4,1,0,1.3l3.1,3.1H.9c-.5,0-.9.4-.9.9s.4.9.9.9h10.9l-3.1,3.1c-.4.4-.4,1,0,1.3s1,.4,1.3,0l4.7-4.7h0Z\"\/><\/svg>\n            <\/a>\n        <\/div>[\/vc_column_inner][\/vc_row_inner][\/vc_column][\/vc_row]<\/p>\n<\/div>","protected":false},"excerpt":{"rendered":"<p>[vc_row full_width=\u00a0\u00bbstretch_row\u00a0\u00bb bg_color=\u00a0\u00bbbg_gray_light\u00a0\u00bb css=\u00a0\u00bb.vc_custom_1765192303713{background-color: bg_gray_light !important;}\u00a0\u00bb][vc_column][\/vc_column][\/vc_row][vc_row full_width=\u00a0\u00bbstretch_row\u00a0\u00bb bg_color=\u00a0\u00bbbg_gray_light\u00a0\u00bb css=\u00a0\u00bb.vc_custom_1765192312829{padding-top: 0px !important;padding-bottom: 0px !important;}\u00a0\u00bb][vc_column width=\u00a0\u00bb1\/3&Prime;][\/vc_column][vc_column width=\u00a0\u00bb1\/3&Prime;][\/vc_column][vc_column width=\u00a0\u00bb1\/3&Prime;][\/vc_column][\/vc_row][vc_row full_width=\u00a0\u00bbstretch_row\u00a0\u00bb full_height=\u00a0\u00bbyes\u00a0\u00bb equal_height=\u00a0\u00bbyes\u00a0\u00bb content_placement=\u00a0\u00bbmiddle\u00a0\u00bb bg_color=\u00a0\u00bbbg_gray_light\u00a0\u00bb css=\u00a0\u00bb.vc_custom_1765192470153{background-color: bg_gray_light !important;}\u00a0\u00bb][vc_column][vc_row_inner equal_height=\u00a0\u00bbyes\u00a0\u00bb row_inner_color=\u00a0\u00bbwhite\u00a0\u00bb row_inner_padding=\u00a0\u00bb45px\u00a0\u00bb row_inner_margin_bottom=\u00a0\u00bb60px\u00a0\u00bb][vc_column_inner width=\u00a0\u00bb1\/2&Prime; col_color=\u00a0\u00bbwhite\u00a0\u00bb][\/vc_column_inner][vc_column_inner width=\u00a0\u00bb1\/2&Prime; col_color=\u00a0\u00bbwhite\u00a0\u00bb][\/vc_column_inner][\/vc_row_inner][vc_row_inner equal_height=\u00a0\u00bbyes\u00a0\u00bb row_inner_color=\u00a0\u00bbwhite\u00a0\u00bb row_inner_padding=\u00a0\u00bb45px\u00a0\u00bb][vc_column_inner width=\u00a0\u00bb1\/2&Prime; col_color=\u00a0\u00bbwhite\u00a0\u00bb responsive_marginbottom=\u00a0\u00bb60px\u00a0\u00bb][\/vc_column_inner][vc_column_inner width=\u00a0\u00bb1\/2&Prime; col_color=\u00a0\u00bbwhite\u00a0\u00bb][\/vc_column_inner][\/vc_row_inner][\/vc_column][\/vc_row]<\/p>\n","protected":false},"author":1,"featured_media":0,"parent":14316,"menu_order":0,"comment_status":"closed","ping_status":"closed","template":"","meta":{"_acf_changed":false,"footnotes":""},"class_list":["post-14667","page","type-page","status-publish","hentry"],"acf":[],"yoast_head":"<!-- This site is optimized with the Yoast SEO plugin v26.8-RC7 - https:\/\/yoast.com\/product\/yoast-seo-wordpress\/ -->\n<title>FAQ | Talentus<\/title>\n<meta name=\"robots\" content=\"noindex, follow, max-snippet:-1, max-image-preview:large, max-video-preview:-1\" \/>\n<meta property=\"og:locale\" content=\"fr_FR\" \/>\n<meta property=\"og:type\" content=\"article\" \/>\n<meta property=\"og:title\" content=\"FAQ | Talentus\" \/>\n<meta property=\"og:description\" content=\"[vc_row full_width=\u00a0\u00bbstretch_row\u00a0\u00bb bg_color=\u00a0\u00bbbg_gray_light\u00a0\u00bb css=\u00a0\u00bb.vc_custom_1765192303713{background-color: bg_gray_light !important;}\u00a0\u00bb][vc_column][\/vc_column][\/vc_row][vc_row full_width=\u00a0\u00bbstretch_row\u00a0\u00bb bg_color=\u00a0\u00bbbg_gray_light\u00a0\u00bb css=\u00a0\u00bb.vc_custom_1765192312829{padding-top: 0px !important;padding-bottom: 0px !important;}\u00a0\u00bb][vc_column width=\u00a0\u00bb1\/3&Prime;][\/vc_column][vc_column width=\u00a0\u00bb1\/3&Prime;][\/vc_column][vc_column width=\u00a0\u00bb1\/3&Prime;][\/vc_column][\/vc_row][vc_row full_width=\u00a0\u00bbstretch_row\u00a0\u00bb full_height=\u00a0\u00bbyes\u00a0\u00bb equal_height=\u00a0\u00bbyes\u00a0\u00bb content_placement=\u00a0\u00bbmiddle\u00a0\u00bb bg_color=\u00a0\u00bbbg_gray_light\u00a0\u00bb css=\u00a0\u00bb.vc_custom_1765192470153{background-color: bg_gray_light !important;}\u00a0\u00bb][vc_column][vc_row_inner equal_height=\u00a0\u00bbyes\u00a0\u00bb row_inner_color=\u00a0\u00bbwhite\u00a0\u00bb row_inner_padding=\u00a0\u00bb45px\u00a0\u00bb row_inner_margin_bottom=\u00a0\u00bb60px\u00a0\u00bb][vc_column_inner width=\u00a0\u00bb1\/2&Prime; col_color=\u00a0\u00bbwhite\u00a0\u00bb][\/vc_column_inner][vc_column_inner width=\u00a0\u00bb1\/2&Prime; col_color=\u00a0\u00bbwhite\u00a0\u00bb][\/vc_column_inner][\/vc_row_inner][vc_row_inner equal_height=\u00a0\u00bbyes\u00a0\u00bb row_inner_color=\u00a0\u00bbwhite\u00a0\u00bb row_inner_padding=\u00a0\u00bb45px\u00a0\u00bb][vc_column_inner width=\u00a0\u00bb1\/2&Prime; col_color=\u00a0\u00bbwhite\u00a0\u00bb responsive_marginbottom=\u00a0\u00bb60px\u00a0\u00bb][\/vc_column_inner][vc_column_inner width=\u00a0\u00bb1\/2&Prime; col_color=\u00a0\u00bbwhite\u00a0\u00bb][\/vc_column_inner][\/vc_row_inner][\/vc_column][\/vc_row]\" \/>\n<meta property=\"og:url\" content=\"https:\/\/talentus.ontwikkeladres.nl\/fr\/candidats\/faq\/\" \/>\n<meta property=\"og:site_name\" content=\"Talentus\" \/>\n<meta property=\"article:publisher\" content=\"https:\/\/www.facebook.com\/Talentus.be\/\" \/>\n<meta property=\"article:modified_time\" content=\"2025-12-24T12:31:10+00:00\" \/>\n<meta property=\"og:image\" content=\"https:\/\/talentus.ontwikkeladres.nl\/wp-content\/uploads\/2025\/12\/Social-share.jpg\" \/>\n\t<meta property=\"og:image:width\" content=\"1200\" \/>\n\t<meta property=\"og:image:height\" content=\"630\" \/>\n\t<meta property=\"og:image:type\" content=\"image\/jpeg\" \/>\n<meta name=\"twitter:card\" content=\"summary_large_image\" \/>\n<meta name=\"twitter:label1\" content=\"Dur\u00e9e de lecture estim\u00e9e\" \/>\n\t<meta name=\"twitter:data1\" content=\"2 minutes\" \/>\n<script type=\"application\/ld+json\" class=\"yoast-schema-graph\">{\"@context\":\"https:\/\/schema.org\",\"@graph\":[{\"@type\":\"WebPage\",\"@id\":\"https:\/\/talentus.ontwikkeladres.nl\/fr\/candidats\/faq\/\",\"url\":\"https:\/\/talentus.ontwikkeladres.nl\/fr\/candidats\/faq\/\",\"name\":\"FAQ | Talentus\",\"isPartOf\":{\"@id\":\"https:\/\/talentus.ontwikkeladres.nl\/fr\/#website\"},\"datePublished\":\"2025-12-05T11:58:54+00:00\",\"dateModified\":\"2025-12-24T12:31:10+00:00\",\"breadcrumb\":{\"@id\":\"https:\/\/talentus.ontwikkeladres.nl\/fr\/candidats\/faq\/#breadcrumb\"},\"inLanguage\":\"fr-FR\",\"potentialAction\":[{\"@type\":\"ReadAction\",\"target\":[\"https:\/\/talentus.ontwikkeladres.nl\/fr\/candidats\/faq\/\"]}]},{\"@type\":\"BreadcrumbList\",\"@id\":\"https:\/\/talentus.ontwikkeladres.nl\/fr\/candidats\/faq\/#breadcrumb\",\"itemListElement\":[{\"@type\":\"ListItem\",\"position\":1,\"name\":\"Home\",\"item\":\"https:\/\/talentus.ontwikkeladres.nl\/fr\/\"},{\"@type\":\"ListItem\",\"position\":2,\"name\":\"Les candidats\",\"item\":\"https:\/\/talentus.ontwikkeladres.nl\/fr\/\"},{\"@type\":\"ListItem\",\"position\":3,\"name\":\"FAQ\"}]},{\"@type\":\"WebSite\",\"@id\":\"https:\/\/talentus.ontwikkeladres.nl\/fr\/#website\",\"url\":\"https:\/\/talentus.ontwikkeladres.nl\/fr\/\",\"name\":\"Talentus\",\"description\":\"Talentus website\",\"publisher\":{\"@id\":\"https:\/\/talentus.ontwikkeladres.nl\/fr\/#organization\"},\"inLanguage\":\"fr-FR\"},{\"@type\":\"Organization\",\"@id\":\"https:\/\/talentus.ontwikkeladres.nl\/fr\/#organization\",\"name\":\"Talentus\",\"url\":\"https:\/\/talentus.ontwikkeladres.nl\/fr\/\",\"logo\":{\"@type\":\"ImageObject\",\"inLanguage\":\"fr-FR\",\"@id\":\"https:\/\/talentus.ontwikkeladres.nl\/fr\/#\/schema\/logo\/image\/\",\"url\":\"https:\/\/talentus.ontwikkeladres.nl\/wp-content\/uploads\/2025\/12\/Social-share.jpg\",\"contentUrl\":\"https:\/\/talentus.ontwikkeladres.nl\/wp-content\/uploads\/2025\/12\/Social-share.jpg\",\"width\":1200,\"height\":630,\"caption\":\"Talentus\"},\"image\":{\"@id\":\"https:\/\/talentus.ontwikkeladres.nl\/fr\/#\/schema\/logo\/image\/\"},\"sameAs\":[\"https:\/\/www.facebook.com\/Talentus.be\/\",\"https:\/\/www.instagram.com\/talentus.be\/\",\"https:\/\/www.linkedin.com\/company\/talentus\/\"]}]}<\/script>\n<!-- \/ Yoast SEO plugin. -->","yoast_head_json":{"title":"FAQ | Talentus","robots":{"index":"noindex","follow":"follow","max-snippet":"max-snippet:-1","max-image-preview":"max-image-preview:large","max-video-preview":"max-video-preview:-1"},"og_locale":"fr_FR","og_type":"article","og_title":"FAQ | Talentus","og_description":"[vc_row full_width=\u00a0\u00bbstretch_row\u00a0\u00bb bg_color=\u00a0\u00bbbg_gray_light\u00a0\u00bb css=\u00a0\u00bb.vc_custom_1765192303713{background-color: bg_gray_light !important;}\u00a0\u00bb][vc_column][\/vc_column][\/vc_row][vc_row full_width=\u00a0\u00bbstretch_row\u00a0\u00bb bg_color=\u00a0\u00bbbg_gray_light\u00a0\u00bb css=\u00a0\u00bb.vc_custom_1765192312829{padding-top: 0px !important;padding-bottom: 0px !important;}\u00a0\u00bb][vc_column width=\u00a0\u00bb1\/3&Prime;][\/vc_column][vc_column width=\u00a0\u00bb1\/3&Prime;][\/vc_column][vc_column width=\u00a0\u00bb1\/3&Prime;][\/vc_column][\/vc_row][vc_row full_width=\u00a0\u00bbstretch_row\u00a0\u00bb full_height=\u00a0\u00bbyes\u00a0\u00bb equal_height=\u00a0\u00bbyes\u00a0\u00bb content_placement=\u00a0\u00bbmiddle\u00a0\u00bb bg_color=\u00a0\u00bbbg_gray_light\u00a0\u00bb css=\u00a0\u00bb.vc_custom_1765192470153{background-color: bg_gray_light !important;}\u00a0\u00bb][vc_column][vc_row_inner equal_height=\u00a0\u00bbyes\u00a0\u00bb row_inner_color=\u00a0\u00bbwhite\u00a0\u00bb row_inner_padding=\u00a0\u00bb45px\u00a0\u00bb row_inner_margin_bottom=\u00a0\u00bb60px\u00a0\u00bb][vc_column_inner width=\u00a0\u00bb1\/2&Prime; col_color=\u00a0\u00bbwhite\u00a0\u00bb][\/vc_column_inner][vc_column_inner width=\u00a0\u00bb1\/2&Prime; col_color=\u00a0\u00bbwhite\u00a0\u00bb][\/vc_column_inner][\/vc_row_inner][vc_row_inner equal_height=\u00a0\u00bbyes\u00a0\u00bb row_inner_color=\u00a0\u00bbwhite\u00a0\u00bb row_inner_padding=\u00a0\u00bb45px\u00a0\u00bb][vc_column_inner width=\u00a0\u00bb1\/2&Prime; col_color=\u00a0\u00bbwhite\u00a0\u00bb responsive_marginbottom=\u00a0\u00bb60px\u00a0\u00bb][\/vc_column_inner][vc_column_inner width=\u00a0\u00bb1\/2&Prime; col_color=\u00a0\u00bbwhite\u00a0\u00bb][\/vc_column_inner][\/vc_row_inner][\/vc_column][\/vc_row]","og_url":"https:\/\/talentus.ontwikkeladres.nl\/fr\/candidats\/faq\/","og_site_name":"Talentus","article_publisher":"https:\/\/www.facebook.com\/Talentus.be\/","article_modified_time":"2025-12-24T12:31:10+00:00","og_image":[{"width":1200,"height":630,"url":"https:\/\/talentus.ontwikkeladres.nl\/wp-content\/uploads\/2025\/12\/Social-share.jpg","type":"image\/jpeg"}],"twitter_card":"summary_large_image","twitter_misc":{"Dur\u00e9e de lecture estim\u00e9e":"2 minutes"},"schema":{"@context":"https:\/\/schema.org","@graph":[{"@type":"WebPage","@id":"https:\/\/talentus.ontwikkeladres.nl\/fr\/candidats\/faq\/","url":"https:\/\/talentus.ontwikkeladres.nl\/fr\/candidats\/faq\/","name":"FAQ | Talentus","isPartOf":{"@id":"https:\/\/talentus.ontwikkeladres.nl\/fr\/#website"},"datePublished":"2025-12-05T11:58:54+00:00","dateModified":"2025-12-24T12:31:10+00:00","breadcrumb":{"@id":"https:\/\/talentus.ontwikkeladres.nl\/fr\/candidats\/faq\/#breadcrumb"},"inLanguage":"fr-FR","potentialAction":[{"@type":"ReadAction","target":["https:\/\/talentus.ontwikkeladres.nl\/fr\/candidats\/faq\/"]}]},{"@type":"BreadcrumbList","@id":"https:\/\/talentus.ontwikkeladres.nl\/fr\/candidats\/faq\/#breadcrumb","itemListElement":[{"@type":"ListItem","position":1,"name":"Home","item":"https:\/\/talentus.ontwikkeladres.nl\/fr\/"},{"@type":"ListItem","position":2,"name":"Les candidats","item":"https:\/\/talentus.ontwikkeladres.nl\/fr\/"},{"@type":"ListItem","position":3,"name":"FAQ"}]},{"@type":"WebSite","@id":"https:\/\/talentus.ontwikkeladres.nl\/fr\/#website","url":"https:\/\/talentus.ontwikkeladres.nl\/fr\/","name":"Talentus","description":"Talentus website","publisher":{"@id":"https:\/\/talentus.ontwikkeladres.nl\/fr\/#organization"},"inLanguage":"fr-FR"},{"@type":"Organization","@id":"https:\/\/talentus.ontwikkeladres.nl\/fr\/#organization","name":"Talentus","url":"https:\/\/talentus.ontwikkeladres.nl\/fr\/","logo":{"@type":"ImageObject","inLanguage":"fr-FR","@id":"https:\/\/talentus.ontwikkeladres.nl\/fr\/#\/schema\/logo\/image\/","url":"https:\/\/talentus.ontwikkeladres.nl\/wp-content\/uploads\/2025\/12\/Social-share.jpg","contentUrl":"https:\/\/talentus.ontwikkeladres.nl\/wp-content\/uploads\/2025\/12\/Social-share.jpg","width":1200,"height":630,"caption":"Talentus"},"image":{"@id":"https:\/\/talentus.ontwikkeladres.nl\/fr\/#\/schema\/logo\/image\/"},"sameAs":["https:\/\/www.facebook.com\/Talentus.be\/","https:\/\/www.instagram.com\/talentus.be\/","https:\/\/www.linkedin.com\/company\/talentus\/"]}]}},"_links":{"self":[{"href":"https:\/\/talentus.ontwikkeladres.nl\/fr\/wp-json\/wp\/v2\/pages\/14667","targetHints":{"allow":["GET"]}}],"collection":[{"href":"https:\/\/talentus.ontwikkeladres.nl\/fr\/wp-json\/wp\/v2\/pages"}],"about":[{"href":"https:\/\/talentus.ontwikkeladres.nl\/fr\/wp-json\/wp\/v2\/types\/page"}],"author":[{"embeddable":true,"href":"https:\/\/talentus.ontwikkeladres.nl\/fr\/wp-json\/wp\/v2\/users\/1"}],"replies":[{"embeddable":true,"href":"https:\/\/talentus.ontwikkeladres.nl\/fr\/wp-json\/wp\/v2\/comments?post=14667"}],"version-history":[{"count":28,"href":"https:\/\/talentus.ontwikkeladres.nl\/fr\/wp-json\/wp\/v2\/pages\/14667\/revisions"}],"predecessor-version":[{"id":15888,"href":"https:\/\/talentus.ontwikkeladres.nl\/fr\/wp-json\/wp\/v2\/pages\/14667\/revisions\/15888"}],"up":[{"embeddable":true,"href":"https:\/\/talentus.ontwikkeladres.nl\/fr\/wp-json\/wp\/v2\/pages\/14316"}],"wp:attachment":[{"href":"https:\/\/talentus.ontwikkeladres.nl\/fr\/wp-json\/wp\/v2\/media?parent=14667"}],"curies":[{"name":"wp","href":"https:\/\/api.w.org\/{rel}","templated":true}]}}