{"id":14658,"date":"2025-12-08T11:57:53","date_gmt":"2025-12-08T10:57:53","guid":{"rendered":"https:\/\/talentus.ontwikkeladres.nl\/vakantie\/"},"modified":"2025-12-18T17:27:00","modified_gmt":"2025-12-18T16:27:00","slug":"conges","status":"publish","type":"page","link":"https:\/\/talentus.ontwikkeladres.nl\/fr\/candidats\/faq\/conges\/","title":{"rendered":"Vacances"},"content":{"rendered":"<div class=\"wpb-content-wrapper\"><p>[vc_row full_width=\u00a0\u00bbstretch_row\u00a0\u00bb content_placement=\u00a0\u00bbbottom\u00a0\u00bb row_height=\u00a0\u00bbrow_400px\u00a0\u00bb bg_color=\u00a0\u00bbbg_gray_light\u00a0\u00bb css=\u00a0\u00bb.vc_custom_1765204811099{background-color: bg_green !important;}\u00a0\u00bb][vc_column]\n        <div class=\"sd-block-breadcrumb  align-left marginbottom-30px\n        \">\n            <ul id=\"breadcrumbs\" class=\"breadcrumbs\"><\/ul>\n        <\/div>\n        <div class=\"sd-block-title \">\n            <h1 class=\"sd-block-title-htag  marginbottom-0px align-left color-white\n            \"><span> Vacances<\/span>\n\t\t\t<\/h1>\n        <\/div>[\/vc_column][\/vc_row][vc_row full_width=\u00a0\u00bbstretch_row\u00a0\u00bb bg_color=\u00a0\u00bbbg_white\u00a0\u00bb row_divider=\u00a0\u00bbsvg_white\u00a0\u00bb css=\u00a0\u00bb.vc_custom_1765204816220{background-color: bg_gray !important;}\u00a0\u00bb][vc_column]\n            <div class=\"sd-tabs vertical\">\n                <div class=\"sd-tabs-title-container\">\n                    \n                            <div class=\"sd-tabs-title active title-0\">\n                                \n        <div class=\"sd-block-title \">\n            <h3 class=\"sd-block-title-htag  marginbottom-0px align-left color-mint font-middle\n            \"><span> \u00bbVacances<\/span>\n\t\t\t<\/h3>\n        <\/div>\n                            <\/div>\n                        \n                <\/div>\n                <div class=\"sd-tabs-content-container\">\n                            <div class=\"sd-tabs-content active content-0\">\n                                \n        <div class=\"sd-block-title \">\n            <h2 class=\"sd-block-title-htag  marginbottom-45px align-left color-white font-middle\n            \"><span> Vacances<\/span>\n\t\t\t<\/h2>\n        <\/div>\n        <div class=\"sd-block-faq  marginbottom-30px\">\n            <div class=\"faq-inner opened\">\n                <div class=\"faq-title\">\n                    \n        <div class=\"sd-block-title \">\n            <h3 class=\"sd-block-title-htag  marginbottom-0px align-left color-black font-small\n            \"><span> Combien de jours de vacances aurai-je chez mon nouvel employeur ?<\/span>\n\t\t\t<\/h3>\n        <\/div>\n                    <div class=\"icon-container\">\n\t\t\t\t<\/div>\n                <\/div>\n                <div class=\"faq-content\">\n                    \n        <div class=\"sd-block-text  marginbottom-0px\n        \">\n            <p>Le nombre de jours de vacances dont tu b\u00e9n\u00e9ficieras d\u00e9pendra du secteur et de la r\u00e9glementation du travail de l&rsquo;entreprise o\u00f9 tu es recrut\u00e9. Pendant le processus de candidature, Talentus te donnera toujours un aper\u00e7u clair de : <\/p>\n<ul>\n<li>vacances,<\/li>\n<li>ADV jours,<\/li>\n<li>programme de vacances,<\/li>\n<li>d&rsquo;\u00e9ventuels jours de cong\u00e9 ou avantages suppl\u00e9mentaires.<\/li>\n<\/ul>\n\n        <\/div>\n                <\/div>\n            <\/div>\n        <\/div>\n        <div class=\"sd-block-faq  marginbottom-30px\">\n            <div class=\"faq-inner \">\n                <div class=\"faq-title\">\n                    \n        <div class=\"sd-block-title \">\n            <h3 class=\"sd-block-title-htag  marginbottom-0px align-left color-black font-small\n            \"><span> Comment prendre des cong\u00e9s chez mon nouvel employeur ?<\/span>\n\t\t\t<\/h3>\n        <\/div>\n                    <div class=\"icon-container\">\n\t\t\t\t<\/div>\n                <\/div>\n                <div class=\"faq-content\">\n                    \n        <div class=\"sd-block-text  marginbottom-0px\n        \">\n            <p>Chaque employeur a ses propres dispositions en mati\u00e8re de planification des cong\u00e9s. Elles te seront donn\u00e9es lors de ta mise en route : <\/p>\n<ul>\n<li>Une explication du d\u00e9partement des ressources humaines,<\/li>\n<li>l&rsquo;acc\u00e8s au syst\u00e8me de cong\u00e9 (num\u00e9riquement ou par le biais de formulaires),<\/li>\n<li>info sur les d\u00e9lais et les proc\u00e9dures internes.<\/li>\n<\/ul>\n<p>Talentus veille \u00e0 ce que tu aies une id\u00e9e claire \u00e0 l&rsquo;avance.<\/p>\n\n        <\/div>\n                <\/div>\n            <\/div>\n        <\/div>\n        <div class=\"sd-block-faq  marginbottom-30px\">\n            <div class=\"faq-inner \">\n                <div class=\"faq-title\">\n                    \n        <div class=\"sd-block-title \">\n            <h3 class=\"sd-block-title-htag  marginbottom-0px align-left color-black font-small\n            \"><span> Ai-je droit \u00e0 des avantages suppl\u00e9mentaires tels que le travail \u00e0 domicile, les ch\u00e8ques-repas ou l&#039;assurance ?<\/span>\n\t\t\t<\/h3>\n        <\/div>\n                    <div class=\"icon-container\">\n\t\t\t\t<\/div>\n                <\/div>\n                <div class=\"faq-content\">\n                    \n        <div class=\"sd-block-text  marginbottom-0px\n        \">\n            <p>Oui, de nombreuses entreprises offrent des avantages sociaux tels que des ch\u00e8ques-repas, des journ\u00e9es de travail \u00e0 domicile, une assurance hospitalisation&#8230;<br \/>Talentus te donnera tous les d\u00e9tails lors de la candidature afin que tu saches exactement \u00e0 quoi t&rsquo;attendre.<\/p>\n\n        <\/div>\n                <\/div>\n            <\/div>\n        <\/div>\n                            <\/div>\n                        \n                <\/div>\n            <\/div>\n        [vc_row_inner content_placement=\u00a0\u00bbmiddle\u00a0\u00bb][vc_column_inner width=\u00a0\u00bb1\/12&Prime;][\/vc_column_inner][vc_column_inner width=\u00a0\u00bb10\/12&Prime;]\n        <div class=\"sd-block-text  marginbottom-30px\n        \">\n            <p style=\"text-align: center;\">Cela ne r\u00e9pond-il pas \u00e0 ta question ?  <a href=\"https:\/\/talentus.ontwikkeladres.nl\/fr\/contact\/\">Contact<\/a><\/p>\n\n        <\/div>[\/vc_column_inner][vc_column_inner width=\u00a0\u00bb1\/12&Prime;][\/vc_column_inner][\/vc_row_inner][\/vc_column][\/vc_row]<\/p>\n<\/div>","protected":false},"excerpt":{"rendered":"<p>[vc_row full_width=\u00a0\u00bbstretch_row\u00a0\u00bb content_placement=\u00a0\u00bbbottom\u00a0\u00bb row_height=\u00a0\u00bbrow_400px\u00a0\u00bb bg_color=\u00a0\u00bbbg_gray_light\u00a0\u00bb css=\u00a0\u00bb.vc_custom_1765204811099{background-color: bg_green !important;}\u00a0\u00bb][vc_column][\/vc_column][\/vc_row][vc_row full_width=\u00a0\u00bbstretch_row\u00a0\u00bb bg_color=\u00a0\u00bbbg_white\u00a0\u00bb row_divider=\u00a0\u00bbsvg_white\u00a0\u00bb css=\u00a0\u00bb.vc_custom_1765204816220{background-color: bg_gray !important;}\u00a0\u00bb][vc_column][vc_row_inner content_placement=\u00a0\u00bbmiddle\u00a0\u00bb][vc_column_inner width=\u00a0\u00bb1\/12&Prime;][\/vc_column_inner][vc_column_inner width=\u00a0\u00bb10\/12&Prime;][\/vc_column_inner][vc_column_inner width=\u00a0\u00bb1\/12&Prime;][\/vc_column_inner][\/vc_row_inner][\/vc_column][\/vc_row]<\/p>\n","protected":false},"author":1,"featured_media":0,"parent":14667,"menu_order":0,"comment_status":"closed","ping_status":"closed","template":"","meta":{"_acf_changed":false,"footnotes":""},"class_list":["post-14658","page","type-page","status-publish","hentry"],"acf":[],"yoast_head":"<!-- This site is optimized with the Yoast SEO plugin v26.8-RC7 - https:\/\/yoast.com\/product\/yoast-seo-wordpress\/ -->\n<title>Vacances | Talentus<\/title>\n<meta name=\"robots\" content=\"noindex, follow, max-snippet:-1, max-image-preview:large, max-video-preview:-1\" \/>\n<meta property=\"og:locale\" content=\"fr_FR\" \/>\n<meta property=\"og:type\" content=\"article\" \/>\n<meta property=\"og:title\" content=\"Vacances | Talentus\" \/>\n<meta property=\"og:description\" content=\"[vc_row full_width=\u00a0\u00bbstretch_row\u00a0\u00bb content_placement=\u00a0\u00bbbottom\u00a0\u00bb row_height=\u00a0\u00bbrow_400px\u00a0\u00bb bg_color=\u00a0\u00bbbg_gray_light\u00a0\u00bb css=\u00a0\u00bb.vc_custom_1765204811099{background-color: bg_green !important;}\u00a0\u00bb][vc_column][\/vc_column][\/vc_row][vc_row full_width=\u00a0\u00bbstretch_row\u00a0\u00bb bg_color=\u00a0\u00bbbg_white\u00a0\u00bb row_divider=\u00a0\u00bbsvg_white\u00a0\u00bb css=\u00a0\u00bb.vc_custom_1765204816220{background-color: bg_gray !important;}\u00a0\u00bb][vc_column][vc_row_inner content_placement=\u00a0\u00bbmiddle\u00a0\u00bb][vc_column_inner width=\u00a0\u00bb1\/12&Prime;][\/vc_column_inner][vc_column_inner width=\u00a0\u00bb10\/12&Prime;][\/vc_column_inner][vc_column_inner width=\u00a0\u00bb1\/12&Prime;][\/vc_column_inner][\/vc_row_inner][\/vc_column][\/vc_row]\" \/>\n<meta property=\"og:url\" content=\"https:\/\/talentus.ontwikkeladres.nl\/fr\/candidats\/faq\/conges\/\" \/>\n<meta property=\"og:site_name\" content=\"Talentus\" \/>\n<meta property=\"article:publisher\" content=\"https:\/\/www.facebook.com\/Talentus.be\/\" \/>\n<meta property=\"article:modified_time\" content=\"2025-12-18T16:27:00+00:00\" \/>\n<meta property=\"og:image\" content=\"https:\/\/talentus.ontwikkeladres.nl\/wp-content\/uploads\/2025\/12\/Social-share.jpg\" \/>\n\t<meta property=\"og:image:width\" content=\"1200\" \/>\n\t<meta property=\"og:image:height\" content=\"630\" \/>\n\t<meta property=\"og:image:type\" content=\"image\/jpeg\" \/>\n<meta name=\"twitter:card\" content=\"summary_large_image\" \/>\n<meta name=\"twitter:label1\" content=\"Dur\u00e9e de lecture estim\u00e9e\" \/>\n\t<meta name=\"twitter:data1\" content=\"1 minute\" \/>\n<script type=\"application\/ld+json\" class=\"yoast-schema-graph\">{\"@context\":\"https:\/\/schema.org\",\"@graph\":[{\"@type\":\"WebPage\",\"@id\":\"https:\/\/talentus.ontwikkeladres.nl\/fr\/candidats\/faq\/conges\/\",\"url\":\"https:\/\/talentus.ontwikkeladres.nl\/fr\/candidats\/faq\/conges\/\",\"name\":\"Vacances | Talentus\",\"isPartOf\":{\"@id\":\"https:\/\/talentus.ontwikkeladres.nl\/fr\/#website\"},\"datePublished\":\"2025-12-08T10:57:53+00:00\",\"dateModified\":\"2025-12-18T16:27:00+00:00\",\"breadcrumb\":{\"@id\":\"https:\/\/talentus.ontwikkeladres.nl\/fr\/candidats\/faq\/conges\/#breadcrumb\"},\"inLanguage\":\"fr-FR\",\"potentialAction\":[{\"@type\":\"ReadAction\",\"target\":[\"https:\/\/talentus.ontwikkeladres.nl\/fr\/candidats\/faq\/conges\/\"]}]},{\"@type\":\"BreadcrumbList\",\"@id\":\"https:\/\/talentus.ontwikkeladres.nl\/fr\/candidats\/faq\/conges\/#breadcrumb\",\"itemListElement\":[{\"@type\":\"ListItem\",\"position\":1,\"name\":\"Home\",\"item\":\"https:\/\/talentus.ontwikkeladres.nl\/fr\/\"},{\"@type\":\"ListItem\",\"position\":2,\"name\":\"Les candidats\",\"item\":\"https:\/\/talentus.ontwikkeladres.nl\/fr\/\"},{\"@type\":\"ListItem\",\"position\":3,\"name\":\"FAQ\",\"item\":\"https:\/\/talentus.ontwikkeladres.nl\/fr\/candidats\/faq\/\"},{\"@type\":\"ListItem\",\"position\":4,\"name\":\"Vacances\"}]},{\"@type\":\"WebSite\",\"@id\":\"https:\/\/talentus.ontwikkeladres.nl\/fr\/#website\",\"url\":\"https:\/\/talentus.ontwikkeladres.nl\/fr\/\",\"name\":\"Talentus\",\"description\":\"Talentus website\",\"publisher\":{\"@id\":\"https:\/\/talentus.ontwikkeladres.nl\/fr\/#organization\"},\"inLanguage\":\"fr-FR\"},{\"@type\":\"Organization\",\"@id\":\"https:\/\/talentus.ontwikkeladres.nl\/fr\/#organization\",\"name\":\"Talentus\",\"url\":\"https:\/\/talentus.ontwikkeladres.nl\/fr\/\",\"logo\":{\"@type\":\"ImageObject\",\"inLanguage\":\"fr-FR\",\"@id\":\"https:\/\/talentus.ontwikkeladres.nl\/fr\/#\/schema\/logo\/image\/\",\"url\":\"https:\/\/talentus.ontwikkeladres.nl\/wp-content\/uploads\/2025\/12\/Social-share.jpg\",\"contentUrl\":\"https:\/\/talentus.ontwikkeladres.nl\/wp-content\/uploads\/2025\/12\/Social-share.jpg\",\"width\":1200,\"height\":630,\"caption\":\"Talentus\"},\"image\":{\"@id\":\"https:\/\/talentus.ontwikkeladres.nl\/fr\/#\/schema\/logo\/image\/\"},\"sameAs\":[\"https:\/\/www.facebook.com\/Talentus.be\/\",\"https:\/\/www.instagram.com\/talentus.be\/\",\"https:\/\/www.linkedin.com\/company\/talentus\/\"]}]}<\/script>\n<!-- \/ Yoast SEO plugin. -->","yoast_head_json":{"title":"Vacances | Talentus","robots":{"index":"noindex","follow":"follow","max-snippet":"max-snippet:-1","max-image-preview":"max-image-preview:large","max-video-preview":"max-video-preview:-1"},"og_locale":"fr_FR","og_type":"article","og_title":"Vacances | Talentus","og_description":"[vc_row full_width=\u00a0\u00bbstretch_row\u00a0\u00bb content_placement=\u00a0\u00bbbottom\u00a0\u00bb row_height=\u00a0\u00bbrow_400px\u00a0\u00bb bg_color=\u00a0\u00bbbg_gray_light\u00a0\u00bb css=\u00a0\u00bb.vc_custom_1765204811099{background-color: bg_green !important;}\u00a0\u00bb][vc_column][\/vc_column][\/vc_row][vc_row full_width=\u00a0\u00bbstretch_row\u00a0\u00bb bg_color=\u00a0\u00bbbg_white\u00a0\u00bb row_divider=\u00a0\u00bbsvg_white\u00a0\u00bb css=\u00a0\u00bb.vc_custom_1765204816220{background-color: bg_gray !important;}\u00a0\u00bb][vc_column][vc_row_inner content_placement=\u00a0\u00bbmiddle\u00a0\u00bb][vc_column_inner width=\u00a0\u00bb1\/12&Prime;][\/vc_column_inner][vc_column_inner width=\u00a0\u00bb10\/12&Prime;][\/vc_column_inner][vc_column_inner width=\u00a0\u00bb1\/12&Prime;][\/vc_column_inner][\/vc_row_inner][\/vc_column][\/vc_row]","og_url":"https:\/\/talentus.ontwikkeladres.nl\/fr\/candidats\/faq\/conges\/","og_site_name":"Talentus","article_publisher":"https:\/\/www.facebook.com\/Talentus.be\/","article_modified_time":"2025-12-18T16:27:00+00:00","og_image":[{"width":1200,"height":630,"url":"https:\/\/talentus.ontwikkeladres.nl\/wp-content\/uploads\/2025\/12\/Social-share.jpg","type":"image\/jpeg"}],"twitter_card":"summary_large_image","twitter_misc":{"Dur\u00e9e de lecture estim\u00e9e":"1 minute"},"schema":{"@context":"https:\/\/schema.org","@graph":[{"@type":"WebPage","@id":"https:\/\/talentus.ontwikkeladres.nl\/fr\/candidats\/faq\/conges\/","url":"https:\/\/talentus.ontwikkeladres.nl\/fr\/candidats\/faq\/conges\/","name":"Vacances | Talentus","isPartOf":{"@id":"https:\/\/talentus.ontwikkeladres.nl\/fr\/#website"},"datePublished":"2025-12-08T10:57:53+00:00","dateModified":"2025-12-18T16:27:00+00:00","breadcrumb":{"@id":"https:\/\/talentus.ontwikkeladres.nl\/fr\/candidats\/faq\/conges\/#breadcrumb"},"inLanguage":"fr-FR","potentialAction":[{"@type":"ReadAction","target":["https:\/\/talentus.ontwikkeladres.nl\/fr\/candidats\/faq\/conges\/"]}]},{"@type":"BreadcrumbList","@id":"https:\/\/talentus.ontwikkeladres.nl\/fr\/candidats\/faq\/conges\/#breadcrumb","itemListElement":[{"@type":"ListItem","position":1,"name":"Home","item":"https:\/\/talentus.ontwikkeladres.nl\/fr\/"},{"@type":"ListItem","position":2,"name":"Les candidats","item":"https:\/\/talentus.ontwikkeladres.nl\/fr\/"},{"@type":"ListItem","position":3,"name":"FAQ","item":"https:\/\/talentus.ontwikkeladres.nl\/fr\/candidats\/faq\/"},{"@type":"ListItem","position":4,"name":"Vacances"}]},{"@type":"WebSite","@id":"https:\/\/talentus.ontwikkeladres.nl\/fr\/#website","url":"https:\/\/talentus.ontwikkeladres.nl\/fr\/","name":"Talentus","description":"Talentus website","publisher":{"@id":"https:\/\/talentus.ontwikkeladres.nl\/fr\/#organization"},"inLanguage":"fr-FR"},{"@type":"Organization","@id":"https:\/\/talentus.ontwikkeladres.nl\/fr\/#organization","name":"Talentus","url":"https:\/\/talentus.ontwikkeladres.nl\/fr\/","logo":{"@type":"ImageObject","inLanguage":"fr-FR","@id":"https:\/\/talentus.ontwikkeladres.nl\/fr\/#\/schema\/logo\/image\/","url":"https:\/\/talentus.ontwikkeladres.nl\/wp-content\/uploads\/2025\/12\/Social-share.jpg","contentUrl":"https:\/\/talentus.ontwikkeladres.nl\/wp-content\/uploads\/2025\/12\/Social-share.jpg","width":1200,"height":630,"caption":"Talentus"},"image":{"@id":"https:\/\/talentus.ontwikkeladres.nl\/fr\/#\/schema\/logo\/image\/"},"sameAs":["https:\/\/www.facebook.com\/Talentus.be\/","https:\/\/www.instagram.com\/talentus.be\/","https:\/\/www.linkedin.com\/company\/talentus\/"]}]}},"_links":{"self":[{"href":"https:\/\/talentus.ontwikkeladres.nl\/fr\/wp-json\/wp\/v2\/pages\/14658","targetHints":{"allow":["GET"]}}],"collection":[{"href":"https:\/\/talentus.ontwikkeladres.nl\/fr\/wp-json\/wp\/v2\/pages"}],"about":[{"href":"https:\/\/talentus.ontwikkeladres.nl\/fr\/wp-json\/wp\/v2\/types\/page"}],"author":[{"embeddable":true,"href":"https:\/\/talentus.ontwikkeladres.nl\/fr\/wp-json\/wp\/v2\/users\/1"}],"replies":[{"embeddable":true,"href":"https:\/\/talentus.ontwikkeladres.nl\/fr\/wp-json\/wp\/v2\/comments?post=14658"}],"version-history":[{"count":11,"href":"https:\/\/talentus.ontwikkeladres.nl\/fr\/wp-json\/wp\/v2\/pages\/14658\/revisions"}],"predecessor-version":[{"id":15081,"href":"https:\/\/talentus.ontwikkeladres.nl\/fr\/wp-json\/wp\/v2\/pages\/14658\/revisions\/15081"}],"up":[{"embeddable":true,"href":"https:\/\/talentus.ontwikkeladres.nl\/fr\/wp-json\/wp\/v2\/pages\/14667"}],"wp:attachment":[{"href":"https:\/\/talentus.ontwikkeladres.nl\/fr\/wp-json\/wp\/v2\/media?parent=14658"}],"curies":[{"name":"wp","href":"https:\/\/api.w.org\/{rel}","templated":true}]}}