{"id":14654,"date":"2025-12-05T13:50:35","date_gmt":"2025-12-05T12:50:35","guid":{"rendered":"https:\/\/talentus.ontwikkeladres.nl\/sollicitaties\/"},"modified":"2026-02-25T13:58:44","modified_gmt":"2026-02-25T12:58:44","slug":"candidatures","status":"publish","type":"page","link":"https:\/\/talentus.ontwikkeladres.nl\/fr\/candidats\/faq\/candidatures\/","title":{"rendered":"Applications"},"content":{"rendered":"<div class=\"wpb-content-wrapper\"><p>[vc_row full_width=\u00a0\u00bbstretch_row\u00a0\u00bb content_placement=\u00a0\u00bbbottom\u00a0\u00bb row_height=\u00a0\u00bbrow_400px\u00a0\u00bb bg_color=\u00a0\u00bbbg_gray_light\u00a0\u00bb css=\u00a0\u00bb.vc_custom_1765204745045{background-color: bg_green !important;}\u00a0\u00bb][vc_column]\n        <div class=\"sd-block-breadcrumb  align-left marginbottom-30px\n        \">\n            <ul id=\"breadcrumbs\" class=\"breadcrumbs\"><\/ul>\n        <\/div>\n        <div class=\"sd-block-title \">\n            <h1 class=\"sd-block-title-htag  marginbottom-0px align-left color-white\n            \"><span> Applications<\/span>\n\t\t\t<\/h1>\n        <\/div>[\/vc_column][\/vc_row][vc_row full_width=\u00a0\u00bbstretch_row\u00a0\u00bb bg_color=\u00a0\u00bbbg_white\u00a0\u00bb row_divider=\u00a0\u00bbsvg_white\u00a0\u00bb css=\u00a0\u00bb.vc_custom_1765204752371{background-color: bg_gray !important;}\u00a0\u00bb][vc_column]\n            <div class=\"sd-tabs vertical\">\n                <div class=\"sd-tabs-title-container\">\n                    \n                            <div class=\"sd-tabs-title active title-0\">\n                                \n        <div class=\"sd-block-title \">\n            <h3 class=\"sd-block-title-htag  marginbottom-0px align-left color-mint font-middle\n            \"><span> \u00bbApplications<\/span>\n\t\t\t<\/h3>\n        <\/div>\n                            <\/div>\n                        \n                <\/div>\n                <div class=\"sd-tabs-content-container\">\n                            <div class=\"sd-tabs-content active content-0\">\n                                \n        <div class=\"sd-block-title \">\n            <h2 class=\"sd-block-title-htag  marginbottom-45px align-left color-white font-middle\n            \"><span> Applications<\/span>\n\t\t\t<\/h2>\n        <\/div>\n        <div class=\"sd-block-faq  marginbottom-30px\">\n            <div class=\"faq-inner opened\">\n                <div class=\"faq-title\">\n                    \n        <div class=\"sd-block-title \">\n            <h3 class=\"sd-block-title-htag  marginbottom-0px align-left color-black font-small\n            \"><span> Comment se d\u00e9roule le processus de candidature \u00e0 Talentus ?<\/span>\n\t\t\t<\/h3>\n        <\/div>\n                    <div class=\"icon-container\">\n\t\t\t\t<\/div>\n                <\/div>\n                <div class=\"faq-content\">\n                    \n        <div class=\"sd-block-text  marginbottom-0px\n        \">\n            <p>Tu postules en ligne, Talentus examine ton profil et te contacte s&rsquo;il y a une correspondance.<\/p>\n\n        <\/div>\n                <\/div>\n            <\/div>\n        <\/div>\n        <div class=\"sd-block-faq  marginbottom-30px\">\n            <div class=\"faq-inner \">\n                <div class=\"faq-title\">\n                    \n        <div class=\"sd-block-title \">\n            <h3 class=\"sd-block-title-htag  marginbottom-0px align-left color-black font-small\n            \"><span> Quelles sont les \u00e9tapes du recrutement ?<\/span>\n\t\t\t<\/h3>\n        <\/div>\n                    <div class=\"icon-container\">\n\t\t\t\t<\/div>\n                <\/div>\n                <div class=\"faq-content\">\n                    \n        <div class=\"sd-block-text  marginbottom-0px\n        \">\n            <p>Il y a d&rsquo;abord un entretien d&rsquo;admission, puis d&rsquo;\u00e9ventuels tests et ensuite on te pr\u00e9sentera des entreprises adapt\u00e9es.<\/p>\n\n        <\/div>\n                <\/div>\n            <\/div>\n        <\/div>\n        <div class=\"sd-block-faq  marginbottom-30px\">\n            <div class=\"faq-inner \">\n                <div class=\"faq-title\">\n                    \n        <div class=\"sd-block-title \">\n            <h3 class=\"sd-block-title-htag  marginbottom-0px align-left color-black font-small\n            \"><span> Y a-t-il des \u00e9valuations ou des tests ?<\/span>\n\t\t\t<\/h3>\n        <\/div>\n                    <div class=\"icon-container\">\n\t\t\t\t<\/div>\n                <\/div>\n                <div class=\"faq-content\">\n                    \n        <div class=\"sd-block-text  marginbottom-0px\n        \">\n            <p>Oui, Talentus utilise des tests de personnalit\u00e9 et de comp\u00e9tences pour d\u00e9terminer tes talents et ton ad\u00e9quation au poste.<\/p>\n\n        <\/div>\n                <\/div>\n            <\/div>\n        <\/div>\n        <div class=\"sd-block-faq  marginbottom-30px\">\n            <div class=\"faq-inner \">\n                <div class=\"faq-title\">\n                    \n        <div class=\"sd-block-title \">\n            <h3 class=\"sd-block-title-htag  marginbottom-0px align-left color-black font-small\n            \"><span> Puis-je \u00e9galement postuler pour un stage ou un emploi en entreprise ?<\/span>\n\t\t\t<\/h3>\n        <\/div>\n                    <div class=\"icon-container\">\n\t\t\t\t<\/div>\n                <\/div>\n                <div class=\"faq-content\">\n                    \n        <div class=\"sd-block-text  marginbottom-0px\n        \">\n            <p>Oui, Talentus propose \u00e9galement des stages et des postes en interne au sein de leur propre organisation.<\/p>\n\n        <\/div>\n                <\/div>\n            <\/div>\n        <\/div>\n        <div class=\"sd-block-faq  marginbottom-30px\">\n            <div class=\"faq-inner \">\n                <div class=\"faq-title\">\n                    \n        <div class=\"sd-block-title \">\n            <h3 class=\"sd-block-title-htag  marginbottom-0px align-left color-black font-small\n            \"><span>  Les fourchettes salariales indiqu\u00e9es dans nos offres d\u2019emploi sont-elles brutes ou nettes ?<\/span>\n\t\t\t<\/h3>\n        <\/div>\n                    <div class=\"icon-container\">\n\t\t\t\t<\/div>\n                <\/div>\n                <div class=\"faq-content\">\n                    \n        <div class=\"sd-block-text  marginbottom-0px\n        \">\n            <p>Les salaires indiqu\u00e9s dans nos offres d\u2019emploi sont toujours exprim\u00e9s en brut. Il s\u2019agit d\u2019une fourchette salariale indicative, hors avantages extral\u00e9gaux tels qu\u2019une voiture de soci\u00e9t\u00e9, des ch\u00e8ques-repas, des bonus ou des assurances. Les \u00e9ventuels avantages compl\u00e9mentaires ainsi que le salaire exact sont d\u00e9taill\u00e9s s\u00e9par\u00e9ment au cours du processus de recrutement.<\/p>\n\n        <\/div>\n                <\/div>\n            <\/div>\n        <\/div>\n        <div class=\"sd-block-faq  marginbottom-30px\">\n            <div class=\"faq-inner \">\n                <div class=\"faq-title\">\n                    \n        <div class=\"sd-block-title \">\n            <h3 class=\"sd-block-title-htag  marginbottom-0px align-left color-black font-small\n            \"><span> O\u00f9 puis-je trouver un bureau Talentus pr\u00e8s de chez moi ?<\/span>\n\t\t\t<\/h3>\n        <\/div>\n                    <div class=\"icon-container\">\n\t\t\t\t<\/div>\n                <\/div>\n                <div class=\"faq-content\">\n                    \n        <div class=\"sd-block-text  marginbottom-0px\n        \">\n            <p>Tu peux voir quel est le bureau le plus proche de chez toi via la page \u00ab\u00a0Nous contacter\u00a0\u00bb ou \u00ab\u00a0Trouver le bureau le plus proche\u00a0\u00bb sur le site.<\/p>\n\n        <\/div>\n                <\/div>\n            <\/div>\n        <\/div>\n                            <\/div>\n                        \n                <\/div>\n            <\/div>\n        [vc_row_inner content_placement=\u00a0\u00bbmiddle\u00a0\u00bb][vc_column_inner width=\u00a0\u00bb1\/12&Prime;][\/vc_column_inner][vc_column_inner width=\u00a0\u00bb10\/12&Prime;]\n        <div class=\"sd-block-text  marginbottom-30px\n        \">\n            <p style=\"text-align: center;\">Cela ne r\u00e9pond-il pas \u00e0 ta question ? <a href=\"https:\/\/talentus.ontwikkeladres.nl\/fr\/contact\/\">Contact<\/a><\/p>\n\n        <\/div>[\/vc_column_inner][vc_column_inner width=\u00a0\u00bb1\/12&Prime;][\/vc_column_inner][\/vc_row_inner][\/vc_column][\/vc_row]<\/p>\n<\/div>","protected":false},"excerpt":{"rendered":"<p>[vc_row full_width=\u00a0\u00bbstretch_row\u00a0\u00bb content_placement=\u00a0\u00bbbottom\u00a0\u00bb row_height=\u00a0\u00bbrow_400px\u00a0\u00bb bg_color=\u00a0\u00bbbg_gray_light\u00a0\u00bb css=\u00a0\u00bb.vc_custom_1765204745045{background-color: bg_green !important;}\u00a0\u00bb][vc_column][\/vc_column][\/vc_row][vc_row full_width=\u00a0\u00bbstretch_row\u00a0\u00bb bg_color=\u00a0\u00bbbg_white\u00a0\u00bb row_divider=\u00a0\u00bbsvg_white\u00a0\u00bb css=\u00a0\u00bb.vc_custom_1765204752371{background-color: bg_gray !important;}\u00a0\u00bb][vc_column][vc_row_inner content_placement=\u00a0\u00bbmiddle\u00a0\u00bb][vc_column_inner width=\u00a0\u00bb1\/12&Prime;][\/vc_column_inner][vc_column_inner width=\u00a0\u00bb10\/12&Prime;][\/vc_column_inner][vc_column_inner width=\u00a0\u00bb1\/12&Prime;][\/vc_column_inner][\/vc_row_inner][\/vc_column][\/vc_row]<\/p>\n","protected":false},"author":1,"featured_media":0,"parent":14667,"menu_order":0,"comment_status":"closed","ping_status":"closed","template":"","meta":{"_acf_changed":false,"footnotes":""},"class_list":["post-14654","page","type-page","status-publish","hentry"],"acf":[],"yoast_head":"<!-- This site is optimized with the Yoast SEO plugin v26.8-RC7 - https:\/\/yoast.com\/product\/yoast-seo-wordpress\/ -->\n<title>Applications | Talentus<\/title>\n<meta name=\"robots\" content=\"noindex, follow, max-snippet:-1, max-image-preview:large, max-video-preview:-1\" \/>\n<meta property=\"og:locale\" content=\"fr_FR\" \/>\n<meta property=\"og:type\" content=\"article\" \/>\n<meta property=\"og:title\" content=\"Applications | Talentus\" \/>\n<meta property=\"og:description\" content=\"[vc_row full_width=\u00a0\u00bbstretch_row\u00a0\u00bb content_placement=\u00a0\u00bbbottom\u00a0\u00bb row_height=\u00a0\u00bbrow_400px\u00a0\u00bb bg_color=\u00a0\u00bbbg_gray_light\u00a0\u00bb css=\u00a0\u00bb.vc_custom_1765204745045{background-color: bg_green !important;}\u00a0\u00bb][vc_column][\/vc_column][\/vc_row][vc_row full_width=\u00a0\u00bbstretch_row\u00a0\u00bb bg_color=\u00a0\u00bbbg_white\u00a0\u00bb row_divider=\u00a0\u00bbsvg_white\u00a0\u00bb css=\u00a0\u00bb.vc_custom_1765204752371{background-color: bg_gray !important;}\u00a0\u00bb][vc_column][vc_row_inner content_placement=\u00a0\u00bbmiddle\u00a0\u00bb][vc_column_inner width=\u00a0\u00bb1\/12&Prime;][\/vc_column_inner][vc_column_inner width=\u00a0\u00bb10\/12&Prime;][\/vc_column_inner][vc_column_inner width=\u00a0\u00bb1\/12&Prime;][\/vc_column_inner][\/vc_row_inner][\/vc_column][\/vc_row]\" \/>\n<meta property=\"og:url\" content=\"https:\/\/talentus.ontwikkeladres.nl\/fr\/candidats\/faq\/candidatures\/\" \/>\n<meta property=\"og:site_name\" content=\"Talentus\" \/>\n<meta property=\"article:publisher\" content=\"https:\/\/www.facebook.com\/Talentus.be\/\" \/>\n<meta property=\"article:modified_time\" content=\"2026-02-25T12:58:44+00:00\" \/>\n<meta property=\"og:image\" content=\"https:\/\/talentus.ontwikkeladres.nl\/wp-content\/uploads\/2025\/12\/Social-share.jpg\" \/>\n\t<meta property=\"og:image:width\" content=\"1200\" \/>\n\t<meta property=\"og:image:height\" content=\"630\" \/>\n\t<meta property=\"og:image:type\" content=\"image\/jpeg\" \/>\n<meta name=\"twitter:card\" content=\"summary_large_image\" \/>\n<meta name=\"twitter:label1\" content=\"Dur\u00e9e de lecture estim\u00e9e\" \/>\n\t<meta name=\"twitter:data1\" content=\"2 minutes\" \/>\n<script type=\"application\/ld+json\" class=\"yoast-schema-graph\">{\"@context\":\"https:\/\/schema.org\",\"@graph\":[{\"@type\":\"WebPage\",\"@id\":\"https:\/\/talentus.ontwikkeladres.nl\/fr\/candidats\/faq\/candidatures\/\",\"url\":\"https:\/\/talentus.ontwikkeladres.nl\/fr\/candidats\/faq\/candidatures\/\",\"name\":\"Applications | Talentus\",\"isPartOf\":{\"@id\":\"https:\/\/talentus.ontwikkeladres.nl\/fr\/#website\"},\"datePublished\":\"2025-12-05T12:50:35+00:00\",\"dateModified\":\"2026-02-25T12:58:44+00:00\",\"breadcrumb\":{\"@id\":\"https:\/\/talentus.ontwikkeladres.nl\/fr\/candidats\/faq\/candidatures\/#breadcrumb\"},\"inLanguage\":\"fr-FR\",\"potentialAction\":[{\"@type\":\"ReadAction\",\"target\":[\"https:\/\/talentus.ontwikkeladres.nl\/fr\/candidats\/faq\/candidatures\/\"]}]},{\"@type\":\"BreadcrumbList\",\"@id\":\"https:\/\/talentus.ontwikkeladres.nl\/fr\/candidats\/faq\/candidatures\/#breadcrumb\",\"itemListElement\":[{\"@type\":\"ListItem\",\"position\":1,\"name\":\"Home\",\"item\":\"https:\/\/talentus.ontwikkeladres.nl\/fr\/\"},{\"@type\":\"ListItem\",\"position\":2,\"name\":\"Les candidats\",\"item\":\"https:\/\/talentus.ontwikkeladres.nl\/fr\/\"},{\"@type\":\"ListItem\",\"position\":3,\"name\":\"FAQ\",\"item\":\"https:\/\/talentus.ontwikkeladres.nl\/fr\/candidats\/faq\/\"},{\"@type\":\"ListItem\",\"position\":4,\"name\":\"Applications\"}]},{\"@type\":\"WebSite\",\"@id\":\"https:\/\/talentus.ontwikkeladres.nl\/fr\/#website\",\"url\":\"https:\/\/talentus.ontwikkeladres.nl\/fr\/\",\"name\":\"Talentus\",\"description\":\"Talentus website\",\"publisher\":{\"@id\":\"https:\/\/talentus.ontwikkeladres.nl\/fr\/#organization\"},\"inLanguage\":\"fr-FR\"},{\"@type\":\"Organization\",\"@id\":\"https:\/\/talentus.ontwikkeladres.nl\/fr\/#organization\",\"name\":\"Talentus\",\"url\":\"https:\/\/talentus.ontwikkeladres.nl\/fr\/\",\"logo\":{\"@type\":\"ImageObject\",\"inLanguage\":\"fr-FR\",\"@id\":\"https:\/\/talentus.ontwikkeladres.nl\/fr\/#\/schema\/logo\/image\/\",\"url\":\"https:\/\/talentus.ontwikkeladres.nl\/wp-content\/uploads\/2025\/12\/Social-share.jpg\",\"contentUrl\":\"https:\/\/talentus.ontwikkeladres.nl\/wp-content\/uploads\/2025\/12\/Social-share.jpg\",\"width\":1200,\"height\":630,\"caption\":\"Talentus\"},\"image\":{\"@id\":\"https:\/\/talentus.ontwikkeladres.nl\/fr\/#\/schema\/logo\/image\/\"},\"sameAs\":[\"https:\/\/www.facebook.com\/Talentus.be\/\",\"https:\/\/www.instagram.com\/talentus.be\/\",\"https:\/\/www.linkedin.com\/company\/talentus\/\"]}]}<\/script>\n<!-- \/ Yoast SEO plugin. -->","yoast_head_json":{"title":"Applications | Talentus","robots":{"index":"noindex","follow":"follow","max-snippet":"max-snippet:-1","max-image-preview":"max-image-preview:large","max-video-preview":"max-video-preview:-1"},"og_locale":"fr_FR","og_type":"article","og_title":"Applications | Talentus","og_description":"[vc_row full_width=\u00a0\u00bbstretch_row\u00a0\u00bb content_placement=\u00a0\u00bbbottom\u00a0\u00bb row_height=\u00a0\u00bbrow_400px\u00a0\u00bb bg_color=\u00a0\u00bbbg_gray_light\u00a0\u00bb css=\u00a0\u00bb.vc_custom_1765204745045{background-color: bg_green !important;}\u00a0\u00bb][vc_column][\/vc_column][\/vc_row][vc_row full_width=\u00a0\u00bbstretch_row\u00a0\u00bb bg_color=\u00a0\u00bbbg_white\u00a0\u00bb row_divider=\u00a0\u00bbsvg_white\u00a0\u00bb css=\u00a0\u00bb.vc_custom_1765204752371{background-color: bg_gray !important;}\u00a0\u00bb][vc_column][vc_row_inner content_placement=\u00a0\u00bbmiddle\u00a0\u00bb][vc_column_inner width=\u00a0\u00bb1\/12&Prime;][\/vc_column_inner][vc_column_inner width=\u00a0\u00bb10\/12&Prime;][\/vc_column_inner][vc_column_inner width=\u00a0\u00bb1\/12&Prime;][\/vc_column_inner][\/vc_row_inner][\/vc_column][\/vc_row]","og_url":"https:\/\/talentus.ontwikkeladres.nl\/fr\/candidats\/faq\/candidatures\/","og_site_name":"Talentus","article_publisher":"https:\/\/www.facebook.com\/Talentus.be\/","article_modified_time":"2026-02-25T12:58:44+00:00","og_image":[{"width":1200,"height":630,"url":"https:\/\/talentus.ontwikkeladres.nl\/wp-content\/uploads\/2025\/12\/Social-share.jpg","type":"image\/jpeg"}],"twitter_card":"summary_large_image","twitter_misc":{"Dur\u00e9e de lecture estim\u00e9e":"2 minutes"},"schema":{"@context":"https:\/\/schema.org","@graph":[{"@type":"WebPage","@id":"https:\/\/talentus.ontwikkeladres.nl\/fr\/candidats\/faq\/candidatures\/","url":"https:\/\/talentus.ontwikkeladres.nl\/fr\/candidats\/faq\/candidatures\/","name":"Applications | Talentus","isPartOf":{"@id":"https:\/\/talentus.ontwikkeladres.nl\/fr\/#website"},"datePublished":"2025-12-05T12:50:35+00:00","dateModified":"2026-02-25T12:58:44+00:00","breadcrumb":{"@id":"https:\/\/talentus.ontwikkeladres.nl\/fr\/candidats\/faq\/candidatures\/#breadcrumb"},"inLanguage":"fr-FR","potentialAction":[{"@type":"ReadAction","target":["https:\/\/talentus.ontwikkeladres.nl\/fr\/candidats\/faq\/candidatures\/"]}]},{"@type":"BreadcrumbList","@id":"https:\/\/talentus.ontwikkeladres.nl\/fr\/candidats\/faq\/candidatures\/#breadcrumb","itemListElement":[{"@type":"ListItem","position":1,"name":"Home","item":"https:\/\/talentus.ontwikkeladres.nl\/fr\/"},{"@type":"ListItem","position":2,"name":"Les candidats","item":"https:\/\/talentus.ontwikkeladres.nl\/fr\/"},{"@type":"ListItem","position":3,"name":"FAQ","item":"https:\/\/talentus.ontwikkeladres.nl\/fr\/candidats\/faq\/"},{"@type":"ListItem","position":4,"name":"Applications"}]},{"@type":"WebSite","@id":"https:\/\/talentus.ontwikkeladres.nl\/fr\/#website","url":"https:\/\/talentus.ontwikkeladres.nl\/fr\/","name":"Talentus","description":"Talentus website","publisher":{"@id":"https:\/\/talentus.ontwikkeladres.nl\/fr\/#organization"},"inLanguage":"fr-FR"},{"@type":"Organization","@id":"https:\/\/talentus.ontwikkeladres.nl\/fr\/#organization","name":"Talentus","url":"https:\/\/talentus.ontwikkeladres.nl\/fr\/","logo":{"@type":"ImageObject","inLanguage":"fr-FR","@id":"https:\/\/talentus.ontwikkeladres.nl\/fr\/#\/schema\/logo\/image\/","url":"https:\/\/talentus.ontwikkeladres.nl\/wp-content\/uploads\/2025\/12\/Social-share.jpg","contentUrl":"https:\/\/talentus.ontwikkeladres.nl\/wp-content\/uploads\/2025\/12\/Social-share.jpg","width":1200,"height":630,"caption":"Talentus"},"image":{"@id":"https:\/\/talentus.ontwikkeladres.nl\/fr\/#\/schema\/logo\/image\/"},"sameAs":["https:\/\/www.facebook.com\/Talentus.be\/","https:\/\/www.instagram.com\/talentus.be\/","https:\/\/www.linkedin.com\/company\/talentus\/"]}]}},"_links":{"self":[{"href":"https:\/\/talentus.ontwikkeladres.nl\/fr\/wp-json\/wp\/v2\/pages\/14654","targetHints":{"allow":["GET"]}}],"collection":[{"href":"https:\/\/talentus.ontwikkeladres.nl\/fr\/wp-json\/wp\/v2\/pages"}],"about":[{"href":"https:\/\/talentus.ontwikkeladres.nl\/fr\/wp-json\/wp\/v2\/types\/page"}],"author":[{"embeddable":true,"href":"https:\/\/talentus.ontwikkeladres.nl\/fr\/wp-json\/wp\/v2\/users\/1"}],"replies":[{"embeddable":true,"href":"https:\/\/talentus.ontwikkeladres.nl\/fr\/wp-json\/wp\/v2\/comments?post=14654"}],"version-history":[{"count":4,"href":"https:\/\/talentus.ontwikkeladres.nl\/fr\/wp-json\/wp\/v2\/pages\/14654\/revisions"}],"predecessor-version":[{"id":17047,"href":"https:\/\/talentus.ontwikkeladres.nl\/fr\/wp-json\/wp\/v2\/pages\/14654\/revisions\/17047"}],"up":[{"embeddable":true,"href":"https:\/\/talentus.ontwikkeladres.nl\/fr\/wp-json\/wp\/v2\/pages\/14667"}],"wp:attachment":[{"href":"https:\/\/talentus.ontwikkeladres.nl\/fr\/wp-json\/wp\/v2\/media?parent=14654"}],"curies":[{"name":"wp","href":"https:\/\/api.w.org\/{rel}","templated":true}]}}