{"id":14646,"date":"2025-12-05T13:53:46","date_gmt":"2025-12-05T12:53:46","guid":{"rendered":"https:\/\/talentus.ontwikkeladres.nl\/contract\/"},"modified":"2026-01-21T15:12:44","modified_gmt":"2026-01-21T14:12:44","slug":"contract","status":"publish","type":"page","link":"https:\/\/talentus.ontwikkeladres.nl\/fr\/candidats\/faq\/contract\/","title":{"rendered":"Contrat"},"content":{"rendered":"<div class=\"wpb-content-wrapper\"><p>[vc_row full_width=\u00a0\u00bbstretch_row\u00a0\u00bb content_placement=\u00a0\u00bbbottom\u00a0\u00bb row_height=\u00a0\u00bbrow_400px\u00a0\u00bb bg_color=\u00a0\u00bbbg_gray_light\u00a0\u00bb css=\u00a0\u00bb.vc_custom_1765204703380{background-color: bg_green !important;}\u00a0\u00bb][vc_column]\n        <div class=\"sd-block-breadcrumb  align-left marginbottom-30px\n        \">\n            <ul id=\"breadcrumbs\" class=\"breadcrumbs\"><\/ul>\n        <\/div>\n        <div class=\"sd-block-title \">\n            <h1 class=\"sd-block-title-htag  marginbottom-0px align-left color-white\n            \"><span> Contrat<\/span>\n\t\t\t<\/h1>\n        <\/div>[\/vc_column][\/vc_row][vc_row full_width=\u00a0\u00bbstretch_row\u00a0\u00bb bg_color=\u00a0\u00bbbg_white\u00a0\u00bb row_divider=\u00a0\u00bbsvg_white\u00a0\u00bb css=\u00a0\u00bb.vc_custom_1765204711209{background-color: bg_gray !important;}\u00a0\u00bb][vc_column]\n            <div class=\"sd-tabs vertical\">\n                <div class=\"sd-tabs-title-container\">\n                    \n                            <div class=\"sd-tabs-title active title-0\">\n                                \n        <div class=\"sd-block-title \">\n            <h3 class=\"sd-block-title-htag  marginbottom-0px align-left color-mint font-middle\n            \"><span> \u00bbContrat<\/span>\n\t\t\t<\/h3>\n        <\/div>\n                            <\/div>\n                        \n                <\/div>\n                <div class=\"sd-tabs-content-container\">\n                            <div class=\"sd-tabs-content active content-0\">\n                                \n        <div class=\"sd-block-title \">\n            <h2 class=\"sd-block-title-htag  marginbottom-45px align-left color-white font-middle\n            \"><span> Contrat<\/span>\n\t\t\t<\/h2>\n        <\/div>\n        <div class=\"sd-block-faq  marginbottom-30px\">\n            <div class=\"faq-inner opened\">\n                <div class=\"faq-title\">\n                    \n        <div class=\"sd-block-title \">\n            <h3 class=\"sd-block-title-htag  marginbottom-0px align-left color-black font-small\n            \"><span> Quel contrat recevrai-je si je suis recrut\u00e9(e) par l'interm\u00e9diaire de Talentus ?<\/span>\n\t\t\t<\/h3>\n        <\/div>\n                    <div class=\"icon-container\">\n\t\t\t\t<\/div>\n                <\/div>\n                <div class=\"faq-content\">\n                    \n        <div class=\"sd-block-text  marginbottom-0px\n        \">\n            <p>Talentus travaille selon le principe du recrutement et de la s\u00e9lection. Cela signifie que tu seras employ\u00e9 directement par l&rsquo;entreprise elle-m\u00eame. Dans la plupart des cas, tu commences imm\u00e9diatement avec un contrat permanent (\u00e0 dur\u00e9e ind\u00e9termin\u00e9e). Certaines entreprises commencent par un contrat \u00e0 dur\u00e9e d\u00e9termin\u00e9e en guise de p\u00e9riode d&rsquo;introduction, mais m\u00eame dans ce cas, l&rsquo;objectif est souvent le recrutement permanent. Dans certaines situations, nous proposons \u00e9galement des missions d\u2019int\u00e9rim, par exemple lorsque cela correspond mieux aux besoins de l\u2019entreprise ou du candidat.<\/p>\n\n        <\/div>\n                <\/div>\n            <\/div>\n        <\/div>\n        <div class=\"sd-block-faq  marginbottom-30px\">\n            <div class=\"faq-inner \">\n                <div class=\"faq-title\">\n                    \n        <div class=\"sd-block-title \">\n            <h3 class=\"sd-block-title-htag  marginbottom-0px align-left color-black font-small\n            \"><span> Puis-je trouver un emploi permanent gr\u00e2ce \u00e0 Talentus ?<\/span>\n\t\t\t<\/h3>\n        <\/div>\n                    <div class=\"icon-container\">\n\t\t\t\t<\/div>\n                <\/div>\n                <div class=\"faq-content\">\n                    \n        <div class=\"sd-block-text  marginbottom-0px\n        \">\n            <p>Bien s\u00fbr ! Talentus est sp\u00e9cialis\u00e9 dans les emplois permanents. Nous mettons l&rsquo;accent sur les appariements durables : nous cherchons un emploi o\u00f9 tu peux \u00e9voluer \u00e0 long terme, avec un contrat qui offre de la s\u00e9curit\u00e9. 95 % de nos offres d&#8217;emploi sont des embauches permanentes imm\u00e9diates.<\/p>\n\n        <\/div>\n                <\/div>\n            <\/div>\n        <\/div>\n        <div class=\"sd-block-faq  marginbottom-30px\">\n            <div class=\"faq-inner \">\n                <div class=\"faq-title\">\n                    \n        <div class=\"sd-block-title \">\n            <h3 class=\"sd-block-title-htag  marginbottom-0px align-left color-black font-small\n            \"><span> Quelle est la dur\u00e9e de mon contrat ?<\/span>\n\t\t\t<\/h3>\n        <\/div>\n                    <div class=\"icon-container\">\n\t\t\t\t<\/div>\n                <\/div>\n                <div class=\"faq-content\">\n                    \n        <div class=\"sd-block-text  marginbottom-0px\n        \">\n            <p>La dur\u00e9e de ton contrat est d\u00e9termin\u00e9e par l&rsquo;entreprise pour laquelle tu travailleras. Il s&rsquo;agit g\u00e9n\u00e9ralement : d&rsquo;un contrat \u00e0 dur\u00e9e ind\u00e9termin\u00e9e imm\u00e9diat, ou d&rsquo;un contrat \u00e0 dur\u00e9e d\u00e9termin\u00e9e avec l&rsquo;intention d&rsquo;un emploi permanent. Talentus te donne toujours des informations compl\u00e8tes sur ton contrat avant que tu ne te pr\u00e9sentes \u00e0 un entretien.<\/p>\n\n        <\/div>\n                <\/div>\n            <\/div>\n        <\/div>\n        <div class=\"sd-block-faq  marginbottom-30px\">\n            <div class=\"faq-inner \">\n                <div class=\"faq-title\">\n                    \n        <div class=\"sd-block-title \">\n            <h3 class=\"sd-block-title-htag  marginbottom-0px align-left color-black font-small\n            \"><span> Qui est mon employeur si je travaille par l'interm\u00e9diaire de Talentus ?<\/span>\n\t\t\t<\/h3>\n        <\/div>\n                    <div class=\"icon-container\">\n\t\t\t\t<\/div>\n                <\/div>\n                <div class=\"faq-content\">\n                    \n        <div class=\"sd-block-text  marginbottom-0px\n        \">\n            <p>Chez Talentus, tu deviendras toujours un employ\u00e9 de l&rsquo;entreprise qui t&#8217;embauche, et non de Talentus lui-m\u00eame.<br \/>\nNous te guiderons tout au long du processus de s\u00e9lection, mais une fois que tu auras commenc\u00e9, tu deviendras officiellement un membre de l&rsquo;\u00e9quipe de ton nouvel employeur.<\/p>\n\n        <\/div>\n                <\/div>\n            <\/div>\n        <\/div>\n        <div class=\"sd-block-faq  marginbottom-30px\">\n            <div class=\"faq-inner \">\n                <div class=\"faq-title\">\n                    \n        <div class=\"sd-block-title \">\n            <h3 class=\"sd-block-title-htag  marginbottom-0px align-left color-black font-small\n            \"><span> Que se passe-t-il une fois que j'ai \u00e9t\u00e9 recrut\u00e9(e) ?<\/span>\n\t\t\t<\/h3>\n        <\/div>\n                    <div class=\"icon-container\">\n\t\t\t\t<\/div>\n                <\/div>\n                <div class=\"faq-content\">\n                    \n        <div class=\"sd-block-text  marginbottom-0px\n        \">\n            <p>Nous restons \u00e0 ta disposition apr\u00e8s ton start chez un partenaire ! Talentus te suivra pendant les premi\u00e8res semaines et restera disponible pour r\u00e9pondre \u00e0 tes questions. Notre objectif est de cr\u00e9er une collaboration durable, c&rsquo;est pourquoi nous restons impliqu\u00e9s aussi longtemps que tu le souhaites.<\/p>\n\n        <\/div>\n                <\/div>\n            <\/div>\n        <\/div>\n        <div class=\"sd-block-faq  marginbottom-30px\">\n            <div class=\"faq-inner \">\n                <div class=\"faq-title\">\n                    \n        <div class=\"sd-block-title \">\n            <h3 class=\"sd-block-title-htag  marginbottom-0px align-left color-black font-small\n            \"><span> En quoi Talentus est-il diff\u00e9rent des autres agences de RH\/recrutement ?<\/span>\n\t\t\t<\/h3>\n        <\/div>\n                    <div class=\"icon-container\">\n\t\t\t\t<\/div>\n                <\/div>\n                <div class=\"faq-content\">\n                    \n        <div class=\"sd-block-text  marginbottom-0px\n        \">\n            <p>Talentus se distingue par une approche tr\u00e8s personnalis\u00e9e, un processus de s\u00e9lection approfondi et l&rsquo;accent mis sur l&rsquo;appariement durable.<\/p>\n\n        <\/div>\n                <\/div>\n            <\/div>\n        <\/div>\n                            <\/div>\n                        \n                <\/div>\n            <\/div>\n        [vc_row_inner content_placement=\u00a0\u00bbmiddle\u00a0\u00bb][vc_column_inner width=\u00a0\u00bb1\/12&Prime;][\/vc_column_inner][vc_column_inner width=\u00a0\u00bb10\/12&Prime;]\n        <div class=\"sd-block-text  marginbottom-30px\n        \">\n            <p style=\"text-align: center;\">Cela ne r\u00e9pond-il pas \u00e0 ta question ? <a href=\"https:\/\/talentus.ontwikkeladres.nl\/fr\/contact\/\">Contact<\/a><\/p>\n\n        <\/div>[\/vc_column_inner][vc_column_inner width=\u00a0\u00bb1\/12&Prime;][\/vc_column_inner][\/vc_row_inner][\/vc_column][\/vc_row]<\/p>\n<\/div>","protected":false},"excerpt":{"rendered":"<p>[vc_row full_width=\u00a0\u00bbstretch_row\u00a0\u00bb content_placement=\u00a0\u00bbbottom\u00a0\u00bb row_height=\u00a0\u00bbrow_400px\u00a0\u00bb bg_color=\u00a0\u00bbbg_gray_light\u00a0\u00bb css=\u00a0\u00bb.vc_custom_1765204703380{background-color: bg_green !important;}\u00a0\u00bb][vc_column][\/vc_column][\/vc_row][vc_row full_width=\u00a0\u00bbstretch_row\u00a0\u00bb bg_color=\u00a0\u00bbbg_white\u00a0\u00bb row_divider=\u00a0\u00bbsvg_white\u00a0\u00bb css=\u00a0\u00bb.vc_custom_1765204711209{background-color: bg_gray !important;}\u00a0\u00bb][vc_column][vc_row_inner content_placement=\u00a0\u00bbmiddle\u00a0\u00bb][vc_column_inner width=\u00a0\u00bb1\/12&Prime;][\/vc_column_inner][vc_column_inner width=\u00a0\u00bb10\/12&Prime;][\/vc_column_inner][vc_column_inner width=\u00a0\u00bb1\/12&Prime;][\/vc_column_inner][\/vc_row_inner][\/vc_column][\/vc_row]<\/p>\n","protected":false},"author":1,"featured_media":0,"parent":14667,"menu_order":0,"comment_status":"closed","ping_status":"closed","template":"","meta":{"_acf_changed":false,"footnotes":""},"class_list":["post-14646","page","type-page","status-publish","hentry"],"acf":[],"yoast_head":"<!-- This site is optimized with the Yoast SEO plugin v26.8-RC7 - https:\/\/yoast.com\/product\/yoast-seo-wordpress\/ -->\n<title>Contrat | Talentus<\/title>\n<meta name=\"robots\" content=\"noindex, follow, max-snippet:-1, max-image-preview:large, max-video-preview:-1\" \/>\n<meta property=\"og:locale\" content=\"fr_FR\" \/>\n<meta property=\"og:type\" content=\"article\" \/>\n<meta property=\"og:title\" content=\"Contrat | Talentus\" \/>\n<meta property=\"og:description\" content=\"[vc_row full_width=\u00a0\u00bbstretch_row\u00a0\u00bb content_placement=\u00a0\u00bbbottom\u00a0\u00bb row_height=\u00a0\u00bbrow_400px\u00a0\u00bb bg_color=\u00a0\u00bbbg_gray_light\u00a0\u00bb css=\u00a0\u00bb.vc_custom_1765204703380{background-color: bg_green !important;}\u00a0\u00bb][vc_column][\/vc_column][\/vc_row][vc_row full_width=\u00a0\u00bbstretch_row\u00a0\u00bb bg_color=\u00a0\u00bbbg_white\u00a0\u00bb row_divider=\u00a0\u00bbsvg_white\u00a0\u00bb css=\u00a0\u00bb.vc_custom_1765204711209{background-color: bg_gray !important;}\u00a0\u00bb][vc_column][vc_row_inner content_placement=\u00a0\u00bbmiddle\u00a0\u00bb][vc_column_inner width=\u00a0\u00bb1\/12&Prime;][\/vc_column_inner][vc_column_inner width=\u00a0\u00bb10\/12&Prime;][\/vc_column_inner][vc_column_inner width=\u00a0\u00bb1\/12&Prime;][\/vc_column_inner][\/vc_row_inner][\/vc_column][\/vc_row]\" \/>\n<meta property=\"og:url\" content=\"https:\/\/talentus.ontwikkeladres.nl\/fr\/candidats\/faq\/contract\/\" \/>\n<meta property=\"og:site_name\" content=\"Talentus\" \/>\n<meta property=\"article:publisher\" content=\"https:\/\/www.facebook.com\/Talentus.be\/\" \/>\n<meta property=\"article:modified_time\" content=\"2026-01-21T14:12:44+00:00\" \/>\n<meta property=\"og:image\" content=\"https:\/\/talentus.ontwikkeladres.nl\/wp-content\/uploads\/2025\/12\/Social-share.jpg\" \/>\n\t<meta property=\"og:image:width\" content=\"1200\" \/>\n\t<meta property=\"og:image:height\" content=\"630\" \/>\n\t<meta property=\"og:image:type\" content=\"image\/jpeg\" \/>\n<meta name=\"twitter:card\" content=\"summary_large_image\" \/>\n<meta name=\"twitter:label1\" content=\"Dur\u00e9e de lecture estim\u00e9e\" \/>\n\t<meta name=\"twitter:data1\" content=\"3 minutes\" \/>\n<script type=\"application\/ld+json\" class=\"yoast-schema-graph\">{\"@context\":\"https:\/\/schema.org\",\"@graph\":[{\"@type\":\"WebPage\",\"@id\":\"https:\/\/talentus.ontwikkeladres.nl\/fr\/candidats\/faq\/contract\/\",\"url\":\"https:\/\/talentus.ontwikkeladres.nl\/fr\/candidats\/faq\/contract\/\",\"name\":\"Contrat | Talentus\",\"isPartOf\":{\"@id\":\"https:\/\/talentus.ontwikkeladres.nl\/fr\/#website\"},\"datePublished\":\"2025-12-05T12:53:46+00:00\",\"dateModified\":\"2026-01-21T14:12:44+00:00\",\"breadcrumb\":{\"@id\":\"https:\/\/talentus.ontwikkeladres.nl\/fr\/candidats\/faq\/contract\/#breadcrumb\"},\"inLanguage\":\"fr-FR\",\"potentialAction\":[{\"@type\":\"ReadAction\",\"target\":[\"https:\/\/talentus.ontwikkeladres.nl\/fr\/candidats\/faq\/contract\/\"]}]},{\"@type\":\"BreadcrumbList\",\"@id\":\"https:\/\/talentus.ontwikkeladres.nl\/fr\/candidats\/faq\/contract\/#breadcrumb\",\"itemListElement\":[{\"@type\":\"ListItem\",\"position\":1,\"name\":\"Home\",\"item\":\"https:\/\/talentus.ontwikkeladres.nl\/fr\/\"},{\"@type\":\"ListItem\",\"position\":2,\"name\":\"Les candidats\",\"item\":\"https:\/\/talentus.ontwikkeladres.nl\/fr\/\"},{\"@type\":\"ListItem\",\"position\":3,\"name\":\"FAQ\",\"item\":\"https:\/\/talentus.ontwikkeladres.nl\/fr\/candidats\/faq\/\"},{\"@type\":\"ListItem\",\"position\":4,\"name\":\"Contrat\"}]},{\"@type\":\"WebSite\",\"@id\":\"https:\/\/talentus.ontwikkeladres.nl\/fr\/#website\",\"url\":\"https:\/\/talentus.ontwikkeladres.nl\/fr\/\",\"name\":\"Talentus\",\"description\":\"Talentus website\",\"publisher\":{\"@id\":\"https:\/\/talentus.ontwikkeladres.nl\/fr\/#organization\"},\"inLanguage\":\"fr-FR\"},{\"@type\":\"Organization\",\"@id\":\"https:\/\/talentus.ontwikkeladres.nl\/fr\/#organization\",\"name\":\"Talentus\",\"url\":\"https:\/\/talentus.ontwikkeladres.nl\/fr\/\",\"logo\":{\"@type\":\"ImageObject\",\"inLanguage\":\"fr-FR\",\"@id\":\"https:\/\/talentus.ontwikkeladres.nl\/fr\/#\/schema\/logo\/image\/\",\"url\":\"https:\/\/talentus.ontwikkeladres.nl\/wp-content\/uploads\/2025\/12\/Social-share.jpg\",\"contentUrl\":\"https:\/\/talentus.ontwikkeladres.nl\/wp-content\/uploads\/2025\/12\/Social-share.jpg\",\"width\":1200,\"height\":630,\"caption\":\"Talentus\"},\"image\":{\"@id\":\"https:\/\/talentus.ontwikkeladres.nl\/fr\/#\/schema\/logo\/image\/\"},\"sameAs\":[\"https:\/\/www.facebook.com\/Talentus.be\/\",\"https:\/\/www.instagram.com\/talentus.be\/\",\"https:\/\/www.linkedin.com\/company\/talentus\/\"]}]}<\/script>\n<!-- \/ Yoast SEO plugin. -->","yoast_head_json":{"title":"Contrat | Talentus","robots":{"index":"noindex","follow":"follow","max-snippet":"max-snippet:-1","max-image-preview":"max-image-preview:large","max-video-preview":"max-video-preview:-1"},"og_locale":"fr_FR","og_type":"article","og_title":"Contrat | Talentus","og_description":"[vc_row full_width=\u00a0\u00bbstretch_row\u00a0\u00bb content_placement=\u00a0\u00bbbottom\u00a0\u00bb row_height=\u00a0\u00bbrow_400px\u00a0\u00bb bg_color=\u00a0\u00bbbg_gray_light\u00a0\u00bb css=\u00a0\u00bb.vc_custom_1765204703380{background-color: bg_green !important;}\u00a0\u00bb][vc_column][\/vc_column][\/vc_row][vc_row full_width=\u00a0\u00bbstretch_row\u00a0\u00bb bg_color=\u00a0\u00bbbg_white\u00a0\u00bb row_divider=\u00a0\u00bbsvg_white\u00a0\u00bb css=\u00a0\u00bb.vc_custom_1765204711209{background-color: bg_gray !important;}\u00a0\u00bb][vc_column][vc_row_inner content_placement=\u00a0\u00bbmiddle\u00a0\u00bb][vc_column_inner width=\u00a0\u00bb1\/12&Prime;][\/vc_column_inner][vc_column_inner width=\u00a0\u00bb10\/12&Prime;][\/vc_column_inner][vc_column_inner width=\u00a0\u00bb1\/12&Prime;][\/vc_column_inner][\/vc_row_inner][\/vc_column][\/vc_row]","og_url":"https:\/\/talentus.ontwikkeladres.nl\/fr\/candidats\/faq\/contract\/","og_site_name":"Talentus","article_publisher":"https:\/\/www.facebook.com\/Talentus.be\/","article_modified_time":"2026-01-21T14:12:44+00:00","og_image":[{"width":1200,"height":630,"url":"https:\/\/talentus.ontwikkeladres.nl\/wp-content\/uploads\/2025\/12\/Social-share.jpg","type":"image\/jpeg"}],"twitter_card":"summary_large_image","twitter_misc":{"Dur\u00e9e de lecture estim\u00e9e":"3 minutes"},"schema":{"@context":"https:\/\/schema.org","@graph":[{"@type":"WebPage","@id":"https:\/\/talentus.ontwikkeladres.nl\/fr\/candidats\/faq\/contract\/","url":"https:\/\/talentus.ontwikkeladres.nl\/fr\/candidats\/faq\/contract\/","name":"Contrat | Talentus","isPartOf":{"@id":"https:\/\/talentus.ontwikkeladres.nl\/fr\/#website"},"datePublished":"2025-12-05T12:53:46+00:00","dateModified":"2026-01-21T14:12:44+00:00","breadcrumb":{"@id":"https:\/\/talentus.ontwikkeladres.nl\/fr\/candidats\/faq\/contract\/#breadcrumb"},"inLanguage":"fr-FR","potentialAction":[{"@type":"ReadAction","target":["https:\/\/talentus.ontwikkeladres.nl\/fr\/candidats\/faq\/contract\/"]}]},{"@type":"BreadcrumbList","@id":"https:\/\/talentus.ontwikkeladres.nl\/fr\/candidats\/faq\/contract\/#breadcrumb","itemListElement":[{"@type":"ListItem","position":1,"name":"Home","item":"https:\/\/talentus.ontwikkeladres.nl\/fr\/"},{"@type":"ListItem","position":2,"name":"Les candidats","item":"https:\/\/talentus.ontwikkeladres.nl\/fr\/"},{"@type":"ListItem","position":3,"name":"FAQ","item":"https:\/\/talentus.ontwikkeladres.nl\/fr\/candidats\/faq\/"},{"@type":"ListItem","position":4,"name":"Contrat"}]},{"@type":"WebSite","@id":"https:\/\/talentus.ontwikkeladres.nl\/fr\/#website","url":"https:\/\/talentus.ontwikkeladres.nl\/fr\/","name":"Talentus","description":"Talentus website","publisher":{"@id":"https:\/\/talentus.ontwikkeladres.nl\/fr\/#organization"},"inLanguage":"fr-FR"},{"@type":"Organization","@id":"https:\/\/talentus.ontwikkeladres.nl\/fr\/#organization","name":"Talentus","url":"https:\/\/talentus.ontwikkeladres.nl\/fr\/","logo":{"@type":"ImageObject","inLanguage":"fr-FR","@id":"https:\/\/talentus.ontwikkeladres.nl\/fr\/#\/schema\/logo\/image\/","url":"https:\/\/talentus.ontwikkeladres.nl\/wp-content\/uploads\/2025\/12\/Social-share.jpg","contentUrl":"https:\/\/talentus.ontwikkeladres.nl\/wp-content\/uploads\/2025\/12\/Social-share.jpg","width":1200,"height":630,"caption":"Talentus"},"image":{"@id":"https:\/\/talentus.ontwikkeladres.nl\/fr\/#\/schema\/logo\/image\/"},"sameAs":["https:\/\/www.facebook.com\/Talentus.be\/","https:\/\/www.instagram.com\/talentus.be\/","https:\/\/www.linkedin.com\/company\/talentus\/"]}]}},"_links":{"self":[{"href":"https:\/\/talentus.ontwikkeladres.nl\/fr\/wp-json\/wp\/v2\/pages\/14646","targetHints":{"allow":["GET"]}}],"collection":[{"href":"https:\/\/talentus.ontwikkeladres.nl\/fr\/wp-json\/wp\/v2\/pages"}],"about":[{"href":"https:\/\/talentus.ontwikkeladres.nl\/fr\/wp-json\/wp\/v2\/types\/page"}],"author":[{"embeddable":true,"href":"https:\/\/talentus.ontwikkeladres.nl\/fr\/wp-json\/wp\/v2\/users\/1"}],"replies":[{"embeddable":true,"href":"https:\/\/talentus.ontwikkeladres.nl\/fr\/wp-json\/wp\/v2\/comments?post=14646"}],"version-history":[{"count":12,"href":"https:\/\/talentus.ontwikkeladres.nl\/fr\/wp-json\/wp\/v2\/pages\/14646\/revisions"}],"predecessor-version":[{"id":16953,"href":"https:\/\/talentus.ontwikkeladres.nl\/fr\/wp-json\/wp\/v2\/pages\/14646\/revisions\/16953"}],"up":[{"embeddable":true,"href":"https:\/\/talentus.ontwikkeladres.nl\/fr\/wp-json\/wp\/v2\/pages\/14667"}],"wp:attachment":[{"href":"https:\/\/talentus.ontwikkeladres.nl\/fr\/wp-json\/wp\/v2\/media?parent=14646"}],"curies":[{"name":"wp","href":"https:\/\/api.w.org\/{rel}","templated":true}]}}