{"id":14638,"date":"2025-12-05T10:28:16","date_gmt":"2025-12-05T09:28:16","guid":{"rendered":"https:\/\/talentus.ontwikkeladres.nl\/werkgevers\/waarom-talentus\/hr-loonadministratie-payroll\/"},"modified":"2026-01-14T16:22:28","modified_gmt":"2026-01-14T15:22:28","slug":"administration-rh-et-salariale","status":"publish","type":"page","link":"https:\/\/talentus.ontwikkeladres.nl\/fr\/employeurs\/pourquoi-talentus\/administration-rh-et-salariale\/","title":{"rendered":"Administration des ressources humaines et des salaires"},"content":{"rendered":"<div class=\"wpb-content-wrapper\"><p>[vc_row full_width=\u00a0\u00bbstretch_row\u00a0\u00bb content_placement=\u00a0\u00bbbottom\u00a0\u00bb bg_img_position=\u00a0\u00bbright\u00a0\u00bb bg_color=\u00a0\u00bbbg_gray_light\u00a0\u00bb css=\u00a0\u00bb.vc_custom_1767899830875{background-color: bg_green !important;}\u00a0\u00bb bg_custom_img=\u00a0\u00bb14964&Prime;][vc_column width=\u00a0\u00bb1\/2&Prime;]\n        <div class=\"sd-block-breadcrumb  align-left marginbottom-60px\n        \">\n            <ul id=\"breadcrumbs\" class=\"breadcrumbs\"><\/ul>\n        <\/div>\n        <div class=\"sd-block-title \">\n            <h1 class=\"sd-block-title-htag  marginbottom-30px align-left color-white\n            \"><span> Administration des ressources humaines et des salaires<\/span><span class=\"title-background\"><svg preserveAspectRatio=\"none\" viewBox=\"0 0 220.1 39.64\" width=\"15px\" height=\"15px\" xmlns=\"http:\/\/www.w3.org\/2000\/svg\"><path d=\"m212.32,4.8c-3.09-.76-6.19-1.35-9.28-2-11.4,1.25-22.8,2.3-34.2,2.27C118.74,4.96,68.63,2.91,18.56.05,9.37-.48,3.36,2.86,0,25.08c3.43,3.67,7.12,10.86,10.94,11.18,42.92,4.1,85.75,4.64,128.62.66,14.39-.14,28.81,3.57,43.16,2.45,6.78-.53,13.55-1.54,20.32-2.7,2.49.02,4.98.05,7.47.07,3.19.03,6.39-8.55,9.59-13.13-2.58-6.55-4.89-18.13-7.78-18.8Z\" style=\"stroke-width:0px;\" fill=\"currentColor\" \/><\/svg><\/span>\n\t\t\t<\/h1>\n        <\/div>\n        <div class=\"sd-block-text  marginbottom-30px mobile_marginbottom-0px\n        \">\n            <p>La croissance n\u00e9cessite de se concentrer. Talentus soutient les entreprises avec des solutions RH flexibles, des services de paie et de r\u00e9mun\u00e9ration, afin que tu puisses te concentrer pleinement sur ton c\u0153ur de m\u00e9tier.<\/p>\n\n        <\/div>\n        <div class=\"sd-block-button  marginbottom-30px button-type-background\">\n            <a class=\"inner-button\"\n            href=\"https:\/\/talentus.ontwikkeladres.nl\/fr\/contact\/\" title=\"Contacte-nous\">\n\t\t\t\t\tContacte-nous\n\t\t\t\t\t<svg height=\"15px\" width=\"15px\" xmlns=\"http:\/\/www.w3.org\/2000\/svg\" version=\"1.1\" viewBox=\"0 0 15 11.2\"><path fill=\"currentColor\" d=\"M14.7,6.3c.4-.4.4-1,0-1.3L10,.3c-.4-.4-1-.4-1.3,0-.3.4-.4,1,0,1.3l3.1,3.1H.9c-.5,0-.9.4-.9.9s.4.9.9.9h10.9l-3.1,3.1c-.4.4-.4,1,0,1.3s1,.4,1.3,0l4.7-4.7h0Z\"\/><\/svg>\n            <\/a>\n        <\/div>[\/vc_column][vc_column width=\u00a0\u00bb1\/2&Prime;][\/vc_column][\/vc_row][vc_row full_width=\u00a0\u00bbstretch_row\u00a0\u00bb row_divider=\u00a0\u00bbsvg_white\u00a0\u00bb css=\u00a0\u00bb.vc_custom_1765196339264{background-color: bg_gray_light !important;}\u00a0\u00bb][vc_column width=\u00a0\u00bb1\/12&Prime;][\/vc_column][vc_column width=\u00a0\u00bb5\/12&Prime;]\n        <div class=\"sd-block-title \">\n            <h2 class=\"sd-block-title-htag  marginbottom-30px align-left\n            \"><span> Pourquoi externaliser les RH ?<\/span>\n\t\t\t<\/h2>\n        <\/div>\n        <div class=\"sd-block-text  marginbottom-0px mobile_marginbottom-30px\n        \">\n            <ul>\n<li><strong>Gain de temps :<\/strong> concentre-toi sur ton activit\u00e9, nous te d\u00e9chargeons des processus administratifs et de ressources humaines.<\/li>\n<li><strong>S\u00e9curit\u00e9 :<\/strong> s&rsquo;appuyer sur des fiches de paie correctes et le respect de la loi.<\/li>\n<li><strong>Flexibilit\u00e9 :<\/strong> opte pour des co\u00fbts transparents et des solutions RH sur mesure.<\/li>\n<\/ul>\n\n        <\/div>[\/vc_column][vc_column width=\u00a0\u00bb1\/12&Prime;][\/vc_column][vc_column width=\u00a0\u00bb5\/12&Prime;]\n        <div class=\"sd-block-image image-count-1  align-Left marginbottom-0px image-style-single mobile_marginbottom-30px\n        \"><span>\n\t\t\t\t\t<svg width=\"32px\" height=\"44px\" preserveAspectRatio=\"none\" xmlns=\"http:\/\/www.w3.org\/2000\/svg\" viewBox=\"0 0 320 440.27\"><path class=\"background\" d=\"M288.65,26.72c3.33-8.59,7.09-17.48,11.35-26.72h20v20s-12.09,1.96-31.35,6.72ZM295.18,265.4c14.55,135.78-88.46,192.48-168.46,170.14-25.91-7.22-53.89-22.98-74.7-48.45C7.82,350.88-21.57,283.5,20,177.68,75.54,36.27,300,0,300,0H0v440.27h320V20c-49.75,107.95-33.04,168.78-24.82,245.39Z\"\/><path class=\"drop\" d=\"M275.18,245.4c14.55,135.78-88.46,192.48-168.46,170.14-18.29-5.09-37.6-14.44-54.7-28.45,20.81,25.47,48.79,41.23,74.7,48.45,80,22.33,183.01-34.36,168.46-170.14-8.22-76.62-24.93-137.45,24.82-245.39h0s-12.09,1.96-31.35,6.72c-35.59,91.75-20.99,148.62-13.47,218.67Z\"\/><\/svg>\n\t\t\t\t\t<img decoding=\"async\" title=\"\" alt=\"\" src=\"https:\/\/talentus.ontwikkeladres.nl\/wp-content\/uploads\/2025\/12\/AdobeStock_613147927_750x500px.jpg\">\n\t\t\t\t<\/span>\n        <\/div>[\/vc_column][\/vc_row][vc_row full_width=\u00a0\u00bbstretch_row\u00a0\u00bb content_placement=\u00a0\u00bbmiddle\u00a0\u00bb bg_color=\u00a0\u00bbbg_gray_light\u00a0\u00bb row_divider=\u00a0\u00bbsvg_gray_light\u00a0\u00bb css=\u00a0\u00bb.vc_custom_1765196334691{background-color: bg_gray_light !important;}\u00a0\u00bb][vc_column width=\u00a0\u00bb5\/12&Prime;]\n        <div class=\"sd-block-image image-count-1  align-Left marginbottom-0px image-style-single mobile_marginbottom-30px\n        \"><span>\n\t\t\t\t\t<svg width=\"32px\" height=\"44px\" preserveAspectRatio=\"none\" xmlns=\"http:\/\/www.w3.org\/2000\/svg\" viewBox=\"0 0 320 440.27\"><path class=\"background\" d=\"M288.65,26.72c3.33-8.59,7.09-17.48,11.35-26.72h20v20s-12.09,1.96-31.35,6.72ZM295.18,265.4c14.55,135.78-88.46,192.48-168.46,170.14-25.91-7.22-53.89-22.98-74.7-48.45C7.82,350.88-21.57,283.5,20,177.68,75.54,36.27,300,0,300,0H0v440.27h320V20c-49.75,107.95-33.04,168.78-24.82,245.39Z\"\/><path class=\"drop\" d=\"M275.18,245.4c14.55,135.78-88.46,192.48-168.46,170.14-18.29-5.09-37.6-14.44-54.7-28.45,20.81,25.47,48.79,41.23,74.7,48.45,80,22.33,183.01-34.36,168.46-170.14-8.22-76.62-24.93-137.45,24.82-245.39h0s-12.09,1.96-31.35,6.72c-35.59,91.75-20.99,148.62-13.47,218.67Z\"\/><\/svg>\n\t\t\t\t\t<img decoding=\"async\" title=\"\" alt=\"\" src=\"https:\/\/talentus.ontwikkeladres.nl\/wp-content\/uploads\/2025\/12\/AdobeStock_564248623_750x500px.jpg\">\n\t\t\t\t<\/span>\n        <\/div>[\/vc_column][vc_column width=\u00a0\u00bb1\/12&Prime;][\/vc_column][vc_column width=\u00a0\u00bb5\/12&Prime;]\n        <div class=\"sd-block-title \">\n            <h2 class=\"sd-block-title-htag  marginbottom-30px align-left\n            \"><span> Nos solutions RH<\/span>\n\t\t\t<\/h2>\n        <\/div>\n        <div class=\"sd-block-text  marginbottom-30px\n        \">\n            <ul>\n<li><strong>Paie :<\/strong> administration correcte de la paie, enti\u00e8rement conforme \u00e0 la l\u00e9gislation.<\/li>\n<li><strong>Soutien au recrutement :<\/strong> de la publication de l&rsquo;offre d&#8217;emploi \u00e0 la s\u00e9lection et \u00e0 l&rsquo;int\u00e9gration.<\/li>\n<li><strong>Administration des ressources humaines :<\/strong> contrats, r\u00e9glementations, conformit\u00e9.<\/li>\n<li><strong>Onboarding &amp; \u00e9valuations :<\/strong> conseils et suivi d\u00e8s le premier jour.<\/li>\n<li><strong>Soutien flexible en mati\u00e8re de ressources humaines (RH) :<\/strong> temporaire ou structurel, toujours adapt\u00e9 \u00e0 tes besoins.<\/li>\n<\/ul>\n\n        <\/div>[\/vc_column][vc_column width=\u00a0\u00bb1\/12&Prime;][\/vc_column][\/vc_row][vc_row full_width=\u00a0\u00bbstretch_row\u00a0\u00bb row_divider=\u00a0\u00bbsvg_white\u00a0\u00bb css=\u00a0\u00bb.vc_custom_1765196339264{background-color: bg_gray_light !important;}\u00a0\u00bb][vc_column width=\u00a0\u00bb1\/12&Prime;][\/vc_column][vc_column width=\u00a0\u00bb5\/12&Prime;]\n        <div class=\"sd-block-title \">\n            <h2 class=\"sd-block-title-htag  marginbottom-30px align-left\n            \"><span> Notre approche<\/span>\n\t\t\t<\/h2>\n        <\/div>\n        <div class=\"sd-block-text  marginbottom-0px mobile_marginbottom-30px\n        \">\n            <ul>\n<li><strong>Analyse :<\/strong> compr\u00e9hension de tes besoins en mati\u00e8re de ressources humaines et de tes points faibles.<\/li>\n<li><strong>Mise en \u0153uvre :<\/strong> avec des outils et des conseils pratiques.<\/li>\n<li><strong>Suivi :<\/strong> optimisation continue et rapports clairs.<\/li>\n<\/ul>\n\n        <\/div>[\/vc_column][vc_column width=\u00a0\u00bb1\/12&Prime;][\/vc_column][vc_column width=\u00a0\u00bb5\/12&Prime;]\n        <div class=\"sd-block-image image-count-1  align-Left marginbottom-0px image-style-single mobile_marginbottom-30px\n        \"><span>\n\t\t\t\t\t<svg width=\"32px\" height=\"44px\" preserveAspectRatio=\"none\" xmlns=\"http:\/\/www.w3.org\/2000\/svg\" viewBox=\"0 0 320 440.27\"><path class=\"background\" d=\"M288.65,26.72c3.33-8.59,7.09-17.48,11.35-26.72h20v20s-12.09,1.96-31.35,6.72ZM295.18,265.4c14.55,135.78-88.46,192.48-168.46,170.14-25.91-7.22-53.89-22.98-74.7-48.45C7.82,350.88-21.57,283.5,20,177.68,75.54,36.27,300,0,300,0H0v440.27h320V20c-49.75,107.95-33.04,168.78-24.82,245.39Z\"\/><path class=\"drop\" d=\"M275.18,245.4c14.55,135.78-88.46,192.48-168.46,170.14-18.29-5.09-37.6-14.44-54.7-28.45,20.81,25.47,48.79,41.23,74.7,48.45,80,22.33,183.01-34.36,168.46-170.14-8.22-76.62-24.93-137.45,24.82-245.39h0s-12.09,1.96-31.35,6.72c-35.59,91.75-20.99,148.62-13.47,218.67Z\"\/><\/svg>\n\t\t\t\t\t<img decoding=\"async\" title=\"\" alt=\"\" src=\"https:\/\/talentus.ontwikkeladres.nl\/wp-content\/uploads\/2025\/12\/AdobeStock_726623392_750x500px.jpg\">\n\t\t\t\t<\/span>\n        <\/div>[\/vc_column][\/vc_row][vc_row full_width=\u00a0\u00bbstretch_row\u00a0\u00bb content_placement=\u00a0\u00bbmiddle\u00a0\u00bb bg_color=\u00a0\u00bbbg_gray_light\u00a0\u00bb row_divider=\u00a0\u00bbsvg_gray_light\u00a0\u00bb][vc_column width=\u00a0\u00bb3\/12&Prime;][\/vc_column][vc_column width=\u00a0\u00bb6\/12&Prime;]\n        <div class=\"sd-block-text  marginbottom-30px\n        \">\n            <p style=\"text-align: center;\"><strong>D\u00e9couvre comment nos services de soutien aux RH et de paie aideront ton entreprise \u00e0 aller de l&rsquo;avant, demande un audit ou un devis sans engagement.<\/strong><\/p>\n\n        <\/div>\n        <div class=\"sd-block-button  marginbottom-0px align-center button-type-background\">\n            <a class=\"inner-button\"\n            href=\"https:\/\/talentus.ontwikkeladres.nl\/fr\/contact\/\" title=\"Demande un devis\">\n\t\t\t\t\tDemande un devis\n\t\t\t\t\t<svg height=\"15px\" width=\"15px\" xmlns=\"http:\/\/www.w3.org\/2000\/svg\" version=\"1.1\" viewBox=\"0 0 15 11.2\"><path fill=\"currentColor\" d=\"M14.7,6.3c.4-.4.4-1,0-1.3L10,.3c-.4-.4-1-.4-1.3,0-.3.4-.4,1,0,1.3l3.1,3.1H.9c-.5,0-.9.4-.9.9s.4.9.9.9h10.9l-3.1,3.1c-.4.4-.4,1,0,1.3s1,.4,1.3,0l4.7-4.7h0Z\"\/><\/svg>\n            <\/a>\n        <\/div>[\/vc_column][vc_column width=\u00a0\u00bb3\/12&Prime;][\/vc_column][\/vc_row]<\/p>\n<\/div>","protected":false},"excerpt":{"rendered":"<p>[vc_row full_width=\u00a0\u00bbstretch_row\u00a0\u00bb content_placement=\u00a0\u00bbbottom\u00a0\u00bb bg_img_position=\u00a0\u00bbright\u00a0\u00bb bg_color=\u00a0\u00bbbg_gray_light\u00a0\u00bb css=\u00a0\u00bb.vc_custom_1767899830875{background-color: bg_green !important;}\u00a0\u00bb bg_custom_img=\u00a0\u00bb14964&Prime;][vc_column width=\u00a0\u00bb1\/2&Prime;][\/vc_column][vc_column width=\u00a0\u00bb1\/2&Prime;][\/vc_column][\/vc_row][vc_row full_width=\u00a0\u00bbstretch_row\u00a0\u00bb row_divider=\u00a0\u00bbsvg_white\u00a0\u00bb css=\u00a0\u00bb.vc_custom_1765196339264{background-color: bg_gray_light !important;}\u00a0\u00bb][vc_column width=\u00a0\u00bb1\/12&Prime;][\/vc_column][vc_column width=\u00a0\u00bb5\/12&Prime;][\/vc_column][vc_column width=\u00a0\u00bb1\/12&Prime;][\/vc_column][vc_column width=\u00a0\u00bb5\/12&Prime;][\/vc_column][\/vc_row][vc_row full_width=\u00a0\u00bbstretch_row\u00a0\u00bb content_placement=\u00a0\u00bbmiddle\u00a0\u00bb bg_color=\u00a0\u00bbbg_gray_light\u00a0\u00bb row_divider=\u00a0\u00bbsvg_gray_light\u00a0\u00bb css=\u00a0\u00bb.vc_custom_1765196334691{background-color: bg_gray_light !important;}\u00a0\u00bb][vc_column width=\u00a0\u00bb5\/12&Prime;][\/vc_column][vc_column width=\u00a0\u00bb1\/12&Prime;][\/vc_column][vc_column width=\u00a0\u00bb5\/12&Prime;][\/vc_column][vc_column width=\u00a0\u00bb1\/12&Prime;][\/vc_column][\/vc_row][vc_row full_width=\u00a0\u00bbstretch_row\u00a0\u00bb row_divider=\u00a0\u00bbsvg_white\u00a0\u00bb css=\u00a0\u00bb.vc_custom_1765196339264{background-color: bg_gray_light !important;}\u00a0\u00bb][vc_column width=\u00a0\u00bb1\/12&Prime;][\/vc_column][vc_column width=\u00a0\u00bb5\/12&Prime;][\/vc_column][vc_column width=\u00a0\u00bb1\/12&Prime;][\/vc_column][vc_column width=\u00a0\u00bb5\/12&Prime;][\/vc_column][\/vc_row][vc_row full_width=\u00a0\u00bbstretch_row\u00a0\u00bb content_placement=\u00a0\u00bbmiddle\u00a0\u00bb bg_color=\u00a0\u00bbbg_gray_light\u00a0\u00bb row_divider=\u00a0\u00bbsvg_gray_light\u00a0\u00bb][vc_column width=\u00a0\u00bb3\/12&Prime;][\/vc_column][vc_column width=\u00a0\u00bb6\/12&Prime;][\/vc_column][vc_column width=\u00a0\u00bb3\/12&Prime;][\/vc_column][\/vc_row]<\/p>\n","protected":false},"author":1,"featured_media":0,"parent":14636,"menu_order":0,"comment_status":"closed","ping_status":"closed","template":"","meta":{"_acf_changed":false,"footnotes":""},"class_list":["post-14638","page","type-page","status-publish","hentry"],"acf":[],"yoast_head":"<!-- This site is optimized with the Yoast SEO plugin v26.8-RC7 - https:\/\/yoast.com\/product\/yoast-seo-wordpress\/ -->\n<title>Solutions RH et paie | Talentus.<\/title>\n<meta name=\"description\" content=\"Gagne du temps et \u00e9vite les erreurs gr\u00e2ce aux solutions RH et aux services de paie de Talentus. De la paie au soutien des ressources humaines en passant par l&#039;onboarding : nous nous en occupons.\" \/>\n<meta name=\"robots\" content=\"noindex, follow, max-snippet:-1, max-image-preview:large, max-video-preview:-1\" \/>\n<meta property=\"og:locale\" content=\"fr_FR\" \/>\n<meta property=\"og:type\" content=\"article\" \/>\n<meta property=\"og:title\" content=\"Solutions RH et paie | Talentus.\" \/>\n<meta property=\"og:description\" content=\"Gagne du temps et \u00e9vite les erreurs gr\u00e2ce aux solutions RH et aux services de paie de Talentus. De la paie au soutien des ressources humaines en passant par l&#039;onboarding : nous nous en occupons.\" \/>\n<meta property=\"og:url\" content=\"https:\/\/talentus.ontwikkeladres.nl\/fr\/employeurs\/pourquoi-talentus\/administration-rh-et-salariale\/\" \/>\n<meta property=\"og:site_name\" content=\"Talentus\" \/>\n<meta property=\"article:publisher\" content=\"https:\/\/www.facebook.com\/Talentus.be\/\" \/>\n<meta property=\"article:modified_time\" content=\"2026-01-14T15:22:28+00:00\" \/>\n<meta property=\"og:image\" content=\"https:\/\/talentus.ontwikkeladres.nl\/wp-content\/uploads\/2025\/12\/Social-share.jpg\" \/>\n\t<meta property=\"og:image:width\" content=\"1200\" \/>\n\t<meta property=\"og:image:height\" content=\"630\" \/>\n\t<meta property=\"og:image:type\" content=\"image\/jpeg\" \/>\n<meta name=\"twitter:card\" content=\"summary_large_image\" \/>\n<meta name=\"twitter:label1\" content=\"Dur\u00e9e de lecture estim\u00e9e\" \/>\n\t<meta name=\"twitter:data1\" content=\"3 minutes\" \/>\n<script type=\"application\/ld+json\" class=\"yoast-schema-graph\">{\"@context\":\"https:\/\/schema.org\",\"@graph\":[{\"@type\":\"WebPage\",\"@id\":\"https:\/\/talentus.ontwikkeladres.nl\/fr\/employeurs\/pourquoi-talentus\/administration-rh-et-salariale\/\",\"url\":\"https:\/\/talentus.ontwikkeladres.nl\/fr\/employeurs\/pourquoi-talentus\/administration-rh-et-salariale\/\",\"name\":\"Solutions RH et paie | Talentus.\",\"isPartOf\":{\"@id\":\"https:\/\/talentus.ontwikkeladres.nl\/fr\/#website\"},\"datePublished\":\"2025-12-05T09:28:16+00:00\",\"dateModified\":\"2026-01-14T15:22:28+00:00\",\"description\":\"Gagne du temps et \u00e9vite les erreurs gr\u00e2ce aux solutions RH et aux services de paie de Talentus. De la paie au soutien des ressources humaines en passant par l'onboarding : nous nous en occupons.\",\"breadcrumb\":{\"@id\":\"https:\/\/talentus.ontwikkeladres.nl\/fr\/employeurs\/pourquoi-talentus\/administration-rh-et-salariale\/#breadcrumb\"},\"inLanguage\":\"fr-FR\",\"potentialAction\":[{\"@type\":\"ReadAction\",\"target\":[\"https:\/\/talentus.ontwikkeladres.nl\/fr\/employeurs\/pourquoi-talentus\/administration-rh-et-salariale\/\"]}]},{\"@type\":\"BreadcrumbList\",\"@id\":\"https:\/\/talentus.ontwikkeladres.nl\/fr\/employeurs\/pourquoi-talentus\/administration-rh-et-salariale\/#breadcrumb\",\"itemListElement\":[{\"@type\":\"ListItem\",\"position\":1,\"name\":\"Home\",\"item\":\"https:\/\/talentus.ontwikkeladres.nl\/fr\/\"},{\"@type\":\"ListItem\",\"position\":2,\"name\":\"Employeurs\",\"item\":\"https:\/\/talentus.ontwikkeladres.nl\/fr\/employeurs\/\"},{\"@type\":\"ListItem\",\"position\":3,\"name\":\"Pourquoi Talentus ?\",\"item\":\"https:\/\/talentus.ontwikkeladres.nl\/fr\/employeurs\/pourquoi-talentus\/\"},{\"@type\":\"ListItem\",\"position\":4,\"name\":\"Administration des ressources humaines et des salaires\"}]},{\"@type\":\"WebSite\",\"@id\":\"https:\/\/talentus.ontwikkeladres.nl\/fr\/#website\",\"url\":\"https:\/\/talentus.ontwikkeladres.nl\/fr\/\",\"name\":\"Talentus\",\"description\":\"Talentus website\",\"publisher\":{\"@id\":\"https:\/\/talentus.ontwikkeladres.nl\/fr\/#organization\"},\"inLanguage\":\"fr-FR\"},{\"@type\":\"Organization\",\"@id\":\"https:\/\/talentus.ontwikkeladres.nl\/fr\/#organization\",\"name\":\"Talentus\",\"url\":\"https:\/\/talentus.ontwikkeladres.nl\/fr\/\",\"logo\":{\"@type\":\"ImageObject\",\"inLanguage\":\"fr-FR\",\"@id\":\"https:\/\/talentus.ontwikkeladres.nl\/fr\/#\/schema\/logo\/image\/\",\"url\":\"https:\/\/talentus.ontwikkeladres.nl\/wp-content\/uploads\/2025\/12\/Social-share.jpg\",\"contentUrl\":\"https:\/\/talentus.ontwikkeladres.nl\/wp-content\/uploads\/2025\/12\/Social-share.jpg\",\"width\":1200,\"height\":630,\"caption\":\"Talentus\"},\"image\":{\"@id\":\"https:\/\/talentus.ontwikkeladres.nl\/fr\/#\/schema\/logo\/image\/\"},\"sameAs\":[\"https:\/\/www.facebook.com\/Talentus.be\/\",\"https:\/\/www.instagram.com\/talentus.be\/\",\"https:\/\/www.linkedin.com\/company\/talentus\/\"]}]}<\/script>\n<!-- \/ Yoast SEO plugin. -->","yoast_head_json":{"title":"Solutions RH et paie | Talentus.","description":"Gagne du temps et \u00e9vite les erreurs gr\u00e2ce aux solutions RH et aux services de paie de Talentus. De la paie au soutien des ressources humaines en passant par l'onboarding : nous nous en occupons.","robots":{"index":"noindex","follow":"follow","max-snippet":"max-snippet:-1","max-image-preview":"max-image-preview:large","max-video-preview":"max-video-preview:-1"},"og_locale":"fr_FR","og_type":"article","og_title":"Solutions RH et paie | Talentus.","og_description":"Gagne du temps et \u00e9vite les erreurs gr\u00e2ce aux solutions RH et aux services de paie de Talentus. De la paie au soutien des ressources humaines en passant par l'onboarding : nous nous en occupons.","og_url":"https:\/\/talentus.ontwikkeladres.nl\/fr\/employeurs\/pourquoi-talentus\/administration-rh-et-salariale\/","og_site_name":"Talentus","article_publisher":"https:\/\/www.facebook.com\/Talentus.be\/","article_modified_time":"2026-01-14T15:22:28+00:00","og_image":[{"width":1200,"height":630,"url":"https:\/\/talentus.ontwikkeladres.nl\/wp-content\/uploads\/2025\/12\/Social-share.jpg","type":"image\/jpeg"}],"twitter_card":"summary_large_image","twitter_misc":{"Dur\u00e9e de lecture estim\u00e9e":"3 minutes"},"schema":{"@context":"https:\/\/schema.org","@graph":[{"@type":"WebPage","@id":"https:\/\/talentus.ontwikkeladres.nl\/fr\/employeurs\/pourquoi-talentus\/administration-rh-et-salariale\/","url":"https:\/\/talentus.ontwikkeladres.nl\/fr\/employeurs\/pourquoi-talentus\/administration-rh-et-salariale\/","name":"Solutions RH et paie | Talentus.","isPartOf":{"@id":"https:\/\/talentus.ontwikkeladres.nl\/fr\/#website"},"datePublished":"2025-12-05T09:28:16+00:00","dateModified":"2026-01-14T15:22:28+00:00","description":"Gagne du temps et \u00e9vite les erreurs gr\u00e2ce aux solutions RH et aux services de paie de Talentus. De la paie au soutien des ressources humaines en passant par l'onboarding : nous nous en occupons.","breadcrumb":{"@id":"https:\/\/talentus.ontwikkeladres.nl\/fr\/employeurs\/pourquoi-talentus\/administration-rh-et-salariale\/#breadcrumb"},"inLanguage":"fr-FR","potentialAction":[{"@type":"ReadAction","target":["https:\/\/talentus.ontwikkeladres.nl\/fr\/employeurs\/pourquoi-talentus\/administration-rh-et-salariale\/"]}]},{"@type":"BreadcrumbList","@id":"https:\/\/talentus.ontwikkeladres.nl\/fr\/employeurs\/pourquoi-talentus\/administration-rh-et-salariale\/#breadcrumb","itemListElement":[{"@type":"ListItem","position":1,"name":"Home","item":"https:\/\/talentus.ontwikkeladres.nl\/fr\/"},{"@type":"ListItem","position":2,"name":"Employeurs","item":"https:\/\/talentus.ontwikkeladres.nl\/fr\/employeurs\/"},{"@type":"ListItem","position":3,"name":"Pourquoi Talentus ?","item":"https:\/\/talentus.ontwikkeladres.nl\/fr\/employeurs\/pourquoi-talentus\/"},{"@type":"ListItem","position":4,"name":"Administration des ressources humaines et des salaires"}]},{"@type":"WebSite","@id":"https:\/\/talentus.ontwikkeladres.nl\/fr\/#website","url":"https:\/\/talentus.ontwikkeladres.nl\/fr\/","name":"Talentus","description":"Talentus website","publisher":{"@id":"https:\/\/talentus.ontwikkeladres.nl\/fr\/#organization"},"inLanguage":"fr-FR"},{"@type":"Organization","@id":"https:\/\/talentus.ontwikkeladres.nl\/fr\/#organization","name":"Talentus","url":"https:\/\/talentus.ontwikkeladres.nl\/fr\/","logo":{"@type":"ImageObject","inLanguage":"fr-FR","@id":"https:\/\/talentus.ontwikkeladres.nl\/fr\/#\/schema\/logo\/image\/","url":"https:\/\/talentus.ontwikkeladres.nl\/wp-content\/uploads\/2025\/12\/Social-share.jpg","contentUrl":"https:\/\/talentus.ontwikkeladres.nl\/wp-content\/uploads\/2025\/12\/Social-share.jpg","width":1200,"height":630,"caption":"Talentus"},"image":{"@id":"https:\/\/talentus.ontwikkeladres.nl\/fr\/#\/schema\/logo\/image\/"},"sameAs":["https:\/\/www.facebook.com\/Talentus.be\/","https:\/\/www.instagram.com\/talentus.be\/","https:\/\/www.linkedin.com\/company\/talentus\/"]}]}},"_links":{"self":[{"href":"https:\/\/talentus.ontwikkeladres.nl\/fr\/wp-json\/wp\/v2\/pages\/14638","targetHints":{"allow":["GET"]}}],"collection":[{"href":"https:\/\/talentus.ontwikkeladres.nl\/fr\/wp-json\/wp\/v2\/pages"}],"about":[{"href":"https:\/\/talentus.ontwikkeladres.nl\/fr\/wp-json\/wp\/v2\/types\/page"}],"author":[{"embeddable":true,"href":"https:\/\/talentus.ontwikkeladres.nl\/fr\/wp-json\/wp\/v2\/users\/1"}],"replies":[{"embeddable":true,"href":"https:\/\/talentus.ontwikkeladres.nl\/fr\/wp-json\/wp\/v2\/comments?post=14638"}],"version-history":[{"count":24,"href":"https:\/\/talentus.ontwikkeladres.nl\/fr\/wp-json\/wp\/v2\/pages\/14638\/revisions"}],"predecessor-version":[{"id":16938,"href":"https:\/\/talentus.ontwikkeladres.nl\/fr\/wp-json\/wp\/v2\/pages\/14638\/revisions\/16938"}],"up":[{"embeddable":true,"href":"https:\/\/talentus.ontwikkeladres.nl\/fr\/wp-json\/wp\/v2\/pages\/14636"}],"wp:attachment":[{"href":"https:\/\/talentus.ontwikkeladres.nl\/fr\/wp-json\/wp\/v2\/media?parent=14638"}],"curies":[{"name":"wp","href":"https:\/\/api.w.org\/{rel}","templated":true}]}}