{"id":14565,"date":"2025-12-05T10:47:25","date_gmt":"2025-12-05T09:47:25","guid":{"rendered":"https:\/\/talentus.ontwikkeladres.nl\/werken-bij-talentus\/waarom-werken-bij-talentus\/collegas-aan-het-woord\/"},"modified":"2025-12-24T12:07:55","modified_gmt":"2025-12-24T11:07:55","slug":"des-collegues-sexpriment","status":"publish","type":"page","link":"https:\/\/talentus.ontwikkeladres.nl\/fr\/travailler-a-talentus\/pourquoi-travailler-a-talentus\/des-collegues-sexpriment\/","title":{"rendered":"Des coll\u00e8gues s&rsquo;expriment"},"content":{"rendered":"<div class=\"wpb-content-wrapper\"><p>[vc_row full_width=\u00a0\u00bbstretch_row\u00a0\u00bb bg_color=\u00a0\u00bbbg_gray_light\u00a0\u00bb css=\u00a0\u00bb.vc_custom_1765270547932{padding-bottom: 0px !important;background-color: bg_gray_light !important;}\u00a0\u00bb][vc_column]\n            <div class=\"sd-block-testimonial-highlight\">\n                <div class=\"content\">\n                    \n        <div class=\"sd-block-breadcrumb  align-left marginbottom-0px\n        \">\n            <ul id=\"breadcrumbs\" class=\"breadcrumbs\"><\/ul>\n        <\/div>\n                    \n        <div class=\"sd-block-title \">\n            <h1 class=\"sd-block-title-htag  marginbottom-30px align-left color-black font-xlarge\n            \"><span> Rencontrez Jolien, Recruitment Consultant<\/span>\n\t\t\t<\/h1>\n        <\/div>\n                    \n        <div class=\"sd-block-text  marginbottom-30px\n        \">\n            <p>Travailler chez Talentus, c\u2019est faire \u00e9voluer les autres et soi-m\u00eame chaque jour, dans un environnement qui mise sur la confiance et les opportunit\u00e9s.<\/p>\n\n        <\/div>\n                    \n        <div class=\"sd-block-button  marginbottom-0px align-left button-type-background button-size-large\">\n            <a class=\"inner-button\"\n            href=\"https:\/\/talentus.ontwikkeladres.nl\/fr\/travail-a-talentus\/testimonials\/jolien-smout\/\" title=\"Lire l\u2019histoire\">\n\t\t\t\t\tLire l\u2019histoire\n\t\t\t\t\t<svg height=\"15px\" width=\"15px\" xmlns=\"http:\/\/www.w3.org\/2000\/svg\" version=\"1.1\" viewBox=\"0 0 15 11.2\"><path fill=\"currentColor\" d=\"M14.7,6.3c.4-.4.4-1,0-1.3L10,.3c-.4-.4-1-.4-1.3,0-.3.4-.4,1,0,1.3l3.1,3.1H.9c-.5,0-.9.4-.9.9s.4.9.9.9h10.9l-3.1,3.1c-.4.4-.4,1,0,1.3s1,.4,1.3,0l4.7-4.7h0Z\"\/><\/svg>\n            <\/a>\n        <\/div>\n                <\/div>\n                <div class=\"background-image\">\n                    <img decoding=\"async\" src=\"https:\/\/talentus.ontwikkeladres.nl\/wp-content\/uploads\/2026\/03\/talentus-website-Jolien-Smout.jpg\" alt=\"Jolien Smout\">\n                    <svg preserveAspectRatio=\"none\" width=\"15px\" height=\"15px\" xmlns=\"http:\/\/www.w3.org\/2000\/svg\" viewBox=\"0 0 335.43 221.51\"><path class=\"background\" d=\"M335.43,0v3.98c-62.02,13.52-108.57,3.26-163.3-2.61C44.8-12.28-11.87,79.1,2.06,155.87c.69,3.81,1.56,7.58,2.59,11.31,5.06,18.17,14.39,37.38,28.4,54.34h-7.91s-25.15,0-25.15,0V0h335.43Z\"\/><path class=\"drop\" d=\"M173.79,14.36C53.58,1.48-3.64,82.21,2.06,155.87-11.87,79.1,44.8-12.28,172.13,1.36c54.73,5.87,101.28,16.13,163.3,2.61v13.36c-61.19,12.98-107.4,2.85-161.64-2.97Z\"\/><\/svg>\n                <\/div>\n            <\/div>[\/vc_column][\/vc_row][vc_row full_width=\u00a0\u00bbstretch_row\u00a0\u00bb bg_color=\u00a0\u00bbbg_white\u00a0\u00bb row_divider=\u00a0\u00bbsvg_white\u00a0\u00bb css=\u00a0\u00bb.vc_custom_1765270530511{background-color: bg_gray_light !important;}\u00a0\u00bb][vc_column]\n        <div class=\"sd-block-testimonial-overview\n        \t marginbottom-0px mobile_marginbottom-0px\n\t\t\" data-atts=\"{&quot;posts_per_page&quot;:&quot;-1&quot;,&quot;pagination&quot;:&quot;no&quot;,&quot;exclude_first&quot;:&quot;no&quot;}\" data-page-id=\"1\">\n            <div class=\"testimonial-grid\">\n                        <a title=\"Jolien Smout\" href=\"https:\/\/talentus.ontwikkeladres.nl\/fr\/travail-a-talentus\/testimonials\/jolien-smout\/\" class=\"testimonial-tile\">\n                            <div class=\"author\">\n                                \n        <div class=\"sd-block-title \">\n            <h2 class=\"sd-block-title-htag  marginbottom-0px align-left color-white font-small\n            \"><span> Meet Jolien<\/span>\n\t\t\t<\/h2>\n        <\/div>\n                                <div class=\"job-description\">Recruitment Consultant<\/div>\n                            <\/div>\n                            <img decoding=\"async\" src=\"https:\/\/talentus.ontwikkeladres.nl\/wp-content\/uploads\/2026\/03\/talentus-website-Jolien-Smout.jpg\" alt=\"Jolien Smout\">\n                            <div class=\"testimonial-button\">\n                                <svg height=\"15px\" width=\"15px\" xmlns=\"http:\/\/www.w3.org\/2000\/svg\" version=\"1.1\" viewBox=\"0 0 15 11.2\"><path fill=\"currentColor\" d=\"M14.7,6.3c.4-.4.4-1,0-1.3L10,.3c-.4-.4-1-.4-1.3,0-.3.4-.4,1,0,1.3l3.1,3.1H.9c-.5,0-.9.4-.9.9s.4.9.9.9h10.9l-3.1,3.1c-.4.4-.4,1,0,1.3s1,.4,1.3,0l4.7-4.7h0Z\"\/><\/svg>\n                            <\/div>\n                        <\/a>\n                        <a title=\"Denise\" href=\"https:\/\/talentus.ontwikkeladres.nl\/fr\/travail-a-talentus\/testimonials\/denise\/\" class=\"testimonial-tile\">\n                            <div class=\"author\">\n                                \n        <div class=\"sd-block-title \">\n            <h2 class=\"sd-block-title-htag  marginbottom-0px align-left color-white font-small\n            \"><span> Meet Denise<\/span>\n\t\t\t<\/h2>\n        <\/div>\n                                <div class=\"job-description\">Recruitment Consultant<\/div>\n                            <\/div>\n                            <img decoding=\"async\" src=\"https:\/\/talentus.ontwikkeladres.nl\/wp-content\/uploads\/2026\/03\/talentus-website-Denise.jpg\" alt=\"Denise\">\n                            <div class=\"testimonial-button\">\n                                <svg height=\"15px\" width=\"15px\" xmlns=\"http:\/\/www.w3.org\/2000\/svg\" version=\"1.1\" viewBox=\"0 0 15 11.2\"><path fill=\"currentColor\" d=\"M14.7,6.3c.4-.4.4-1,0-1.3L10,.3c-.4-.4-1-.4-1.3,0-.3.4-.4,1,0,1.3l3.1,3.1H.9c-.5,0-.9.4-.9.9s.4.9.9.9h10.9l-3.1,3.1c-.4.4-.4,1,0,1.3s1,.4,1.3,0l4.7-4.7h0Z\"\/><\/svg>\n                            <\/div>\n                        <\/a>\n                        <a title=\"Bianca\" href=\"https:\/\/talentus.ontwikkeladres.nl\/fr\/travail-a-talentus\/testimonials\/collega-aan-het-woord-bianca\/\" class=\"testimonial-tile\">\n                            <div class=\"author\">\n                                \n        <div class=\"sd-block-title \">\n            <h2 class=\"sd-block-title-htag  marginbottom-0px align-left color-white font-small\n            \"><span> Meet Bianca<\/span>\n\t\t\t<\/h2>\n        <\/div>\n                                <div class=\"job-description\">Recruitment Expert<\/div>\n                            <\/div>\n                            <img decoding=\"async\" src=\"https:\/\/talentus.ontwikkeladres.nl\/wp-content\/uploads\/2026\/01\/Talentus-Branch-Manager-Bianca.jpg\" alt=\"Bianca\">\n                            <div class=\"testimonial-button\">\n                                <svg height=\"15px\" width=\"15px\" xmlns=\"http:\/\/www.w3.org\/2000\/svg\" version=\"1.1\" viewBox=\"0 0 15 11.2\"><path fill=\"currentColor\" d=\"M14.7,6.3c.4-.4.4-1,0-1.3L10,.3c-.4-.4-1-.4-1.3,0-.3.4-.4,1,0,1.3l3.1,3.1H.9c-.5,0-.9.4-.9.9s.4.9.9.9h10.9l-3.1,3.1c-.4.4-.4,1,0,1.3s1,.4,1.3,0l4.7-4.7h0Z\"\/><\/svg>\n                            <\/div>\n                        <\/a>\n                        <a title=\"Yoni\" href=\"https:\/\/talentus.ontwikkeladres.nl\/fr\/travail-a-talentus\/testimonials\/collega-aan-het-woord-yoni\/\" class=\"testimonial-tile\">\n                            <div class=\"author\">\n                                \n        <div class=\"sd-block-title \">\n            <h2 class=\"sd-block-title-htag  marginbottom-0px align-left color-white font-small\n            \"><span> Meet Yoni<\/span>\n\t\t\t<\/h2>\n        <\/div>\n                                <div class=\"job-description\">Branch Manager<\/div>\n                            <\/div>\n                            <img decoding=\"async\" src=\"https:\/\/talentus.ontwikkeladres.nl\/wp-content\/uploads\/2025\/12\/Talentus-Branch-Manager-Yoni-new.png\" alt=\"Yoni\">\n                            <div class=\"testimonial-button\">\n                                <svg height=\"15px\" width=\"15px\" xmlns=\"http:\/\/www.w3.org\/2000\/svg\" version=\"1.1\" viewBox=\"0 0 15 11.2\"><path fill=\"currentColor\" d=\"M14.7,6.3c.4-.4.4-1,0-1.3L10,.3c-.4-.4-1-.4-1.3,0-.3.4-.4,1,0,1.3l3.1,3.1H.9c-.5,0-.9.4-.9.9s.4.9.9.9h10.9l-3.1,3.1c-.4.4-.4,1,0,1.3s1,.4,1.3,0l4.7-4.7h0Z\"\/><\/svg>\n                            <\/div>\n                        <\/a><\/div><\/div>[\/vc_column][\/vc_row]<\/p>\n<\/div>","protected":false},"excerpt":{"rendered":"<p>[vc_row full_width=\u00a0\u00bbstretch_row\u00a0\u00bb bg_color=\u00a0\u00bbbg_gray_light\u00a0\u00bb css=\u00a0\u00bb.vc_custom_1765270547932{padding-bottom: 0px !important;background-color: bg_gray_light !important;}\u00a0\u00bb][vc_column][\/vc_column][\/vc_row][vc_row full_width=\u00a0\u00bbstretch_row\u00a0\u00bb bg_color=\u00a0\u00bbbg_white\u00a0\u00bb row_divider=\u00a0\u00bbsvg_white\u00a0\u00bb css=\u00a0\u00bb.vc_custom_1765270530511{background-color: bg_gray_light !important;}\u00a0\u00bb][vc_column][\/vc_column][\/vc_row]<\/p>\n","protected":false},"author":1,"featured_media":0,"parent":14561,"menu_order":0,"comment_status":"closed","ping_status":"closed","template":"","meta":{"_acf_changed":false,"footnotes":""},"class_list":["post-14565","page","type-page","status-publish","hentry"],"acf":[],"yoast_head":"<!-- This site is optimized with the Yoast SEO plugin v26.8-RC7 - https:\/\/yoast.com\/product\/yoast-seo-wordpress\/ -->\n<title>Des coll\u00e8gues s&#039;expriment | Talentus<\/title>\n<meta name=\"description\" content=\"D\u00e9couvre les histoires de nos coll\u00e8gues \u00e0 Talentus. Lis leurs exp\u00e9riences et d\u00e9couvre les coulisses du travail chez Talentus.\" \/>\n<meta name=\"robots\" content=\"noindex, follow, max-snippet:-1, max-image-preview:large, max-video-preview:-1\" \/>\n<meta property=\"og:locale\" content=\"fr_FR\" \/>\n<meta property=\"og:type\" content=\"article\" \/>\n<meta property=\"og:title\" content=\"Des coll\u00e8gues s&#039;expriment | Talentus\" \/>\n<meta property=\"og:description\" content=\"D\u00e9couvre les histoires de nos coll\u00e8gues \u00e0 Talentus. Lis leurs exp\u00e9riences et d\u00e9couvre les coulisses du travail chez Talentus.\" \/>\n<meta property=\"og:url\" content=\"https:\/\/talentus.ontwikkeladres.nl\/fr\/travailler-a-talentus\/pourquoi-travailler-a-talentus\/des-collegues-sexpriment\/\" \/>\n<meta property=\"og:site_name\" content=\"Talentus\" \/>\n<meta property=\"article:publisher\" content=\"https:\/\/www.facebook.com\/Talentus.be\/\" \/>\n<meta property=\"article:modified_time\" content=\"2025-12-24T11:07:55+00:00\" \/>\n<meta property=\"og:image\" content=\"https:\/\/talentus.ontwikkeladres.nl\/wp-content\/uploads\/2025\/12\/Social-share.jpg\" \/>\n\t<meta property=\"og:image:width\" content=\"1200\" \/>\n\t<meta property=\"og:image:height\" content=\"630\" \/>\n\t<meta property=\"og:image:type\" content=\"image\/jpeg\" \/>\n<meta name=\"twitter:card\" content=\"summary_large_image\" \/>\n<meta name=\"twitter:label1\" content=\"Dur\u00e9e de lecture estim\u00e9e\" \/>\n\t<meta name=\"twitter:data1\" content=\"1 minute\" \/>\n<script type=\"application\/ld+json\" class=\"yoast-schema-graph\">{\"@context\":\"https:\/\/schema.org\",\"@graph\":[{\"@type\":\"WebPage\",\"@id\":\"https:\/\/talentus.ontwikkeladres.nl\/fr\/travailler-a-talentus\/pourquoi-travailler-a-talentus\/des-collegues-sexpriment\/\",\"url\":\"https:\/\/talentus.ontwikkeladres.nl\/fr\/travailler-a-talentus\/pourquoi-travailler-a-talentus\/des-collegues-sexpriment\/\",\"name\":\"Des coll\u00e8gues s'expriment | Talentus\",\"isPartOf\":{\"@id\":\"https:\/\/talentus.ontwikkeladres.nl\/fr\/#website\"},\"datePublished\":\"2025-12-05T09:47:25+00:00\",\"dateModified\":\"2025-12-24T11:07:55+00:00\",\"description\":\"D\u00e9couvre les histoires de nos coll\u00e8gues \u00e0 Talentus. Lis leurs exp\u00e9riences et d\u00e9couvre les coulisses du travail chez Talentus.\",\"breadcrumb\":{\"@id\":\"https:\/\/talentus.ontwikkeladres.nl\/fr\/travailler-a-talentus\/pourquoi-travailler-a-talentus\/des-collegues-sexpriment\/#breadcrumb\"},\"inLanguage\":\"fr-FR\",\"potentialAction\":[{\"@type\":\"ReadAction\",\"target\":[\"https:\/\/talentus.ontwikkeladres.nl\/fr\/travailler-a-talentus\/pourquoi-travailler-a-talentus\/des-collegues-sexpriment\/\"]}]},{\"@type\":\"BreadcrumbList\",\"@id\":\"https:\/\/talentus.ontwikkeladres.nl\/fr\/travailler-a-talentus\/pourquoi-travailler-a-talentus\/des-collegues-sexpriment\/#breadcrumb\",\"itemListElement\":[{\"@type\":\"ListItem\",\"position\":1,\"name\":\"Home\",\"item\":\"https:\/\/talentus.ontwikkeladres.nl\/fr\/\"},{\"@type\":\"ListItem\",\"position\":2,\"name\":\"Travailler \u00e0 Talentus\",\"item\":\"https:\/\/talentus.ontwikkeladres.nl\/fr\/travailler-a-talentus\/\"},{\"@type\":\"ListItem\",\"position\":3,\"name\":\"Pourquoi travailler \u00e0 Talentus ?\",\"item\":\"https:\/\/talentus.ontwikkeladres.nl\/fr\/travailler-a-talentus\/pourquoi-travailler-a-talentus\/\"},{\"@type\":\"ListItem\",\"position\":4,\"name\":\"Des coll\u00e8gues s&rsquo;expriment\"}]},{\"@type\":\"WebSite\",\"@id\":\"https:\/\/talentus.ontwikkeladres.nl\/fr\/#website\",\"url\":\"https:\/\/talentus.ontwikkeladres.nl\/fr\/\",\"name\":\"Talentus\",\"description\":\"Talentus website\",\"publisher\":{\"@id\":\"https:\/\/talentus.ontwikkeladres.nl\/fr\/#organization\"},\"inLanguage\":\"fr-FR\"},{\"@type\":\"Organization\",\"@id\":\"https:\/\/talentus.ontwikkeladres.nl\/fr\/#organization\",\"name\":\"Talentus\",\"url\":\"https:\/\/talentus.ontwikkeladres.nl\/fr\/\",\"logo\":{\"@type\":\"ImageObject\",\"inLanguage\":\"fr-FR\",\"@id\":\"https:\/\/talentus.ontwikkeladres.nl\/fr\/#\/schema\/logo\/image\/\",\"url\":\"https:\/\/talentus.ontwikkeladres.nl\/wp-content\/uploads\/2025\/12\/Social-share.jpg\",\"contentUrl\":\"https:\/\/talentus.ontwikkeladres.nl\/wp-content\/uploads\/2025\/12\/Social-share.jpg\",\"width\":1200,\"height\":630,\"caption\":\"Talentus\"},\"image\":{\"@id\":\"https:\/\/talentus.ontwikkeladres.nl\/fr\/#\/schema\/logo\/image\/\"},\"sameAs\":[\"https:\/\/www.facebook.com\/Talentus.be\/\",\"https:\/\/www.instagram.com\/talentus.be\/\",\"https:\/\/www.linkedin.com\/company\/talentus\/\"]}]}<\/script>\n<!-- \/ Yoast SEO plugin. -->","yoast_head_json":{"title":"Des coll\u00e8gues s'expriment | Talentus","description":"D\u00e9couvre les histoires de nos coll\u00e8gues \u00e0 Talentus. Lis leurs exp\u00e9riences et d\u00e9couvre les coulisses du travail chez Talentus.","robots":{"index":"noindex","follow":"follow","max-snippet":"max-snippet:-1","max-image-preview":"max-image-preview:large","max-video-preview":"max-video-preview:-1"},"og_locale":"fr_FR","og_type":"article","og_title":"Des coll\u00e8gues s'expriment | Talentus","og_description":"D\u00e9couvre les histoires de nos coll\u00e8gues \u00e0 Talentus. Lis leurs exp\u00e9riences et d\u00e9couvre les coulisses du travail chez Talentus.","og_url":"https:\/\/talentus.ontwikkeladres.nl\/fr\/travailler-a-talentus\/pourquoi-travailler-a-talentus\/des-collegues-sexpriment\/","og_site_name":"Talentus","article_publisher":"https:\/\/www.facebook.com\/Talentus.be\/","article_modified_time":"2025-12-24T11:07:55+00:00","og_image":[{"width":1200,"height":630,"url":"https:\/\/talentus.ontwikkeladres.nl\/wp-content\/uploads\/2025\/12\/Social-share.jpg","type":"image\/jpeg"}],"twitter_card":"summary_large_image","twitter_misc":{"Dur\u00e9e de lecture estim\u00e9e":"1 minute"},"schema":{"@context":"https:\/\/schema.org","@graph":[{"@type":"WebPage","@id":"https:\/\/talentus.ontwikkeladres.nl\/fr\/travailler-a-talentus\/pourquoi-travailler-a-talentus\/des-collegues-sexpriment\/","url":"https:\/\/talentus.ontwikkeladres.nl\/fr\/travailler-a-talentus\/pourquoi-travailler-a-talentus\/des-collegues-sexpriment\/","name":"Des coll\u00e8gues s'expriment | Talentus","isPartOf":{"@id":"https:\/\/talentus.ontwikkeladres.nl\/fr\/#website"},"datePublished":"2025-12-05T09:47:25+00:00","dateModified":"2025-12-24T11:07:55+00:00","description":"D\u00e9couvre les histoires de nos coll\u00e8gues \u00e0 Talentus. Lis leurs exp\u00e9riences et d\u00e9couvre les coulisses du travail chez Talentus.","breadcrumb":{"@id":"https:\/\/talentus.ontwikkeladres.nl\/fr\/travailler-a-talentus\/pourquoi-travailler-a-talentus\/des-collegues-sexpriment\/#breadcrumb"},"inLanguage":"fr-FR","potentialAction":[{"@type":"ReadAction","target":["https:\/\/talentus.ontwikkeladres.nl\/fr\/travailler-a-talentus\/pourquoi-travailler-a-talentus\/des-collegues-sexpriment\/"]}]},{"@type":"BreadcrumbList","@id":"https:\/\/talentus.ontwikkeladres.nl\/fr\/travailler-a-talentus\/pourquoi-travailler-a-talentus\/des-collegues-sexpriment\/#breadcrumb","itemListElement":[{"@type":"ListItem","position":1,"name":"Home","item":"https:\/\/talentus.ontwikkeladres.nl\/fr\/"},{"@type":"ListItem","position":2,"name":"Travailler \u00e0 Talentus","item":"https:\/\/talentus.ontwikkeladres.nl\/fr\/travailler-a-talentus\/"},{"@type":"ListItem","position":3,"name":"Pourquoi travailler \u00e0 Talentus ?","item":"https:\/\/talentus.ontwikkeladres.nl\/fr\/travailler-a-talentus\/pourquoi-travailler-a-talentus\/"},{"@type":"ListItem","position":4,"name":"Des coll\u00e8gues s&rsquo;expriment"}]},{"@type":"WebSite","@id":"https:\/\/talentus.ontwikkeladres.nl\/fr\/#website","url":"https:\/\/talentus.ontwikkeladres.nl\/fr\/","name":"Talentus","description":"Talentus website","publisher":{"@id":"https:\/\/talentus.ontwikkeladres.nl\/fr\/#organization"},"inLanguage":"fr-FR"},{"@type":"Organization","@id":"https:\/\/talentus.ontwikkeladres.nl\/fr\/#organization","name":"Talentus","url":"https:\/\/talentus.ontwikkeladres.nl\/fr\/","logo":{"@type":"ImageObject","inLanguage":"fr-FR","@id":"https:\/\/talentus.ontwikkeladres.nl\/fr\/#\/schema\/logo\/image\/","url":"https:\/\/talentus.ontwikkeladres.nl\/wp-content\/uploads\/2025\/12\/Social-share.jpg","contentUrl":"https:\/\/talentus.ontwikkeladres.nl\/wp-content\/uploads\/2025\/12\/Social-share.jpg","width":1200,"height":630,"caption":"Talentus"},"image":{"@id":"https:\/\/talentus.ontwikkeladres.nl\/fr\/#\/schema\/logo\/image\/"},"sameAs":["https:\/\/www.facebook.com\/Talentus.be\/","https:\/\/www.instagram.com\/talentus.be\/","https:\/\/www.linkedin.com\/company\/talentus\/"]}]}},"_links":{"self":[{"href":"https:\/\/talentus.ontwikkeladres.nl\/fr\/wp-json\/wp\/v2\/pages\/14565","targetHints":{"allow":["GET"]}}],"collection":[{"href":"https:\/\/talentus.ontwikkeladres.nl\/fr\/wp-json\/wp\/v2\/pages"}],"about":[{"href":"https:\/\/talentus.ontwikkeladres.nl\/fr\/wp-json\/wp\/v2\/types\/page"}],"author":[{"embeddable":true,"href":"https:\/\/talentus.ontwikkeladres.nl\/fr\/wp-json\/wp\/v2\/users\/1"}],"replies":[{"embeddable":true,"href":"https:\/\/talentus.ontwikkeladres.nl\/fr\/wp-json\/wp\/v2\/comments?post=14565"}],"version-history":[{"count":5,"href":"https:\/\/talentus.ontwikkeladres.nl\/fr\/wp-json\/wp\/v2\/pages\/14565\/revisions"}],"predecessor-version":[{"id":15660,"href":"https:\/\/talentus.ontwikkeladres.nl\/fr\/wp-json\/wp\/v2\/pages\/14565\/revisions\/15660"}],"up":[{"embeddable":true,"href":"https:\/\/talentus.ontwikkeladres.nl\/fr\/wp-json\/wp\/v2\/pages\/14561"}],"wp:attachment":[{"href":"https:\/\/talentus.ontwikkeladres.nl\/fr\/wp-json\/wp\/v2\/media?parent=14565"}],"curies":[{"name":"wp","href":"https:\/\/api.w.org\/{rel}","templated":true}]}}