{"id":14559,"date":"2025-12-05T10:38:21","date_gmt":"2025-12-05T09:38:21","guid":{"rendered":"https:\/\/talentus.ontwikkeladres.nl\/blijven-groeien\/"},"modified":"2026-01-13T17:24:45","modified_gmt":"2026-01-13T16:24:45","slug":"continuer-a-evoluer","status":"publish","type":"page","link":"https:\/\/talentus.ontwikkeladres.nl\/fr\/travailler-a-talentus\/pourquoi-travailler-a-talentus\/continuer-a-evoluer\/","title":{"rendered":"Continue \u00e0 grandir"},"content":{"rendered":"<div class=\"wpb-content-wrapper\"><p>[vc_row full_width=\u00a0\u00bbstretch_row\u00a0\u00bb bg_img_position=\u00a0\u00bbright\u00a0\u00bb bg_color=\u00a0\u00bbbg_gray_light\u00a0\u00bb css=\u00a0\u00bb.vc_custom_1766069537608{background-color: bg_gray_light !important;}\u00a0\u00bb bg_custom_img=\u00a0\u00bb14949&Prime;][vc_column width=\u00a0\u00bb1\/2&Prime;]\n        <div class=\"sd-block-breadcrumb  align-left marginbottom-60px\n        \">\n            <ul id=\"breadcrumbs\" class=\"breadcrumbs\"><\/ul>\n        <\/div>\n        <div class=\"sd-block-title \">\n            <h1 class=\"sd-block-title-htag  marginbottom-30px align-left\n            \"><span> D\u00e9veloppement et formation<\/span>\n\t\t\t<\/h1>\n        <\/div>\n        <div class=\"sd-block-text  marginbottom-0px mobile_marginbottom-0px\n        \">\n            <p>Nous voulons que tu fasses toi aussi partie de notre histoire ! Gr\u00e2ce \u00e0 nos ann\u00e9es d&rsquo;exp\u00e9rience dans le secteur, nous avons mis au point des formations sur mesure que nous adaptons en permanence aux besoins de nos \u00e9quipes.<\/p>\n\n        <\/div>[\/vc_column][vc_column width=\u00a0\u00bb1\/2&Prime;][\/vc_column][\/vc_row][vc_row full_width=\u00a0\u00bbstretch_row\u00a0\u00bb row_divider=\u00a0\u00bbsvg_white\u00a0\u00bb css=\u00a0\u00bb.vc_custom_1765196339264{background-color: bg_gray_light !important;}\u00a0\u00bb][vc_column width=\u00a0\u00bb1\/12&Prime;][\/vc_column][vc_column width=\u00a0\u00bb4\/12&Prime;]\n        <div class=\"sd-block-title \">\n            <h2 class=\"sd-block-title-htag  marginbottom-30px align-left\n            \"><span> Type de formation<\/span>\n\t\t\t<\/h2>\n        <\/div>\n        <div class=\"sd-block-text  marginbottom-0px mobile_marginbottom-30px\n        \">\n            <p>Tout au long de ta carri\u00e8re chez Talentus, des formateurs internes et externes sont pr\u00e9sents pour stimuler ton apprentissage. Lors de tes premi\u00e8res semaines, tu participeras \u00e0 une Business Academy interne de 4 jours.<\/p>\n<p>Chez Talentus, nous sommes en constante \u00e9volution, c&rsquo;est pourquoi nous pensons qu&rsquo;une formation sp\u00e9cifique est importante pour \u00e9largir encore plus ta fonction.<\/p>\n<p>Tu excelles dans une comp\u00e9tence particuli\u00e8re ? Tu es dou\u00e9 dans l&rsquo;utilisation d&rsquo;un certain outil ? Deviens un expert et partage tes connaissances avec tes coll\u00e8gues !<\/p>\n\n        <\/div>[\/vc_column][vc_column width=\u00a0\u00bb1\/12&Prime;][\/vc_column][vc_column width=\u00a0\u00bb6\/12&Prime;]\n        <div class=\"sd-block-image image-count-1  align-Left marginbottom-0px image-style-single mobile_marginbottom-30px\n        \"><span>\n\t\t\t\t\t<svg width=\"32px\" height=\"44px\" preserveAspectRatio=\"none\" xmlns=\"http:\/\/www.w3.org\/2000\/svg\" viewBox=\"0 0 320 440.27\"><path class=\"background\" d=\"M288.65,26.72c3.33-8.59,7.09-17.48,11.35-26.72h20v20s-12.09,1.96-31.35,6.72ZM295.18,265.4c14.55,135.78-88.46,192.48-168.46,170.14-25.91-7.22-53.89-22.98-74.7-48.45C7.82,350.88-21.57,283.5,20,177.68,75.54,36.27,300,0,300,0H0v440.27h320V20c-49.75,107.95-33.04,168.78-24.82,245.39Z\"\/><path class=\"drop\" d=\"M275.18,245.4c14.55,135.78-88.46,192.48-168.46,170.14-18.29-5.09-37.6-14.44-54.7-28.45,20.81,25.47,48.79,41.23,74.7,48.45,80,22.33,183.01-34.36,168.46-170.14-8.22-76.62-24.93-137.45,24.82-245.39h0s-12.09,1.96-31.35,6.72c-35.59,91.75-20.99,148.62-13.47,218.67Z\"\/><\/svg>\n\t\t\t\t\t<img decoding=\"async\" title=\"\" alt=\"\" src=\"https:\/\/talentus.ontwikkeladres.nl\/wp-content\/uploads\/2025\/12\/AdobeStock_535225628_750x500px.jpg\">\n\t\t\t\t<\/span>\n        <\/div>[\/vc_column][\/vc_row][vc_row full_width=\u00a0\u00bbstretch_row\u00a0\u00bb content_placement=\u00a0\u00bbmiddle\u00a0\u00bb bg_color=\u00a0\u00bbbg_gray_light\u00a0\u00bb row_divider=\u00a0\u00bbsvg_gray_light\u00a0\u00bb css=\u00a0\u00bb.vc_custom_1765196334691{background-color: bg_gray_light !important;}\u00a0\u00bb][vc_column width=\u00a0\u00bb6\/12&Prime;]\n        <div class=\"sd-block-image image-count-1  align-Left marginbottom-0px image-style-single mobile_marginbottom-30px\n        \"><span>\n\t\t\t\t\t<svg width=\"32px\" height=\"44px\" preserveAspectRatio=\"none\" xmlns=\"http:\/\/www.w3.org\/2000\/svg\" viewBox=\"0 0 320 440.27\"><path class=\"background\" d=\"M288.65,26.72c3.33-8.59,7.09-17.48,11.35-26.72h20v20s-12.09,1.96-31.35,6.72ZM295.18,265.4c14.55,135.78-88.46,192.48-168.46,170.14-25.91-7.22-53.89-22.98-74.7-48.45C7.82,350.88-21.57,283.5,20,177.68,75.54,36.27,300,0,300,0H0v440.27h320V20c-49.75,107.95-33.04,168.78-24.82,245.39Z\"\/><path class=\"drop\" d=\"M275.18,245.4c14.55,135.78-88.46,192.48-168.46,170.14-18.29-5.09-37.6-14.44-54.7-28.45,20.81,25.47,48.79,41.23,74.7,48.45,80,22.33,183.01-34.36,168.46-170.14-8.22-76.62-24.93-137.45,24.82-245.39h0s-12.09,1.96-31.35,6.72c-35.59,91.75-20.99,148.62-13.47,218.67Z\"\/><\/svg>\n\t\t\t\t\t<img decoding=\"async\" title=\"\" alt=\"\" src=\"https:\/\/talentus.ontwikkeladres.nl\/wp-content\/uploads\/2025\/12\/AdobeStock_722370823_750x500px.jpg\">\n\t\t\t\t<\/span>\n        <\/div>[\/vc_column][vc_column width=\u00a0\u00bb1\/12&Prime;][\/vc_column][vc_column width=\u00a0\u00bb4\/12&Prime;]\n        <div class=\"sd-block-title \">\n            <h2 class=\"sd-block-title-htag  marginbottom-30px align-left\n            \"><span> Certifi\u00e9 Federgon et VCU<\/span>\n\t\t\t<\/h2>\n        <\/div>\n        <div class=\"sd-block-text  marginbottom-30px\n        \">\n            <p>Chez Talentus, la qualit\u00e9 et la s\u00e9curit\u00e9 vont de pair. Gr\u00e2ce \u00e0 nos <strong>certifications Federgon<\/strong> et\u00a0<strong>VCU<\/strong>, nos experts en Business Support assurent chaque jour un suivi administratif correct, s\u00fbr et fiable de l&rsquo;int\u00e9rim.<\/p>\n\n        <\/div>\n        <div class=\"sd-block-button  marginbottom-0px button-type-background button-size-large\">\n            <a class=\"inner-button\"\n            href=\"https:\/\/federgon.be\/de-federatie\/\" target=\"_blank\" rel=\"nofollow\" title=\"Site web de Federgon\">\n\t\t\t\t\tSite web de Federgon\n\t\t\t\t\t<svg height=\"15px\" width=\"15px\" xmlns=\"http:\/\/www.w3.org\/2000\/svg\" version=\"1.1\" viewBox=\"0 0 15 11.2\"><path fill=\"currentColor\" d=\"M14.7,6.3c.4-.4.4-1,0-1.3L10,.3c-.4-.4-1-.4-1.3,0-.3.4-.4,1,0,1.3l3.1,3.1H.9c-.5,0-.9.4-.9.9s.4.9.9.9h10.9l-3.1,3.1c-.4.4-.4,1,0,1.3s1,.4,1.3,0l4.7-4.7h0Z\"\/><\/svg>\n            <\/a>\n        <\/div>[\/vc_column][vc_column width=\u00a0\u00bb1\/12&Prime;][\/vc_column][\/vc_row][vc_row full_width=\u00a0\u00bbstretch_row\u00a0\u00bb bg_color=\u00a0\u00bbbg_white\u00a0\u00bb row_divider=\u00a0\u00bbsvg_white\u00a0\u00bb css=\u00a0\u00bb.vc_custom_1765196345797{background-color: bg_white !important;}\u00a0\u00bb][vc_column]\n        <div class=\"sd-block-title \">\n            <h2 class=\"sd-block-title-htag  marginbottom-0px align-center\n            \"><span> D\u00e9couvre ce qui rend<\/span><span class=\"title-background\">Talentus<svg preserveAspectRatio=\"none\" viewBox=\"0 0 220.1 39.64\" width=\"15px\" height=\"15px\" xmlns=\"http:\/\/www.w3.org\/2000\/svg\"><path d=\"m212.32,4.8c-3.09-.76-6.19-1.35-9.28-2-11.4,1.25-22.8,2.3-34.2,2.27C118.74,4.96,68.63,2.91,18.56.05,9.37-.48,3.36,2.86,0,25.08c3.43,3.67,7.12,10.86,10.94,11.18,42.92,4.1,85.75,4.64,128.62.66,14.39-.14,28.81,3.57,43.16,2.45,6.78-.53,13.55-1.54,20.32-2.7,2.49.02,4.98.05,7.47.07,3.19.03,6.39-8.55,9.59-13.13-2.58-6.55-4.89-18.13-7.78-18.8Z\" style=\"stroke-width:0px;\" fill=\"currentColor\" \/><\/svg><\/span><span> diff\u00e9rent !<\/span>\n\t\t\t<\/h2>\n        <\/div>\n        <div class=\"sd-block-text  marginbottom-30px\n        \">\n            <p style=\"text-align: center;\">Qu\u2019est-ce qui nous diff\u00e9rencie ? Chez Talentus, tu n\u2019es jamais seul. Nous te soutenons \u00e0 chaque \u00e9tape pour que tu puisses t&rsquo;\u00e9panouir et donner le meilleur de toi-m\u00eame.<\/p>\n<div class=\"vc_row wpb_row vc_inner vc_row-fluid\">\n<div class=\"wpb_column vc_column_container vc_col-sm-4\">\n<div class=\"vc_column-inner\">\n<div class=\"wpb_wrapper\">\n<div class=\"cta-inner\"><\/div>\n<\/div>\n<\/div>\n<\/div>\n<\/div>\n\n        <\/div>[vc_row_inner][vc_column_inner width=\u00a0\u00bb1\/3&Prime;]\n                <a class=\"sd-block-cta  marginbottom-30px bg-light_gray\" title=\"R\u00e9compenses et reconnaissance\" href=\"https:\/\/talentus.ontwikkeladres.nl\/fr\/travailler-a-talentus\/pourquoi-travailler-a-talentus\/recompenses-et-reconnaissance\/\"\n                >\n                    <div class=\"cta-inner\">\n                    \t<img decoding=\"async\" src=\"https:\/\/talentus.ontwikkeladres.nl\/wp-content\/uploads\/2025\/12\/AdobeStock_653191312-800x534.jpeg\" alt=\"\">\n                    \t<div class=\"cta-content\">\n\t\t\t\t\t\t\t<div class=\"sd-block-cta-title\">\n\t\t\t\t\t\t\t\t\n        <div class=\"sd-block-title \">\n            <h3 class=\"sd-block-title-htag  marginbottom-30px align-left\n            \"><span> R\u00e9compenses et reconnaissance<\/span>\n\t\t\t<\/h3>\n        <\/div>\n\t\t\t\t\t\t\t<\/div>\n\t\t\t\t\t\t\t<div class=\"sd-block-cta-text\">\n\t\t\t\t\t\t\t\t\n        <div class=\"sd-block-text  marginbottom-30px\n        \">\n            <p>Reconnaissance globale pour ta motivation et tes r\u00e9sultats !<\/p>\n\n        <\/div>\n\t\t\t\t\t\t\t<\/div>\n\t\t\t\t\t\t\t<div class=\"sd-block-cta-button\">\n\t\t\t\t\t\t\t\t\n        <div class=\"sd-block-button  marginbottom-0px button-type-background button-size-normal\">\n            <span class=\"inner-button\"\n            href=\"\" title=\"En savoir plus\">\n\t\t\t\t\tEn savoir plus\n\t\t\t\t\t<svg height=\"15px\" width=\"15px\" xmlns=\"http:\/\/www.w3.org\/2000\/svg\" version=\"1.1\" viewBox=\"0 0 15 11.2\"><path fill=\"currentColor\" d=\"M14.7,6.3c.4-.4.4-1,0-1.3L10,.3c-.4-.4-1-.4-1.3,0-.3.4-.4,1,0,1.3l3.1,3.1H.9c-.5,0-.9.4-.9.9s.4.9.9.9h10.9l-3.1,3.1c-.4.4-.4,1,0,1.3s1,.4,1.3,0l4.7-4.7h0Z\"\/><\/svg>\n            <\/span>\n        <\/div>\n\t\t\t\t\t\t\t<\/div>\n\t\t\t\t\t\t<\/div>\n                    <\/div>\n                <\/a>[\/vc_column_inner][vc_column_inner width=\u00a0\u00bb1\/3&Prime;]\n                <a class=\"sd-block-cta  marginbottom-30px bg-light_gray\" title=\"Equilibre entre vie professionnelle et vie priv\u00e9e\" href=\"https:\/\/talentus.ontwikkeladres.nl\/fr\/travailler-a-talentus\/pourquoi-travailler-a-talentus\/equilibre-vie-professionnelle-et-vie-privee\/\"\n                >\n                    <div class=\"cta-inner\">\n                    \t<img decoding=\"async\" src=\"https:\/\/talentus.ontwikkeladres.nl\/wp-content\/uploads\/2025\/12\/AdobeStock_553721043_750x500px.jpg\" alt=\"\">\n                    \t<div class=\"cta-content\">\n\t\t\t\t\t\t\t<div class=\"sd-block-cta-title\">\n\t\t\t\t\t\t\t\t\n        <div class=\"sd-block-title \">\n            <h3 class=\"sd-block-title-htag  marginbottom-30px align-left\n            \"><span> Equilibre entre vie professionnelle et vie priv\u00e9e<\/span>\n\t\t\t<\/h3>\n        <\/div>\n\t\t\t\t\t\t\t<\/div>\n\t\t\t\t\t\t\t<div class=\"sd-block-cta-text\">\n\t\t\t\t\t\t\t\t\n        <div class=\"sd-block-text  marginbottom-30px\n        \">\n            <p>Work hard, play hard !<\/p>\n\n        <\/div>\n\t\t\t\t\t\t\t<\/div>\n\t\t\t\t\t\t\t<div class=\"sd-block-cta-button\">\n\t\t\t\t\t\t\t\t\n        <div class=\"sd-block-button  marginbottom-0px button-type-background button-size-normal\">\n            <span class=\"inner-button\"\n            href=\"\" title=\"En savoir plus\">\n\t\t\t\t\tEn savoir plus\n\t\t\t\t\t<svg height=\"15px\" width=\"15px\" xmlns=\"http:\/\/www.w3.org\/2000\/svg\" version=\"1.1\" viewBox=\"0 0 15 11.2\"><path fill=\"currentColor\" d=\"M14.7,6.3c.4-.4.4-1,0-1.3L10,.3c-.4-.4-1-.4-1.3,0-.3.4-.4,1,0,1.3l3.1,3.1H.9c-.5,0-.9.4-.9.9s.4.9.9.9h10.9l-3.1,3.1c-.4.4-.4,1,0,1.3s1,.4,1.3,0l4.7-4.7h0Z\"\/><\/svg>\n            <\/span>\n        <\/div>\n\t\t\t\t\t\t\t<\/div>\n\t\t\t\t\t\t<\/div>\n                    <\/div>\n                <\/a>[\/vc_column_inner][vc_column_inner width=\u00a0\u00bb1\/3&Prime;]\n                <a class=\"sd-block-cta  marginbottom-30px bg-light_gray\" title=\"Typiquement Talentus\" href=\"https:\/\/talentus.ontwikkeladres.nl\/fr\/travailler-a-talentus\/pourquoi-travailler-a-talentus\/lesprit-talentus\/\"\n                >\n                    <div class=\"cta-inner\">\n                    \t<img decoding=\"async\" src=\"https:\/\/talentus.ontwikkeladres.nl\/wp-content\/uploads\/2025\/12\/AdobeStock_132595491-800x533.jpeg\" alt=\"\">\n                    \t<div class=\"cta-content\">\n\t\t\t\t\t\t\t<div class=\"sd-block-cta-title\">\n\t\t\t\t\t\t\t\t\n        <div class=\"sd-block-title \">\n            <h3 class=\"sd-block-title-htag  marginbottom-30px align-left\n            \"><span> Typiquement Talentus<\/span>\n\t\t\t<\/h3>\n        <\/div>\n\t\t\t\t\t\t\t<\/div>\n\t\t\t\t\t\t\t<div class=\"sd-block-cta-text\">\n\t\t\t\t\t\t\t\t\n        <div class=\"sd-block-text  marginbottom-30px\n        \">\n            <p>Notre culture d&rsquo;entreprise<\/p>\n\n        <\/div>\n\t\t\t\t\t\t\t<\/div>\n\t\t\t\t\t\t\t<div class=\"sd-block-cta-button\">\n\t\t\t\t\t\t\t\t\n        <div class=\"sd-block-button  marginbottom-0px button-type-background button-size-normal\">\n            <span class=\"inner-button\"\n            href=\"\" title=\"En savoir plus\">\n\t\t\t\t\tEn savoir plus\n\t\t\t\t\t<svg height=\"15px\" width=\"15px\" xmlns=\"http:\/\/www.w3.org\/2000\/svg\" version=\"1.1\" viewBox=\"0 0 15 11.2\"><path fill=\"currentColor\" d=\"M14.7,6.3c.4-.4.4-1,0-1.3L10,.3c-.4-.4-1-.4-1.3,0-.3.4-.4,1,0,1.3l3.1,3.1H.9c-.5,0-.9.4-.9.9s.4.9.9.9h10.9l-3.1,3.1c-.4.4-.4,1,0,1.3s1,.4,1.3,0l4.7-4.7h0Z\"\/><\/svg>\n            <\/span>\n        <\/div>\n\t\t\t\t\t\t\t<\/div>\n\t\t\t\t\t\t<\/div>\n                    <\/div>\n                <\/a>[\/vc_column_inner][\/vc_row_inner][\/vc_column][\/vc_row]<\/p>\n<\/div>","protected":false},"excerpt":{"rendered":"<p>[vc_row full_width=\u00a0\u00bbstretch_row\u00a0\u00bb bg_img_position=\u00a0\u00bbright\u00a0\u00bb bg_color=\u00a0\u00bbbg_gray_light\u00a0\u00bb css=\u00a0\u00bb.vc_custom_1766069537608{background-color: bg_gray_light !important;}\u00a0\u00bb bg_custom_img=\u00a0\u00bb14949&Prime;][vc_column width=\u00a0\u00bb1\/2&Prime;][\/vc_column][vc_column width=\u00a0\u00bb1\/2&Prime;][\/vc_column][\/vc_row][vc_row full_width=\u00a0\u00bbstretch_row\u00a0\u00bb row_divider=\u00a0\u00bbsvg_white\u00a0\u00bb css=\u00a0\u00bb.vc_custom_1765196339264{background-color: bg_gray_light !important;}\u00a0\u00bb][vc_column width=\u00a0\u00bb1\/12&Prime;][\/vc_column][vc_column width=\u00a0\u00bb4\/12&Prime;][\/vc_column][vc_column width=\u00a0\u00bb1\/12&Prime;][\/vc_column][vc_column width=\u00a0\u00bb6\/12&Prime;][\/vc_column][\/vc_row][vc_row full_width=\u00a0\u00bbstretch_row\u00a0\u00bb content_placement=\u00a0\u00bbmiddle\u00a0\u00bb bg_color=\u00a0\u00bbbg_gray_light\u00a0\u00bb row_divider=\u00a0\u00bbsvg_gray_light\u00a0\u00bb css=\u00a0\u00bb.vc_custom_1765196334691{background-color: bg_gray_light !important;}\u00a0\u00bb][vc_column width=\u00a0\u00bb6\/12&Prime;][\/vc_column][vc_column width=\u00a0\u00bb1\/12&Prime;][\/vc_column][vc_column width=\u00a0\u00bb4\/12&Prime;][\/vc_column][vc_column width=\u00a0\u00bb1\/12&Prime;][\/vc_column][\/vc_row][vc_row full_width=\u00a0\u00bbstretch_row\u00a0\u00bb bg_color=\u00a0\u00bbbg_white\u00a0\u00bb row_divider=\u00a0\u00bbsvg_white\u00a0\u00bb css=\u00a0\u00bb.vc_custom_1765196345797{background-color: bg_white !important;}\u00a0\u00bb][vc_column][vc_row_inner][vc_column_inner width=\u00a0\u00bb1\/3&Prime;][\/vc_column_inner][vc_column_inner width=\u00a0\u00bb1\/3&Prime;][\/vc_column_inner][vc_column_inner width=\u00a0\u00bb1\/3&Prime;][\/vc_column_inner][\/vc_row_inner][\/vc_column][\/vc_row]<\/p>\n","protected":false},"author":1,"featured_media":0,"parent":14561,"menu_order":0,"comment_status":"closed","ping_status":"closed","template":"","meta":{"_acf_changed":false,"footnotes":""},"class_list":["post-14559","page","type-page","status-publish","hentry"],"acf":[],"yoast_head":"<!-- This site is optimized with the Yoast SEO plugin v26.8-RC7 - https:\/\/yoast.com\/product\/yoast-seo-wordpress\/ -->\n<title>Continue \u00e0 grandir | Talentus<\/title>\n<meta name=\"description\" content=\"Continue de grandir chez Talentus ! D\u00e9couvre nos possibilit\u00e9s de formation et de d\u00e9veloppement sur mesure qui continueront \u00e0 faire grandir ton talent et ta carri\u00e8re.\" \/>\n<meta name=\"robots\" content=\"noindex, follow, max-snippet:-1, max-image-preview:large, max-video-preview:-1\" \/>\n<meta property=\"og:locale\" content=\"fr_FR\" \/>\n<meta property=\"og:type\" content=\"article\" \/>\n<meta property=\"og:title\" content=\"Continue \u00e0 grandir | Talentus\" \/>\n<meta property=\"og:description\" content=\"Continue de grandir chez Talentus ! D\u00e9couvre nos possibilit\u00e9s de formation et de d\u00e9veloppement sur mesure qui continueront \u00e0 faire grandir ton talent et ta carri\u00e8re.\" \/>\n<meta property=\"og:url\" content=\"https:\/\/talentus.ontwikkeladres.nl\/fr\/travailler-a-talentus\/pourquoi-travailler-a-talentus\/continuer-a-evoluer\/\" \/>\n<meta property=\"og:site_name\" content=\"Talentus\" \/>\n<meta property=\"article:publisher\" content=\"https:\/\/www.facebook.com\/Talentus.be\/\" \/>\n<meta property=\"article:modified_time\" content=\"2026-01-13T16:24:45+00:00\" \/>\n<meta property=\"og:image\" content=\"https:\/\/talentus.ontwikkeladres.nl\/wp-content\/uploads\/2025\/12\/Social-share.jpg\" \/>\n\t<meta property=\"og:image:width\" content=\"1200\" \/>\n\t<meta property=\"og:image:height\" content=\"630\" \/>\n\t<meta property=\"og:image:type\" content=\"image\/jpeg\" \/>\n<meta name=\"twitter:card\" content=\"summary_large_image\" \/>\n<meta name=\"twitter:label1\" content=\"Dur\u00e9e de lecture estim\u00e9e\" \/>\n\t<meta name=\"twitter:data1\" content=\"3 minutes\" \/>\n<script type=\"application\/ld+json\" class=\"yoast-schema-graph\">{\"@context\":\"https:\/\/schema.org\",\"@graph\":[{\"@type\":\"WebPage\",\"@id\":\"https:\/\/talentus.ontwikkeladres.nl\/fr\/travailler-a-talentus\/pourquoi-travailler-a-talentus\/continuer-a-evoluer\/\",\"url\":\"https:\/\/talentus.ontwikkeladres.nl\/fr\/travailler-a-talentus\/pourquoi-travailler-a-talentus\/continuer-a-evoluer\/\",\"name\":\"Continue \u00e0 grandir | Talentus\",\"isPartOf\":{\"@id\":\"https:\/\/talentus.ontwikkeladres.nl\/fr\/#website\"},\"datePublished\":\"2025-12-05T09:38:21+00:00\",\"dateModified\":\"2026-01-13T16:24:45+00:00\",\"description\":\"Continue de grandir chez Talentus ! D\u00e9couvre nos possibilit\u00e9s de formation et de d\u00e9veloppement sur mesure qui continueront \u00e0 faire grandir ton talent et ta carri\u00e8re.\",\"breadcrumb\":{\"@id\":\"https:\/\/talentus.ontwikkeladres.nl\/fr\/travailler-a-talentus\/pourquoi-travailler-a-talentus\/continuer-a-evoluer\/#breadcrumb\"},\"inLanguage\":\"fr-FR\",\"potentialAction\":[{\"@type\":\"ReadAction\",\"target\":[\"https:\/\/talentus.ontwikkeladres.nl\/fr\/travailler-a-talentus\/pourquoi-travailler-a-talentus\/continuer-a-evoluer\/\"]}]},{\"@type\":\"BreadcrumbList\",\"@id\":\"https:\/\/talentus.ontwikkeladres.nl\/fr\/travailler-a-talentus\/pourquoi-travailler-a-talentus\/continuer-a-evoluer\/#breadcrumb\",\"itemListElement\":[{\"@type\":\"ListItem\",\"position\":1,\"name\":\"Home\",\"item\":\"https:\/\/talentus.ontwikkeladres.nl\/fr\/\"},{\"@type\":\"ListItem\",\"position\":2,\"name\":\"Travailler \u00e0 Talentus\",\"item\":\"https:\/\/talentus.ontwikkeladres.nl\/fr\/travailler-a-talentus\/\"},{\"@type\":\"ListItem\",\"position\":3,\"name\":\"Pourquoi travailler \u00e0 Talentus ?\",\"item\":\"https:\/\/talentus.ontwikkeladres.nl\/fr\/travailler-a-talentus\/pourquoi-travailler-a-talentus\/\"},{\"@type\":\"ListItem\",\"position\":4,\"name\":\"Continue \u00e0 grandir\"}]},{\"@type\":\"WebSite\",\"@id\":\"https:\/\/talentus.ontwikkeladres.nl\/fr\/#website\",\"url\":\"https:\/\/talentus.ontwikkeladres.nl\/fr\/\",\"name\":\"Talentus\",\"description\":\"Talentus website\",\"publisher\":{\"@id\":\"https:\/\/talentus.ontwikkeladres.nl\/fr\/#organization\"},\"inLanguage\":\"fr-FR\"},{\"@type\":\"Organization\",\"@id\":\"https:\/\/talentus.ontwikkeladres.nl\/fr\/#organization\",\"name\":\"Talentus\",\"url\":\"https:\/\/talentus.ontwikkeladres.nl\/fr\/\",\"logo\":{\"@type\":\"ImageObject\",\"inLanguage\":\"fr-FR\",\"@id\":\"https:\/\/talentus.ontwikkeladres.nl\/fr\/#\/schema\/logo\/image\/\",\"url\":\"https:\/\/talentus.ontwikkeladres.nl\/wp-content\/uploads\/2025\/12\/Social-share.jpg\",\"contentUrl\":\"https:\/\/talentus.ontwikkeladres.nl\/wp-content\/uploads\/2025\/12\/Social-share.jpg\",\"width\":1200,\"height\":630,\"caption\":\"Talentus\"},\"image\":{\"@id\":\"https:\/\/talentus.ontwikkeladres.nl\/fr\/#\/schema\/logo\/image\/\"},\"sameAs\":[\"https:\/\/www.facebook.com\/Talentus.be\/\",\"https:\/\/www.instagram.com\/talentus.be\/\",\"https:\/\/www.linkedin.com\/company\/talentus\/\"]}]}<\/script>\n<!-- \/ Yoast SEO plugin. -->","yoast_head_json":{"title":"Continue \u00e0 grandir | Talentus","description":"Continue de grandir chez Talentus ! D\u00e9couvre nos possibilit\u00e9s de formation et de d\u00e9veloppement sur mesure qui continueront \u00e0 faire grandir ton talent et ta carri\u00e8re.","robots":{"index":"noindex","follow":"follow","max-snippet":"max-snippet:-1","max-image-preview":"max-image-preview:large","max-video-preview":"max-video-preview:-1"},"og_locale":"fr_FR","og_type":"article","og_title":"Continue \u00e0 grandir | Talentus","og_description":"Continue de grandir chez Talentus ! D\u00e9couvre nos possibilit\u00e9s de formation et de d\u00e9veloppement sur mesure qui continueront \u00e0 faire grandir ton talent et ta carri\u00e8re.","og_url":"https:\/\/talentus.ontwikkeladres.nl\/fr\/travailler-a-talentus\/pourquoi-travailler-a-talentus\/continuer-a-evoluer\/","og_site_name":"Talentus","article_publisher":"https:\/\/www.facebook.com\/Talentus.be\/","article_modified_time":"2026-01-13T16:24:45+00:00","og_image":[{"width":1200,"height":630,"url":"https:\/\/talentus.ontwikkeladres.nl\/wp-content\/uploads\/2025\/12\/Social-share.jpg","type":"image\/jpeg"}],"twitter_card":"summary_large_image","twitter_misc":{"Dur\u00e9e de lecture estim\u00e9e":"3 minutes"},"schema":{"@context":"https:\/\/schema.org","@graph":[{"@type":"WebPage","@id":"https:\/\/talentus.ontwikkeladres.nl\/fr\/travailler-a-talentus\/pourquoi-travailler-a-talentus\/continuer-a-evoluer\/","url":"https:\/\/talentus.ontwikkeladres.nl\/fr\/travailler-a-talentus\/pourquoi-travailler-a-talentus\/continuer-a-evoluer\/","name":"Continue \u00e0 grandir | Talentus","isPartOf":{"@id":"https:\/\/talentus.ontwikkeladres.nl\/fr\/#website"},"datePublished":"2025-12-05T09:38:21+00:00","dateModified":"2026-01-13T16:24:45+00:00","description":"Continue de grandir chez Talentus ! D\u00e9couvre nos possibilit\u00e9s de formation et de d\u00e9veloppement sur mesure qui continueront \u00e0 faire grandir ton talent et ta carri\u00e8re.","breadcrumb":{"@id":"https:\/\/talentus.ontwikkeladres.nl\/fr\/travailler-a-talentus\/pourquoi-travailler-a-talentus\/continuer-a-evoluer\/#breadcrumb"},"inLanguage":"fr-FR","potentialAction":[{"@type":"ReadAction","target":["https:\/\/talentus.ontwikkeladres.nl\/fr\/travailler-a-talentus\/pourquoi-travailler-a-talentus\/continuer-a-evoluer\/"]}]},{"@type":"BreadcrumbList","@id":"https:\/\/talentus.ontwikkeladres.nl\/fr\/travailler-a-talentus\/pourquoi-travailler-a-talentus\/continuer-a-evoluer\/#breadcrumb","itemListElement":[{"@type":"ListItem","position":1,"name":"Home","item":"https:\/\/talentus.ontwikkeladres.nl\/fr\/"},{"@type":"ListItem","position":2,"name":"Travailler \u00e0 Talentus","item":"https:\/\/talentus.ontwikkeladres.nl\/fr\/travailler-a-talentus\/"},{"@type":"ListItem","position":3,"name":"Pourquoi travailler \u00e0 Talentus ?","item":"https:\/\/talentus.ontwikkeladres.nl\/fr\/travailler-a-talentus\/pourquoi-travailler-a-talentus\/"},{"@type":"ListItem","position":4,"name":"Continue \u00e0 grandir"}]},{"@type":"WebSite","@id":"https:\/\/talentus.ontwikkeladres.nl\/fr\/#website","url":"https:\/\/talentus.ontwikkeladres.nl\/fr\/","name":"Talentus","description":"Talentus website","publisher":{"@id":"https:\/\/talentus.ontwikkeladres.nl\/fr\/#organization"},"inLanguage":"fr-FR"},{"@type":"Organization","@id":"https:\/\/talentus.ontwikkeladres.nl\/fr\/#organization","name":"Talentus","url":"https:\/\/talentus.ontwikkeladres.nl\/fr\/","logo":{"@type":"ImageObject","inLanguage":"fr-FR","@id":"https:\/\/talentus.ontwikkeladres.nl\/fr\/#\/schema\/logo\/image\/","url":"https:\/\/talentus.ontwikkeladres.nl\/wp-content\/uploads\/2025\/12\/Social-share.jpg","contentUrl":"https:\/\/talentus.ontwikkeladres.nl\/wp-content\/uploads\/2025\/12\/Social-share.jpg","width":1200,"height":630,"caption":"Talentus"},"image":{"@id":"https:\/\/talentus.ontwikkeladres.nl\/fr\/#\/schema\/logo\/image\/"},"sameAs":["https:\/\/www.facebook.com\/Talentus.be\/","https:\/\/www.instagram.com\/talentus.be\/","https:\/\/www.linkedin.com\/company\/talentus\/"]}]}},"_links":{"self":[{"href":"https:\/\/talentus.ontwikkeladres.nl\/fr\/wp-json\/wp\/v2\/pages\/14559","targetHints":{"allow":["GET"]}}],"collection":[{"href":"https:\/\/talentus.ontwikkeladres.nl\/fr\/wp-json\/wp\/v2\/pages"}],"about":[{"href":"https:\/\/talentus.ontwikkeladres.nl\/fr\/wp-json\/wp\/v2\/types\/page"}],"author":[{"embeddable":true,"href":"https:\/\/talentus.ontwikkeladres.nl\/fr\/wp-json\/wp\/v2\/users\/1"}],"replies":[{"embeddable":true,"href":"https:\/\/talentus.ontwikkeladres.nl\/fr\/wp-json\/wp\/v2\/comments?post=14559"}],"version-history":[{"count":46,"href":"https:\/\/talentus.ontwikkeladres.nl\/fr\/wp-json\/wp\/v2\/pages\/14559\/revisions"}],"predecessor-version":[{"id":16802,"href":"https:\/\/talentus.ontwikkeladres.nl\/fr\/wp-json\/wp\/v2\/pages\/14559\/revisions\/16802"}],"up":[{"embeddable":true,"href":"https:\/\/talentus.ontwikkeladres.nl\/fr\/wp-json\/wp\/v2\/pages\/14561"}],"wp:attachment":[{"href":"https:\/\/talentus.ontwikkeladres.nl\/fr\/wp-json\/wp\/v2\/media?parent=14559"}],"curies":[{"name":"wp","href":"https:\/\/api.w.org\/{rel}","templated":true}]}}