{"id":14550,"date":"2025-12-05T10:45:46","date_gmt":"2025-12-05T09:45:46","guid":{"rendered":"https:\/\/talentus.ontwikkeladres.nl\/?page_id=14550"},"modified":"2026-02-13T12:36:24","modified_gmt":"2026-02-13T11:36:24","slug":"qui-sommes-nous","status":"publish","type":"page","link":"https:\/\/talentus.ontwikkeladres.nl\/fr\/travailler-a-talentus\/pourquoi-travailler-a-talentus\/qui-sommes-nous\/","title":{"rendered":"Qui sommes-nous ?"},"content":{"rendered":"<div class=\"wpb-content-wrapper\"><p>[vc_row full_width=\u00a0\u00bbstretch_row\u00a0\u00bb content_placement=\u00a0\u00bbbottom\u00a0\u00bb bg_img_position=\u00a0\u00bbcenter\u00a0\u00bb bg_color=\u00a0\u00bbbg_gray_light\u00a0\u00bb css=\u00a0\u00bb.vc_custom_1766052029495{background-color: bg_green !important;}\u00a0\u00bb bg_custom_img=\u00a0\u00bb14935&Prime;][vc_column width=\u00a0\u00bb1\/2&Prime;]\n        <div class=\"sd-block-breadcrumb  align-left marginbottom-60px\n        \">\n            <ul id=\"breadcrumbs\" class=\"breadcrumbs\"><\/ul>\n        <\/div>\n        <div class=\"sd-block-title \">\n            <h1 class=\"sd-block-title-htag  marginbottom-30px align-left color-white\n            \"><span> Qui<\/span><span class=\"title-background\">sommes<svg preserveAspectRatio=\"none\" viewBox=\"0 0 220.1 39.64\" width=\"15px\" height=\"15px\" xmlns=\"http:\/\/www.w3.org\/2000\/svg\"><path d=\"m212.32,4.8c-3.09-.76-6.19-1.35-9.28-2-11.4,1.25-22.8,2.3-34.2,2.27C118.74,4.96,68.63,2.91,18.56.05,9.37-.48,3.36,2.86,0,25.08c3.43,3.67,7.12,10.86,10.94,11.18,42.92,4.1,85.75,4.64,128.62.66,14.39-.14,28.81,3.57,43.16,2.45,6.78-.53,13.55-1.54,20.32-2.7,2.49.02,4.98.05,7.47.07,3.19.03,6.39-8.55,9.59-13.13-2.58-6.55-4.89-18.13-7.78-18.8Z\" style=\"stroke-width:0px;\" fill=\"currentColor\" \/><\/svg><\/span><span> nous ?<\/span>\n\t\t\t<\/h1>\n        <\/div>\n        <div class=\"sd-block-text  marginbottom-0px mobile_marginbottom-0px\n        \">\n            <p>Il y a une histoire derri\u00e8re chaque emploi. Nous veillons \u00e0 ce que ton talent se trouve l\u00e0 o\u00f9 il peut s&rsquo;\u00e9panouir.<\/p>\n\n        <\/div>[\/vc_column][vc_column width=\u00a0\u00bb1\/2&Prime;][\/vc_column][\/vc_row][vc_row full_width=\u00a0\u00bbstretch_row\u00a0\u00bb content_placement=\u00a0\u00bbmiddle\u00a0\u00bb row_height=\u00a0\u00bbrow_700px\u00a0\u00bb row_divider=\u00a0\u00bbsvg_white\u00a0\u00bb reverse_columns=\u00a0\u00bbyes\u00a0\u00bb][vc_column width=\u00a0\u00bb1\/2&Prime;]\n        <div class=\"sd-block-image image-count-1  align-center marginbottom-0px image-style-single\n        \"><span>\n\t\t\t\t\t<svg width=\"32px\" height=\"44px\" preserveAspectRatio=\"none\" xmlns=\"http:\/\/www.w3.org\/2000\/svg\" viewBox=\"0 0 320 440.27\"><path class=\"background\" d=\"M288.65,26.72c3.33-8.59,7.09-17.48,11.35-26.72h20v20s-12.09,1.96-31.35,6.72ZM295.18,265.4c14.55,135.78-88.46,192.48-168.46,170.14-25.91-7.22-53.89-22.98-74.7-48.45C7.82,350.88-21.57,283.5,20,177.68,75.54,36.27,300,0,300,0H0v440.27h320V20c-49.75,107.95-33.04,168.78-24.82,245.39Z\"\/><path class=\"drop\" d=\"M275.18,245.4c14.55,135.78-88.46,192.48-168.46,170.14-18.29-5.09-37.6-14.44-54.7-28.45,20.81,25.47,48.79,41.23,74.7,48.45,80,22.33,183.01-34.36,168.46-170.14-8.22-76.62-24.93-137.45,24.82-245.39h0s-12.09,1.96-31.35,6.72c-35.59,91.75-20.99,148.62-13.47,218.67Z\"\/><\/svg>\n\t\t\t\t\t<img decoding=\"async\" title=\"\" alt=\"\" src=\"https:\/\/talentus.ontwikkeladres.nl\/wp-content\/uploads\/2025\/12\/AdobeStock_132595491-2000x1333.jpeg\">\n\t\t\t\t<\/span>\n        <\/div>[\/vc_column][vc_column width=\u00a0\u00bb1\/12&Prime;][\/vc_column][vc_column width=\u00a0\u00bb5\/12&Prime;]\n        <div class=\"sd-block-title \">\n            <h2 class=\"sd-block-title-htag  marginbottom-30px align-left color-dark_gray\n            \"><span class=\"title-background\">Talentus.<svg preserveAspectRatio=\"none\" viewBox=\"0 0 220.1 39.64\" width=\"15px\" height=\"15px\" xmlns=\"http:\/\/www.w3.org\/2000\/svg\"><path d=\"m212.32,4.8c-3.09-.76-6.19-1.35-9.28-2-11.4,1.25-22.8,2.3-34.2,2.27C118.74,4.96,68.63,2.91,18.56.05,9.37-.48,3.36,2.86,0,25.08c3.43,3.67,7.12,10.86,10.94,11.18,42.92,4.1,85.75,4.64,128.62.66,14.39-.14,28.81,3.57,43.16,2.45,6.78-.53,13.55-1.54,20.32-2.7,2.49.02,4.98.05,7.47.07,3.19.03,6.39-8.55,9.59-13.13-2.58-6.55-4.89-18.13-7.78-18.8Z\" style=\"stroke-width:0px;\" fill=\"currentColor\" \/><\/svg><\/span><span> Pour les personnes qui veulent progresser dans leur carri\u00e8re.<\/span>\n\t\t\t<\/h2>\n        <\/div>\n        <div class=\"sd-block-text  marginbottom-30px\n        \">\n            <p>Tu es \u00e0 la recherche d&rsquo;un nouveau d\u00e9fi et tu veux t&rsquo;assurer qu&rsquo;il te convient vraiment ? Talentus, c&rsquo;est avant tout une collaboration. Nous pensons que la bonne ad\u00e9quation entre le talent et l&rsquo;organisation fait la diff\u00e9rence entre un simple boulot et une chouette opportunit\u00e9.<\/p>\n<p>C&rsquo;est pourquoi nous regardons au-del\u00e0 des CV et des offres d&#8217;emploi. Nous \u00e9coutons ton histoire, tes ambitions et tes attentes, et nous te guidons vers un emploi o\u00f9 tu te sens bien et o\u00f9 tu peux t&rsquo;\u00e9panouir.<\/p>\n\n        <\/div>[vc_row_inner][vc_column_inner width=\u00a0\u00bb1\/2&Prime;]\n        <div class=\"sd-block-button  marginbottom-30px button-type-background\">\n            <a class=\"inner-button\"\n            href=\"https:\/\/talentus.ontwikkeladres.nl\/fr\/travailler-a-talentus\/\" title=\"Voir nos offres d'emploi\">\n\t\t\t\t\tVoir nos offres d'emploi\n\t\t\t\t\t<svg height=\"15px\" width=\"15px\" xmlns=\"http:\/\/www.w3.org\/2000\/svg\" version=\"1.1\" viewBox=\"0 0 15 11.2\"><path fill=\"currentColor\" d=\"M14.7,6.3c.4-.4.4-1,0-1.3L10,.3c-.4-.4-1-.4-1.3,0-.3.4-.4,1,0,1.3l3.1,3.1H.9c-.5,0-.9.4-.9.9s.4.9.9.9h10.9l-3.1,3.1c-.4.4-.4,1,0,1.3s1,.4,1.3,0l4.7-4.7h0Z\"\/><\/svg>\n            <\/a>\n        <\/div>[\/vc_column_inner][\/vc_row_inner][\/vc_column][\/vc_row][vc_row full_width=\u00a0\u00bbstretch_row\u00a0\u00bb content_placement=\u00a0\u00bbmiddle\u00a0\u00bb row_height=\u00a0\u00bbrow_700px\u00a0\u00bb bg_color=\u00a0\u00bbbg_gray_light\u00a0\u00bb row_divider=\u00a0\u00bbsvg_gray_light\u00a0\u00bb background_divider=\u00a0\u00bb\u00a0\u00bb background_style=\u00a0\u00bb\u00a0\u00bb css=\u00a0\u00bb.vc_custom_1765207727409{background-color: bg_gray !important;}\u00a0\u00bb][vc_column width=\u00a0\u00bb5\/12&Prime;]\n        <div class=\"sd-block-title \">\n            <h2 class=\"sd-block-title-htag  marginbottom-30px align-left color-white\n            \"><span> Ce que tu peux attendre de Talentus<\/span>\n\t\t\t<\/h2>\n        <\/div>\n        <div class=\"sd-block-text  marginbottom-30px\n        \">\n            <ul>\n<li>Un entretien personnel et humain.<\/li>\n<li>Des offres d&#8217;emploi qui correspondent \u00e0 tes ambitions et \u00e0 ta personnalit\u00e9.<\/li>\n<li>Des conseils honn\u00eates et transparents.<\/li>\n<li>Des conseils et du feedback tout au long du processus.<\/li>\n<\/ul>\n<p>Que tu sois en recherche active ou que tu souhaites simplement te renseigner sur les diff\u00e9rentes opportunit\u00e9s, nous sommes heureux de prendre du temps pour toi.<\/p>\n\n        <\/div>[vc_row_inner][vc_column_inner width=\u00a0\u00bb1\/2&Prime;]\n        <div class=\"sd-block-button  marginbottom-30px button-type-background\">\n            <a class=\"inner-button\"\n            href=\"https:\/\/talentus.ontwikkeladres.nl\/fr\/travailler-a-talentus\/\" title=\"Voir nos offres d'emploi\">\n\t\t\t\t\tVoir nos offres d'emploi\n\t\t\t\t\t<svg height=\"15px\" width=\"15px\" xmlns=\"http:\/\/www.w3.org\/2000\/svg\" version=\"1.1\" viewBox=\"0 0 15 11.2\"><path fill=\"currentColor\" d=\"M14.7,6.3c.4-.4.4-1,0-1.3L10,.3c-.4-.4-1-.4-1.3,0-.3.4-.4,1,0,1.3l3.1,3.1H.9c-.5,0-.9.4-.9.9s.4.9.9.9h10.9l-3.1,3.1c-.4.4-.4,1,0,1.3s1,.4,1.3,0l4.7-4.7h0Z\"\/><\/svg>\n            <\/a>\n        <\/div>[\/vc_column_inner][\/vc_row_inner][\/vc_column][vc_column width=\u00a0\u00bb1\/12&Prime;][\/vc_column][vc_column width=\u00a0\u00bb1\/2&Prime;]\n        <div class=\"sd-block-image image-count-1  align-center marginbottom-30px image-style-single\n        \"><span>\n\t\t\t\t\t<svg width=\"32px\" height=\"44px\" preserveAspectRatio=\"none\" xmlns=\"http:\/\/www.w3.org\/2000\/svg\" viewBox=\"0 0 320 440.27\"><path class=\"background\" d=\"M288.65,26.72c3.33-8.59,7.09-17.48,11.35-26.72h20v20s-12.09,1.96-31.35,6.72ZM295.18,265.4c14.55,135.78-88.46,192.48-168.46,170.14-25.91-7.22-53.89-22.98-74.7-48.45C7.82,350.88-21.57,283.5,20,177.68,75.54,36.27,300,0,300,0H0v440.27h320V20c-49.75,107.95-33.04,168.78-24.82,245.39Z\"\/><path class=\"drop\" d=\"M275.18,245.4c14.55,135.78-88.46,192.48-168.46,170.14-18.29-5.09-37.6-14.44-54.7-28.45,20.81,25.47,48.79,41.23,74.7,48.45,80,22.33,183.01-34.36,168.46-170.14-8.22-76.62-24.93-137.45,24.82-245.39h0s-12.09,1.96-31.35,6.72c-35.59,91.75-20.99,148.62-13.47,218.67Z\"\/><\/svg>\n\t\t\t\t\t<img decoding=\"async\" title=\"\" alt=\"\" src=\"https:\/\/talentus.ontwikkeladres.nl\/wp-content\/uploads\/2025\/12\/AdobeStock_192825974_750x500px.jpg\">\n\t\t\t\t<\/span>\n        <\/div>[\/vc_column][\/vc_row][vc_row full_width=\u00a0\u00bbstretch_row\u00a0\u00bb bg_color=\u00a0\u00bbbg_gray_light\u00a0\u00bb row_divider=\u00a0\u00bbsvg_gray_light\u00a0\u00bb css=\u00a0\u00bb.vc_custom_1765205890230{background-color: bg_white !important;}\u00a0\u00bb][vc_column]\n        <div class=\"sd-block-title \">\n            <h2 class=\"sd-block-title-htag  marginbottom-30px align-center mobile_marginbottom-30px\n            \"><span> Un r\u00e9seau solide,<\/span><span class=\"title-background\">Plus d'opportunit\u00e9s<svg preserveAspectRatio=\"none\" viewBox=\"0 0 220.1 39.64\" width=\"15px\" height=\"15px\" xmlns=\"http:\/\/www.w3.org\/2000\/svg\"><path d=\"m212.32,4.8c-3.09-.76-6.19-1.35-9.28-2-11.4,1.25-22.8,2.3-34.2,2.27C118.74,4.96,68.63,2.91,18.56.05,9.37-.48,3.36,2.86,0,25.08c3.43,3.67,7.12,10.86,10.94,11.18,42.92,4.1,85.75,4.64,128.62.66,14.39-.14,28.81,3.57,43.16,2.45,6.78-.53,13.55-1.54,20.32-2.7,2.49.02,4.98.05,7.47.07,3.19.03,6.39-8.55,9.59-13.13-2.58-6.55-4.89-18.13-7.78-18.8Z\" style=\"stroke-width:0px;\" fill=\"currentColor\" \/><\/svg><\/span>\n\t\t\t<\/h2>\n        <\/div>\n        <div class=\"sd-block-text  marginbottom-30px\n        \">\n            <p style=\"text-align: center;\">Talentus fait partie d&rsquo;un groupe RH dynamique qui collabore autour des talents, du recrutement et des solutions RH. Pour toi, cela signifie : l&rsquo;acc\u00e8s \u00e0 un vaste r\u00e9seau, une expertise suppl\u00e9mentaire et plus d&rsquo;opportunit\u00e9s, avec toujours Talentus comme point de contact permanent.<\/p>\n\n        <\/div>[\/vc_column][\/vc_row]<\/p>\n<\/div>","protected":false},"excerpt":{"rendered":"<p>[vc_row full_width=\u00a0\u00bbstretch_row\u00a0\u00bb content_placement=\u00a0\u00bbbottom\u00a0\u00bb bg_img_position=\u00a0\u00bbcenter\u00a0\u00bb bg_color=\u00a0\u00bbbg_gray_light\u00a0\u00bb css=\u00a0\u00bb.vc_custom_1766052029495{background-color: bg_green !important;}\u00a0\u00bb bg_custom_img=\u00a0\u00bb14935&Prime;][vc_column width=\u00a0\u00bb1\/2&Prime;][\/vc_column][vc_column width=\u00a0\u00bb1\/2&Prime;][\/vc_column][\/vc_row][vc_row full_width=\u00a0\u00bbstretch_row\u00a0\u00bb content_placement=\u00a0\u00bbmiddle\u00a0\u00bb row_height=\u00a0\u00bbrow_700px\u00a0\u00bb row_divider=\u00a0\u00bbsvg_white\u00a0\u00bb reverse_columns=\u00a0\u00bbyes\u00a0\u00bb][vc_column width=\u00a0\u00bb1\/2&Prime;][\/vc_column][vc_column width=\u00a0\u00bb1\/12&Prime;][\/vc_column][vc_column width=\u00a0\u00bb5\/12&Prime;][vc_row_inner][vc_column_inner width=\u00a0\u00bb1\/2&Prime;][\/vc_column_inner][\/vc_row_inner][\/vc_column][\/vc_row][vc_row full_width=\u00a0\u00bbstretch_row\u00a0\u00bb content_placement=\u00a0\u00bbmiddle\u00a0\u00bb row_height=\u00a0\u00bbrow_700px\u00a0\u00bb bg_color=\u00a0\u00bbbg_gray_light\u00a0\u00bb row_divider=\u00a0\u00bbsvg_gray_light\u00a0\u00bb background_divider=\u00a0\u00bb\u00a0\u00bb background_style=\u00a0\u00bb\u00a0\u00bb css=\u00a0\u00bb.vc_custom_1765207727409{background-color: bg_gray !important;}\u00a0\u00bb][vc_column width=\u00a0\u00bb5\/12&Prime;][vc_row_inner][vc_column_inner width=\u00a0\u00bb1\/2&Prime;][\/vc_column_inner][\/vc_row_inner][\/vc_column][vc_column width=\u00a0\u00bb1\/12&Prime;][\/vc_column][vc_column width=\u00a0\u00bb1\/2&Prime;][\/vc_column][\/vc_row][vc_row full_width=\u00a0\u00bbstretch_row\u00a0\u00bb bg_color=\u00a0\u00bbbg_gray_light\u00a0\u00bb row_divider=\u00a0\u00bbsvg_gray_light\u00a0\u00bb css=\u00a0\u00bb.vc_custom_1765205890230{background-color: bg_white !important;}\u00a0\u00bb][vc_column][\/vc_column][\/vc_row]<\/p>\n","protected":false},"author":1,"featured_media":0,"parent":14561,"menu_order":0,"comment_status":"closed","ping_status":"closed","template":"","meta":{"_acf_changed":false,"footnotes":""},"class_list":["post-14550","page","type-page","status-publish","hentry"],"acf":[],"yoast_head":"<!-- This site is optimized with the Yoast SEO plugin v26.8-RC7 - https:\/\/yoast.com\/product\/yoast-seo-wordpress\/ -->\n<title>Qui sommes-nous ? | Talentus<\/title>\n<meta name=\"description\" content=\"D\u00e9couvre Talentus : une organisation de RH engag\u00e9e o\u00f9 ton talent est central et se d\u00e9veloppe dans le cadre d&#039;un emploi et d&#039;un environnement ad\u00e9quats.\" \/>\n<meta name=\"robots\" content=\"noindex, follow, max-snippet:-1, max-image-preview:large, max-video-preview:-1\" \/>\n<meta property=\"og:locale\" content=\"fr_FR\" \/>\n<meta property=\"og:type\" content=\"article\" \/>\n<meta property=\"og:title\" content=\"Qui sommes-nous ? | Talentus\" \/>\n<meta property=\"og:description\" content=\"D\u00e9couvre Talentus : une organisation de RH engag\u00e9e o\u00f9 ton talent est central et se d\u00e9veloppe dans le cadre d&#039;un emploi et d&#039;un environnement ad\u00e9quats.\" \/>\n<meta property=\"og:url\" content=\"https:\/\/talentus.ontwikkeladres.nl\/fr\/travailler-a-talentus\/pourquoi-travailler-a-talentus\/qui-sommes-nous\/\" \/>\n<meta property=\"og:site_name\" content=\"Talentus\" \/>\n<meta property=\"article:publisher\" content=\"https:\/\/www.facebook.com\/Talentus.be\/\" \/>\n<meta property=\"article:modified_time\" content=\"2026-02-13T11:36:24+00:00\" \/>\n<meta property=\"og:image\" content=\"https:\/\/talentus.ontwikkeladres.nl\/wp-content\/uploads\/2025\/12\/Social-share.jpg\" \/>\n\t<meta property=\"og:image:width\" content=\"1200\" \/>\n\t<meta property=\"og:image:height\" content=\"630\" \/>\n\t<meta property=\"og:image:type\" content=\"image\/jpeg\" \/>\n<meta name=\"twitter:card\" content=\"summary_large_image\" \/>\n<meta name=\"twitter:label1\" content=\"Dur\u00e9e de lecture estim\u00e9e\" \/>\n\t<meta name=\"twitter:data1\" content=\"3 minutes\" \/>\n<script type=\"application\/ld+json\" class=\"yoast-schema-graph\">{\"@context\":\"https:\/\/schema.org\",\"@graph\":[{\"@type\":\"WebPage\",\"@id\":\"https:\/\/talentus.ontwikkeladres.nl\/fr\/travailler-a-talentus\/pourquoi-travailler-a-talentus\/qui-sommes-nous\/\",\"url\":\"https:\/\/talentus.ontwikkeladres.nl\/fr\/travailler-a-talentus\/pourquoi-travailler-a-talentus\/qui-sommes-nous\/\",\"name\":\"Qui sommes-nous ? | Talentus\",\"isPartOf\":{\"@id\":\"https:\/\/talentus.ontwikkeladres.nl\/fr\/#website\"},\"datePublished\":\"2025-12-05T09:45:46+00:00\",\"dateModified\":\"2026-02-13T11:36:24+00:00\",\"description\":\"D\u00e9couvre Talentus : une organisation de RH engag\u00e9e o\u00f9 ton talent est central et se d\u00e9veloppe dans le cadre d'un emploi et d'un environnement ad\u00e9quats.\",\"breadcrumb\":{\"@id\":\"https:\/\/talentus.ontwikkeladres.nl\/fr\/travailler-a-talentus\/pourquoi-travailler-a-talentus\/qui-sommes-nous\/#breadcrumb\"},\"inLanguage\":\"fr-FR\",\"potentialAction\":[{\"@type\":\"ReadAction\",\"target\":[\"https:\/\/talentus.ontwikkeladres.nl\/fr\/travailler-a-talentus\/pourquoi-travailler-a-talentus\/qui-sommes-nous\/\"]}]},{\"@type\":\"BreadcrumbList\",\"@id\":\"https:\/\/talentus.ontwikkeladres.nl\/fr\/travailler-a-talentus\/pourquoi-travailler-a-talentus\/qui-sommes-nous\/#breadcrumb\",\"itemListElement\":[{\"@type\":\"ListItem\",\"position\":1,\"name\":\"Home\",\"item\":\"https:\/\/talentus.ontwikkeladres.nl\/fr\/\"},{\"@type\":\"ListItem\",\"position\":2,\"name\":\"Travailler \u00e0 Talentus\",\"item\":\"https:\/\/talentus.ontwikkeladres.nl\/fr\/travailler-a-talentus\/\"},{\"@type\":\"ListItem\",\"position\":3,\"name\":\"Pourquoi travailler \u00e0 Talentus ?\",\"item\":\"https:\/\/talentus.ontwikkeladres.nl\/fr\/travailler-a-talentus\/pourquoi-travailler-a-talentus\/\"},{\"@type\":\"ListItem\",\"position\":4,\"name\":\"Qui sommes-nous ?\"}]},{\"@type\":\"WebSite\",\"@id\":\"https:\/\/talentus.ontwikkeladres.nl\/fr\/#website\",\"url\":\"https:\/\/talentus.ontwikkeladres.nl\/fr\/\",\"name\":\"Talentus\",\"description\":\"Talentus website\",\"publisher\":{\"@id\":\"https:\/\/talentus.ontwikkeladres.nl\/fr\/#organization\"},\"inLanguage\":\"fr-FR\"},{\"@type\":\"Organization\",\"@id\":\"https:\/\/talentus.ontwikkeladres.nl\/fr\/#organization\",\"name\":\"Talentus\",\"url\":\"https:\/\/talentus.ontwikkeladres.nl\/fr\/\",\"logo\":{\"@type\":\"ImageObject\",\"inLanguage\":\"fr-FR\",\"@id\":\"https:\/\/talentus.ontwikkeladres.nl\/fr\/#\/schema\/logo\/image\/\",\"url\":\"https:\/\/talentus.ontwikkeladres.nl\/wp-content\/uploads\/2025\/12\/Social-share.jpg\",\"contentUrl\":\"https:\/\/talentus.ontwikkeladres.nl\/wp-content\/uploads\/2025\/12\/Social-share.jpg\",\"width\":1200,\"height\":630,\"caption\":\"Talentus\"},\"image\":{\"@id\":\"https:\/\/talentus.ontwikkeladres.nl\/fr\/#\/schema\/logo\/image\/\"},\"sameAs\":[\"https:\/\/www.facebook.com\/Talentus.be\/\",\"https:\/\/www.instagram.com\/talentus.be\/\",\"https:\/\/www.linkedin.com\/company\/talentus\/\"]}]}<\/script>\n<!-- \/ Yoast SEO plugin. -->","yoast_head_json":{"title":"Qui sommes-nous ? | Talentus","description":"D\u00e9couvre Talentus : une organisation de RH engag\u00e9e o\u00f9 ton talent est central et se d\u00e9veloppe dans le cadre d'un emploi et d'un environnement ad\u00e9quats.","robots":{"index":"noindex","follow":"follow","max-snippet":"max-snippet:-1","max-image-preview":"max-image-preview:large","max-video-preview":"max-video-preview:-1"},"og_locale":"fr_FR","og_type":"article","og_title":"Qui sommes-nous ? | Talentus","og_description":"D\u00e9couvre Talentus : une organisation de RH engag\u00e9e o\u00f9 ton talent est central et se d\u00e9veloppe dans le cadre d'un emploi et d'un environnement ad\u00e9quats.","og_url":"https:\/\/talentus.ontwikkeladres.nl\/fr\/travailler-a-talentus\/pourquoi-travailler-a-talentus\/qui-sommes-nous\/","og_site_name":"Talentus","article_publisher":"https:\/\/www.facebook.com\/Talentus.be\/","article_modified_time":"2026-02-13T11:36:24+00:00","og_image":[{"width":1200,"height":630,"url":"https:\/\/talentus.ontwikkeladres.nl\/wp-content\/uploads\/2025\/12\/Social-share.jpg","type":"image\/jpeg"}],"twitter_card":"summary_large_image","twitter_misc":{"Dur\u00e9e de lecture estim\u00e9e":"3 minutes"},"schema":{"@context":"https:\/\/schema.org","@graph":[{"@type":"WebPage","@id":"https:\/\/talentus.ontwikkeladres.nl\/fr\/travailler-a-talentus\/pourquoi-travailler-a-talentus\/qui-sommes-nous\/","url":"https:\/\/talentus.ontwikkeladres.nl\/fr\/travailler-a-talentus\/pourquoi-travailler-a-talentus\/qui-sommes-nous\/","name":"Qui sommes-nous ? | Talentus","isPartOf":{"@id":"https:\/\/talentus.ontwikkeladres.nl\/fr\/#website"},"datePublished":"2025-12-05T09:45:46+00:00","dateModified":"2026-02-13T11:36:24+00:00","description":"D\u00e9couvre Talentus : une organisation de RH engag\u00e9e o\u00f9 ton talent est central et se d\u00e9veloppe dans le cadre d'un emploi et d'un environnement ad\u00e9quats.","breadcrumb":{"@id":"https:\/\/talentus.ontwikkeladres.nl\/fr\/travailler-a-talentus\/pourquoi-travailler-a-talentus\/qui-sommes-nous\/#breadcrumb"},"inLanguage":"fr-FR","potentialAction":[{"@type":"ReadAction","target":["https:\/\/talentus.ontwikkeladres.nl\/fr\/travailler-a-talentus\/pourquoi-travailler-a-talentus\/qui-sommes-nous\/"]}]},{"@type":"BreadcrumbList","@id":"https:\/\/talentus.ontwikkeladres.nl\/fr\/travailler-a-talentus\/pourquoi-travailler-a-talentus\/qui-sommes-nous\/#breadcrumb","itemListElement":[{"@type":"ListItem","position":1,"name":"Home","item":"https:\/\/talentus.ontwikkeladres.nl\/fr\/"},{"@type":"ListItem","position":2,"name":"Travailler \u00e0 Talentus","item":"https:\/\/talentus.ontwikkeladres.nl\/fr\/travailler-a-talentus\/"},{"@type":"ListItem","position":3,"name":"Pourquoi travailler \u00e0 Talentus ?","item":"https:\/\/talentus.ontwikkeladres.nl\/fr\/travailler-a-talentus\/pourquoi-travailler-a-talentus\/"},{"@type":"ListItem","position":4,"name":"Qui sommes-nous ?"}]},{"@type":"WebSite","@id":"https:\/\/talentus.ontwikkeladres.nl\/fr\/#website","url":"https:\/\/talentus.ontwikkeladres.nl\/fr\/","name":"Talentus","description":"Talentus website","publisher":{"@id":"https:\/\/talentus.ontwikkeladres.nl\/fr\/#organization"},"inLanguage":"fr-FR"},{"@type":"Organization","@id":"https:\/\/talentus.ontwikkeladres.nl\/fr\/#organization","name":"Talentus","url":"https:\/\/talentus.ontwikkeladres.nl\/fr\/","logo":{"@type":"ImageObject","inLanguage":"fr-FR","@id":"https:\/\/talentus.ontwikkeladres.nl\/fr\/#\/schema\/logo\/image\/","url":"https:\/\/talentus.ontwikkeladres.nl\/wp-content\/uploads\/2025\/12\/Social-share.jpg","contentUrl":"https:\/\/talentus.ontwikkeladres.nl\/wp-content\/uploads\/2025\/12\/Social-share.jpg","width":1200,"height":630,"caption":"Talentus"},"image":{"@id":"https:\/\/talentus.ontwikkeladres.nl\/fr\/#\/schema\/logo\/image\/"},"sameAs":["https:\/\/www.facebook.com\/Talentus.be\/","https:\/\/www.instagram.com\/talentus.be\/","https:\/\/www.linkedin.com\/company\/talentus\/"]}]}},"_links":{"self":[{"href":"https:\/\/talentus.ontwikkeladres.nl\/fr\/wp-json\/wp\/v2\/pages\/14550","targetHints":{"allow":["GET"]}}],"collection":[{"href":"https:\/\/talentus.ontwikkeladres.nl\/fr\/wp-json\/wp\/v2\/pages"}],"about":[{"href":"https:\/\/talentus.ontwikkeladres.nl\/fr\/wp-json\/wp\/v2\/types\/page"}],"author":[{"embeddable":true,"href":"https:\/\/talentus.ontwikkeladres.nl\/fr\/wp-json\/wp\/v2\/users\/1"}],"replies":[{"embeddable":true,"href":"https:\/\/talentus.ontwikkeladres.nl\/fr\/wp-json\/wp\/v2\/comments?post=14550"}],"version-history":[{"count":21,"href":"https:\/\/talentus.ontwikkeladres.nl\/fr\/wp-json\/wp\/v2\/pages\/14550\/revisions"}],"predecessor-version":[{"id":16978,"href":"https:\/\/talentus.ontwikkeladres.nl\/fr\/wp-json\/wp\/v2\/pages\/14550\/revisions\/16978"}],"up":[{"embeddable":true,"href":"https:\/\/talentus.ontwikkeladres.nl\/fr\/wp-json\/wp\/v2\/pages\/14561"}],"wp:attachment":[{"href":"https:\/\/talentus.ontwikkeladres.nl\/fr\/wp-json\/wp\/v2\/media?parent=14550"}],"curies":[{"name":"wp","href":"https:\/\/api.w.org\/{rel}","templated":true}]}}