{"id":14343,"date":"2025-12-05T10:31:45","date_gmt":"2025-12-05T09:31:45","guid":{"rendered":"https:\/\/talentus.ontwikkeladres.nl\/?page_id=14343"},"modified":"2026-01-14T16:41:52","modified_gmt":"2026-01-14T15:41:52","slug":"blog","status":"publish","type":"page","link":"https:\/\/talentus.ontwikkeladres.nl\/fr\/candidats\/blog\/","title":{"rendered":"Blog"},"content":{"rendered":"<div class=\"wpb-content-wrapper\"><p>[vc_row full_width=\u00a0\u00bbstretch_row\u00a0\u00bb bg_color=\u00a0\u00bbbg_gray_light\u00a0\u00bb css=\u00a0\u00bb.vc_custom_1765200939490{background-color: bg_gray_light !important;}\u00a0\u00bb][vc_column]\n        <div class=\"sd-block-blog-overview bg-white\"\" data-atts=\"{&quot;posts_per_page&quot;:4,&quot;pagination&quot;:&quot;yes&quot;}\" data-page-id=\"1\">\n                            <div class=\"highlight vc_row wpb_row vc_row-fluid\" data-vc-full-width=\"true\" data-vc-stretch-content=\"true\">\n                                <div class=\"wrap\">\n                                    <div class=\"blog-tile\">\n                                        <a href=\"https:\/\/talentus.ontwikkeladres.nl\/fr\/employeurs\/blog\/actualites\/talentus-nomine-aux-trends-gazelles\/\" class=\"blog-tile-image\"><img decoding=\"async\" src=\"https:\/\/talentus.ontwikkeladres.nl\/wp-content\/uploads\/2026\/02\/talentus-website-1000x1000-pixels-Trends-Gazelle-Antwerpen.jpg\" alt=\"Talentus nomin\u00e9 aux Trends Gazelles\"><\/a>\n                                        <div class=\"blog-tile-text\">\n                                            <div class=\"blog-category\">Nouvelles<\/div>\n                                            <a href=\"https:\/\/talentus.ontwikkeladres.nl\/fr\/employeurs\/blog\/actualites\/talentus-nomine-aux-trends-gazelles\/\">\n                                                \n        <div class=\"sd-block-title \">\n            <h2 class=\"sd-block-title-htag  marginbottom-30px align-left color-dark_gray font-small\n            \"><span> Talentus nomin\u00e9 aux Trends Gazelles<\/span>\n\t\t\t<\/h2>\n        <\/div>\n                                            <\/a>\n                                            \n        <div class=\"sd-block-text  marginbottom-30px\n        \">\n            <p>Talentus est nomin\u00e9 aux Trends Gazelles, une reconnaissance attribu\u00e9e aux entreprises qui figurent parmi les soci\u00e9t\u00e9s \u00e0 la croissance la plus rapide en Flandre. Cette nomination confirme la croissance forte et durable que Talentus a r\u00e9alis\u00e9e ces derni\u00e8res ann\u00e9es, notamment dans la province d\u2019Anvers.<\/p>\n\n        <\/div>\n                                            \n        <div class=\"sd-block-button  marginbottom-0px align-left button-type-background button-size-small\">\n            <a class=\"inner-button\"\n            href=\"https:\/\/talentus.ontwikkeladres.nl\/fr\/employeurs\/blog\/actualites\/talentus-nomine-aux-trends-gazelles\/\" title=\"En savoir plus\">\n\t\t\t\t\tEn savoir plus\n\t\t\t\t\t<svg height=\"15px\" width=\"15px\" xmlns=\"http:\/\/www.w3.org\/2000\/svg\" version=\"1.1\" viewBox=\"0 0 15 11.2\"><path fill=\"currentColor\" d=\"M14.7,6.3c.4-.4.4-1,0-1.3L10,.3c-.4-.4-1-.4-1.3,0-.3.4-.4,1,0,1.3l3.1,3.1H.9c-.5,0-.9.4-.9.9s.4.9.9.9h10.9l-3.1,3.1c-.4.4-.4,1,0,1.3s1,.4,1.3,0l4.7-4.7h0Z\"\/><\/svg>\n            <\/a>\n        <\/div>\n                                        <\/div>\n                                    <\/div>\n                                <\/div>\n                            <\/div>\n                            <div class=\"vc_row-full-width vc_clearfix\"><\/div>\n                            <div class=\"blog-grid\">\n                            <a title=\"Le Flextime pour un meilleur \u00e9quilibre entre vie priv\u00e9e et vie pro\" href=\"https:\/\/talentus.ontwikkeladres.nl\/fr\/candidats\/blog\/actualites\/les-horaires-flexibles-permettent-de-mieux-equilibrer-la-vie-professionnelle-et-la-vie-privee\/\" class=\"blog-tile\">\n                                <div class=\"blog-tile-image\"><img decoding=\"async\" src=\"https:\/\/talentus.ontwikkeladres.nl\/wp-content\/uploads\/2018\/09\/Talentus-Flextime.jpg\" alt=\"Le Flextime pour un meilleur \u00e9quilibre entre vie priv\u00e9e et vie pro\"><\/div>\n                                <div class=\"blog-tile-text\">\n                                    <div class=\"blog-category\">Nouvelles<\/div>\n                                    \n        <div class=\"sd-block-title \">\n            <h2 class=\"sd-block-title-htag  marginbottom-30px align-left color-dark_gray font-small\n            \"><span> Le Flextime pour un meilleur \u00e9quilibre entre vie priv\u00e9e et vie pro<\/span>\n\t\t\t<\/h2>\n        <\/div>\n                                    \n        <div class=\"sd-block-button  marginbottom-0px align-left button-type-text\">\n            <span class=\"inner-button\"\n            href=\"https:\/\/talentus.ontwikkeladres.nl\/fr\/candidats\/blog\/actualites\/les-horaires-flexibles-permettent-de-mieux-equilibrer-la-vie-professionnelle-et-la-vie-privee\/\" title=\"En savoir plus\">\n\t\t\t\t\tEn savoir plus\n\t\t\t\t\t<svg height=\"15px\" width=\"15px\" xmlns=\"http:\/\/www.w3.org\/2000\/svg\" version=\"1.1\" viewBox=\"0 0 15 11.2\"><path fill=\"currentColor\" d=\"M14.7,6.3c.4-.4.4-1,0-1.3L10,.3c-.4-.4-1-.4-1.3,0-.3.4-.4,1,0,1.3l3.1,3.1H.9c-.5,0-.9.4-.9.9s.4.9.9.9h10.9l-3.1,3.1c-.4.4-.4,1,0,1.3s1,.4,1.3,0l4.7-4.7h0Z\"\/><\/svg>\n            <\/span>\n        <\/div>\n                                <\/div>\n                            <\/a>\n                            <a title=\"Nous g\u00e9rons votre payroll, sans souci !\" href=\"https:\/\/talentus.ontwikkeladres.nl\/fr\/employeurs\/blog\/actualites\/pas-de-souci-nous-nous-occupons-de-la-gestion-de-tes-salaires\/\" class=\"blog-tile\">\n                                <div class=\"blog-tile-image\"><img decoding=\"async\" src=\"https:\/\/talentus.ontwikkeladres.nl\/wp-content\/uploads\/2025\/12\/Talentus-Payroll.png\" alt=\"Nous g\u00e9rons votre payroll, sans souci !\"><\/div>\n                                <div class=\"blog-tile-text\">\n                                    <div class=\"blog-category\">Nouvelles<\/div>\n                                    \n        <div class=\"sd-block-title \">\n            <h2 class=\"sd-block-title-htag  marginbottom-30px align-left color-dark_gray font-small\n            \"><span> Nous g\u00e9rons votre payroll, sans souci !<\/span>\n\t\t\t<\/h2>\n        <\/div>\n                                    \n        <div class=\"sd-block-button  marginbottom-0px align-left button-type-text\">\n            <span class=\"inner-button\"\n            href=\"https:\/\/talentus.ontwikkeladres.nl\/fr\/employeurs\/blog\/actualites\/pas-de-souci-nous-nous-occupons-de-la-gestion-de-tes-salaires\/\" title=\"En savoir plus\">\n\t\t\t\t\tEn savoir plus\n\t\t\t\t\t<svg height=\"15px\" width=\"15px\" xmlns=\"http:\/\/www.w3.org\/2000\/svg\" version=\"1.1\" viewBox=\"0 0 15 11.2\"><path fill=\"currentColor\" d=\"M14.7,6.3c.4-.4.4-1,0-1.3L10,.3c-.4-.4-1-.4-1.3,0-.3.4-.4,1,0,1.3l3.1,3.1H.9c-.5,0-.9.4-.9.9s.4.9.9.9h10.9l-3.1,3.1c-.4.4-.4,1,0,1.3s1,.4,1.3,0l4.7-4.7h0Z\"\/><\/svg>\n            <\/span>\n        <\/div>\n                                <\/div>\n                            <\/a>\n                            <a title=\"Une r\u00e9mun\u00e9ration flexible, un package salarial motivant pour nos employ\u00e9s.\" href=\"https:\/\/talentus.ontwikkeladres.nl\/fr\/candidats\/blog\/actualites\/une-remuneration-flexible-un-package-salarial-motivant-pour-nos-employes\/\" class=\"blog-tile\">\n                                <div class=\"blog-tile-image\"><img decoding=\"async\" src=\"https:\/\/talentus.ontwikkeladres.nl\/wp-content\/uploads\/2019\/11\/Talentus-Cafetariaplan.jpg\" alt=\"Une r\u00e9mun\u00e9ration flexible, un package salarial motivant pour nos employ\u00e9s.\"><\/div>\n                                <div class=\"blog-tile-text\">\n                                    <div class=\"blog-category\">Nouvelles<\/div>\n                                    \n        <div class=\"sd-block-title \">\n            <h2 class=\"sd-block-title-htag  marginbottom-30px align-left color-dark_gray font-small\n            \"><span> Une r\u00e9mun\u00e9ration flexible, un package salarial motivant pour nos employ\u00e9s.<\/span>\n\t\t\t<\/h2>\n        <\/div>\n                                    \n        <div class=\"sd-block-button  marginbottom-0px align-left button-type-text\">\n            <span class=\"inner-button\"\n            href=\"https:\/\/talentus.ontwikkeladres.nl\/fr\/candidats\/blog\/actualites\/une-remuneration-flexible-un-package-salarial-motivant-pour-nos-employes\/\" title=\"En savoir plus\">\n\t\t\t\t\tEn savoir plus\n\t\t\t\t\t<svg height=\"15px\" width=\"15px\" xmlns=\"http:\/\/www.w3.org\/2000\/svg\" version=\"1.1\" viewBox=\"0 0 15 11.2\"><path fill=\"currentColor\" d=\"M14.7,6.3c.4-.4.4-1,0-1.3L10,.3c-.4-.4-1-.4-1.3,0-.3.4-.4,1,0,1.3l3.1,3.1H.9c-.5,0-.9.4-.9.9s.4.9.9.9h10.9l-3.1,3.1c-.4.4-.4,1,0,1.3s1,.4,1.3,0l4.7-4.7h0Z\"\/><\/svg>\n            <\/span>\n        <\/div>\n                                <\/div>\n                            <\/a>\n                            <\/div>\n        <div class=\"sd-pagination\">\n            <span aria-current=\"page\" class=\"page-numbers current\">1<\/span>\n<a class=\"page-numbers\" href=\"\/fr\/wp-json\/wp\/v2\/pages\/14343\/page\/2\/?from_pagination=true\">2<\/a>\n<a class=\"page-numbers\" href=\"\/fr\/wp-json\/wp\/v2\/pages\/14343\/page\/3\/?from_pagination=true\">3<\/a>\n<a class=\"next page-numbers\" href=\"\/fr\/wp-json\/wp\/v2\/pages\/14343\/page\/2\/?from_pagination=true\">Suivant<\/a>\n        <\/div>\n        <\/div>[\/vc_column][\/vc_row]<\/p>\n<\/div>","protected":false},"excerpt":{"rendered":"<p>[vc_row full_width=\u00a0\u00bbstretch_row\u00a0\u00bb bg_color=\u00a0\u00bbbg_gray_light\u00a0\u00bb css=\u00a0\u00bb.vc_custom_1765200939490{background-color: bg_gray_light !important;}\u00a0\u00bb][vc_column][\/vc_column][\/vc_row]<\/p>\n","protected":false},"author":1,"featured_media":0,"parent":14316,"menu_order":0,"comment_status":"closed","ping_status":"closed","template":"","meta":{"_acf_changed":false,"footnotes":""},"class_list":["post-14343","page","type-page","status-publish","hentry"],"acf":[],"yoast_head":"<!-- This site is optimized with the Yoast SEO plugin v26.8-RC7 - https:\/\/yoast.com\/product\/yoast-seo-wordpress\/ -->\n<title>Blog | Talentus<\/title>\n<meta name=\"robots\" content=\"noindex, follow, max-snippet:-1, max-image-preview:large, max-video-preview:-1\" \/>\n<meta property=\"og:locale\" content=\"fr_FR\" \/>\n<meta property=\"og:type\" content=\"article\" \/>\n<meta property=\"og:title\" content=\"Blog | Talentus\" \/>\n<meta property=\"og:description\" content=\"[vc_row full_width=\u00a0\u00bbstretch_row\u00a0\u00bb bg_color=\u00a0\u00bbbg_gray_light\u00a0\u00bb css=\u00a0\u00bb.vc_custom_1765200939490{background-color: bg_gray_light !important;}\u00a0\u00bb][vc_column][\/vc_column][\/vc_row]\" \/>\n<meta property=\"og:url\" content=\"https:\/\/talentus.ontwikkeladres.nl\/fr\/candidats\/blog\/\" \/>\n<meta property=\"og:site_name\" content=\"Talentus\" \/>\n<meta property=\"article:publisher\" content=\"https:\/\/www.facebook.com\/Talentus.be\/\" \/>\n<meta property=\"article:modified_time\" content=\"2026-01-14T15:41:52+00:00\" \/>\n<meta property=\"og:image\" content=\"https:\/\/talentus.ontwikkeladres.nl\/wp-content\/uploads\/2025\/12\/Social-share.jpg\" \/>\n\t<meta property=\"og:image:width\" content=\"1200\" \/>\n\t<meta property=\"og:image:height\" content=\"630\" \/>\n\t<meta property=\"og:image:type\" content=\"image\/jpeg\" \/>\n<meta name=\"twitter:card\" content=\"summary_large_image\" \/>\n<meta name=\"twitter:label1\" content=\"Dur\u00e9e de lecture estim\u00e9e\" \/>\n\t<meta name=\"twitter:data1\" content=\"1 minute\" \/>\n<script type=\"application\/ld+json\" class=\"yoast-schema-graph\">{\"@context\":\"https:\/\/schema.org\",\"@graph\":[{\"@type\":\"WebPage\",\"@id\":\"https:\/\/talentus.ontwikkeladres.nl\/fr\/candidats\/blog\/\",\"url\":\"https:\/\/talentus.ontwikkeladres.nl\/fr\/candidats\/blog\/\",\"name\":\"Blog | Talentus\",\"isPartOf\":{\"@id\":\"https:\/\/talentus.ontwikkeladres.nl\/fr\/#website\"},\"datePublished\":\"2025-12-05T09:31:45+00:00\",\"dateModified\":\"2026-01-14T15:41:52+00:00\",\"breadcrumb\":{\"@id\":\"https:\/\/talentus.ontwikkeladres.nl\/fr\/candidats\/blog\/#breadcrumb\"},\"inLanguage\":\"fr-FR\",\"potentialAction\":[{\"@type\":\"ReadAction\",\"target\":[\"https:\/\/talentus.ontwikkeladres.nl\/fr\/candidats\/blog\/\"]}]},{\"@type\":\"BreadcrumbList\",\"@id\":\"https:\/\/talentus.ontwikkeladres.nl\/fr\/candidats\/blog\/#breadcrumb\",\"itemListElement\":[{\"@type\":\"ListItem\",\"position\":1,\"name\":\"Home\",\"item\":\"https:\/\/talentus.ontwikkeladres.nl\/fr\/\"},{\"@type\":\"ListItem\",\"position\":2,\"name\":\"Les candidats\",\"item\":\"https:\/\/talentus.ontwikkeladres.nl\/fr\/\"},{\"@type\":\"ListItem\",\"position\":3,\"name\":\"Blog\"}]},{\"@type\":\"WebSite\",\"@id\":\"https:\/\/talentus.ontwikkeladres.nl\/fr\/#website\",\"url\":\"https:\/\/talentus.ontwikkeladres.nl\/fr\/\",\"name\":\"Talentus\",\"description\":\"Talentus website\",\"publisher\":{\"@id\":\"https:\/\/talentus.ontwikkeladres.nl\/fr\/#organization\"},\"inLanguage\":\"fr-FR\"},{\"@type\":\"Organization\",\"@id\":\"https:\/\/talentus.ontwikkeladres.nl\/fr\/#organization\",\"name\":\"Talentus\",\"url\":\"https:\/\/talentus.ontwikkeladres.nl\/fr\/\",\"logo\":{\"@type\":\"ImageObject\",\"inLanguage\":\"fr-FR\",\"@id\":\"https:\/\/talentus.ontwikkeladres.nl\/fr\/#\/schema\/logo\/image\/\",\"url\":\"https:\/\/talentus.ontwikkeladres.nl\/wp-content\/uploads\/2025\/12\/Social-share.jpg\",\"contentUrl\":\"https:\/\/talentus.ontwikkeladres.nl\/wp-content\/uploads\/2025\/12\/Social-share.jpg\",\"width\":1200,\"height\":630,\"caption\":\"Talentus\"},\"image\":{\"@id\":\"https:\/\/talentus.ontwikkeladres.nl\/fr\/#\/schema\/logo\/image\/\"},\"sameAs\":[\"https:\/\/www.facebook.com\/Talentus.be\/\",\"https:\/\/www.instagram.com\/talentus.be\/\",\"https:\/\/www.linkedin.com\/company\/talentus\/\"]}]}<\/script>\n<!-- \/ Yoast SEO plugin. -->","yoast_head_json":{"title":"Blog | Talentus","robots":{"index":"noindex","follow":"follow","max-snippet":"max-snippet:-1","max-image-preview":"max-image-preview:large","max-video-preview":"max-video-preview:-1"},"og_locale":"fr_FR","og_type":"article","og_title":"Blog | Talentus","og_description":"[vc_row full_width=\u00a0\u00bbstretch_row\u00a0\u00bb bg_color=\u00a0\u00bbbg_gray_light\u00a0\u00bb css=\u00a0\u00bb.vc_custom_1765200939490{background-color: bg_gray_light !important;}\u00a0\u00bb][vc_column][\/vc_column][\/vc_row]","og_url":"https:\/\/talentus.ontwikkeladres.nl\/fr\/candidats\/blog\/","og_site_name":"Talentus","article_publisher":"https:\/\/www.facebook.com\/Talentus.be\/","article_modified_time":"2026-01-14T15:41:52+00:00","og_image":[{"width":1200,"height":630,"url":"https:\/\/talentus.ontwikkeladres.nl\/wp-content\/uploads\/2025\/12\/Social-share.jpg","type":"image\/jpeg"}],"twitter_card":"summary_large_image","twitter_misc":{"Dur\u00e9e de lecture estim\u00e9e":"1 minute"},"schema":{"@context":"https:\/\/schema.org","@graph":[{"@type":"WebPage","@id":"https:\/\/talentus.ontwikkeladres.nl\/fr\/candidats\/blog\/","url":"https:\/\/talentus.ontwikkeladres.nl\/fr\/candidats\/blog\/","name":"Blog | Talentus","isPartOf":{"@id":"https:\/\/talentus.ontwikkeladres.nl\/fr\/#website"},"datePublished":"2025-12-05T09:31:45+00:00","dateModified":"2026-01-14T15:41:52+00:00","breadcrumb":{"@id":"https:\/\/talentus.ontwikkeladres.nl\/fr\/candidats\/blog\/#breadcrumb"},"inLanguage":"fr-FR","potentialAction":[{"@type":"ReadAction","target":["https:\/\/talentus.ontwikkeladres.nl\/fr\/candidats\/blog\/"]}]},{"@type":"BreadcrumbList","@id":"https:\/\/talentus.ontwikkeladres.nl\/fr\/candidats\/blog\/#breadcrumb","itemListElement":[{"@type":"ListItem","position":1,"name":"Home","item":"https:\/\/talentus.ontwikkeladres.nl\/fr\/"},{"@type":"ListItem","position":2,"name":"Les candidats","item":"https:\/\/talentus.ontwikkeladres.nl\/fr\/"},{"@type":"ListItem","position":3,"name":"Blog"}]},{"@type":"WebSite","@id":"https:\/\/talentus.ontwikkeladres.nl\/fr\/#website","url":"https:\/\/talentus.ontwikkeladres.nl\/fr\/","name":"Talentus","description":"Talentus website","publisher":{"@id":"https:\/\/talentus.ontwikkeladres.nl\/fr\/#organization"},"inLanguage":"fr-FR"},{"@type":"Organization","@id":"https:\/\/talentus.ontwikkeladres.nl\/fr\/#organization","name":"Talentus","url":"https:\/\/talentus.ontwikkeladres.nl\/fr\/","logo":{"@type":"ImageObject","inLanguage":"fr-FR","@id":"https:\/\/talentus.ontwikkeladres.nl\/fr\/#\/schema\/logo\/image\/","url":"https:\/\/talentus.ontwikkeladres.nl\/wp-content\/uploads\/2025\/12\/Social-share.jpg","contentUrl":"https:\/\/talentus.ontwikkeladres.nl\/wp-content\/uploads\/2025\/12\/Social-share.jpg","width":1200,"height":630,"caption":"Talentus"},"image":{"@id":"https:\/\/talentus.ontwikkeladres.nl\/fr\/#\/schema\/logo\/image\/"},"sameAs":["https:\/\/www.facebook.com\/Talentus.be\/","https:\/\/www.instagram.com\/talentus.be\/","https:\/\/www.linkedin.com\/company\/talentus\/"]}]}},"_links":{"self":[{"href":"https:\/\/talentus.ontwikkeladres.nl\/fr\/wp-json\/wp\/v2\/pages\/14343","targetHints":{"allow":["GET"]}}],"collection":[{"href":"https:\/\/talentus.ontwikkeladres.nl\/fr\/wp-json\/wp\/v2\/pages"}],"about":[{"href":"https:\/\/talentus.ontwikkeladres.nl\/fr\/wp-json\/wp\/v2\/types\/page"}],"author":[{"embeddable":true,"href":"https:\/\/talentus.ontwikkeladres.nl\/fr\/wp-json\/wp\/v2\/users\/1"}],"replies":[{"embeddable":true,"href":"https:\/\/talentus.ontwikkeladres.nl\/fr\/wp-json\/wp\/v2\/comments?post=14343"}],"version-history":[{"count":23,"href":"https:\/\/talentus.ontwikkeladres.nl\/fr\/wp-json\/wp\/v2\/pages\/14343\/revisions"}],"predecessor-version":[{"id":16940,"href":"https:\/\/talentus.ontwikkeladres.nl\/fr\/wp-json\/wp\/v2\/pages\/14343\/revisions\/16940"}],"up":[{"embeddable":true,"href":"https:\/\/talentus.ontwikkeladres.nl\/fr\/wp-json\/wp\/v2\/pages\/14316"}],"wp:attachment":[{"href":"https:\/\/talentus.ontwikkeladres.nl\/fr\/wp-json\/wp\/v2\/media?parent=14343"}],"curies":[{"name":"wp","href":"https:\/\/api.w.org\/{rel}","templated":true}]}}