{"id":14314,"date":"2025-12-02T09:15:56","date_gmt":"2025-12-02T08:15:56","guid":{"rendered":"https:\/\/talentus.ontwikkeladres.nl\/gebruiksvoorwaarden\/"},"modified":"2026-01-05T15:22:03","modified_gmt":"2026-01-05T14:22:03","slug":"conditions-utilisation","status":"publish","type":"page","link":"https:\/\/talentus.ontwikkeladres.nl\/fr\/conditions-utilisation\/","title":{"rendered":"Conditions d&rsquo;utilisation"},"content":{"rendered":"<div class=\"wpb-content-wrapper\"><p>[vc_row full_width=\u00a0\u00bbstretch_row\u00a0\u00bb bg_color=\u00a0\u00bbbg_gray_light\u00a0\u00bb css=\u00a0\u00bb.vc_custom_1765205376084{background-color: bg_gray_light !important;}\u00a0\u00bb][vc_column width=\u00a0\u00bb1\/5&Prime;][\/vc_column][vc_column width=\u00a0\u00bb3\/5&Prime;]\n        <div class=\"sd-block-title \">\n            <h2 class=\"sd-block-title-htag  marginbottom-30px align-left\n            \"><span> Les droits et obligations du travailleur et du bureau, tels que vis\u00e9s \u00e0 l'article 3<\/span>\n\t\t\t<\/h2>\n        <\/div>\n        <div class=\"sd-block-text  marginbottom-30px\n        \">\n            <ol>\n<li>Le bureau ne peut en aucun cas demander ou accepter une quelconque indemnit\u00e9 du travailleur.<\/li>\n<li>Le bureau doit traiter tous les int\u00e9ress\u00e9s d&rsquo;une mani\u00e8re objective, respectueuse et non discriminatoire, et ne peut r\u00e9diger ou publier des annonces de personnel pouvant donner lieu \u00e0 une discrimination.<\/li>\n<li>Le bureau doit respecter la vie priv\u00e9e des travailleurs et ne peut collecter et utiliser les donn\u00e9es \u00e0 caract\u00e8re personnel que moyennant l&rsquo;autorisation et dans l&rsquo;int\u00e9r\u00eat du travailleur, dans le cadre de son insertion professionnelle et dans le respect de [\u00b2 la r\u00e9glementation sur la protection des personnes physiques \u00e0 l&rsquo;\u00e9gard du traitement des donn\u00e9es \u00e0 caract\u00e8re personnel]\u00b2.<\/li>\n<li>Le bureau doit permettre au mandant et aux travailleurs de consulter les donn\u00e9es stock\u00e9es qui les concernent et leur fait parvenir, \u00e0 leur demande, une copie de leur dossier apr\u00e8s la cessation de la mission.<\/li>\n<li>Le bureau peut uniquement collecter et utiliser des informations sur l&#8217;employeur-mandant et sur les travailleurs dans le cadre des activit\u00e9s de placement.<\/li>\n<li>Le bureau doit fournir \u00e0 l&#8217;employeur-mandant et aux travailleurs, en temps utile, des informations correctes et compl\u00e8tes sur les activit\u00e9s de placement et sur la nature de l&#8217;emploi.<\/li>\n<li>Des examens de personnalit\u00e9 et des tests psychologiques ne peuvent \u00eatre ex\u00e9cut\u00e9s que par un psychologue ou sous sa responsabilit\u00e9.<\/li>\n<li>L&rsquo;agence de travail int\u00e9rimaire ne peut pas effectuer des activit\u00e9s de placement pour des vacances d&#8217;emploi qui ne couvrent pas d&rsquo;offre d&#8217;emploi r\u00e9elle.<\/li>\n<li>Le bureau ne peut pas effectuer des activit\u00e9s conduisant \u00e0 l&rsquo;attribution d&rsquo;un emploi contraire \u00e0 l&rsquo;ordre public ou dont le bureau peut constater qu&rsquo;elles portent manifestement atteinte \u00e0 la l\u00e9gislation sociale et fiscale.<\/li>\n<li>L&rsquo;agence de travail int\u00e9rimaire ne peut pas effectuer des activit\u00e9s de placement qui concernent une cessation, une exclusion ou une suspension d&rsquo;un contrat de travail, suite au mauvais temps ou \u00e0 d\u00e9faut de travail en raison de causes \u00e9conomiques.<\/li>\n<li>Le bureau peut effectuer le placement de travailleurs de nationalit\u00e9 \u00e9trang\u00e8re, \u00e0 condition de respecter la r\u00e9glementation relative \u00e0 l&rsquo;engagement de main-d&rsquo;oeuvre \u00e9trang\u00e8re.<\/li>\n<li>Le bureau ne peut se substituer \u00e0 l&#8217;employeur-mandant pour la d\u00e9cision d&#8217;embauche ou de licenciement ou les n\u00e9gociations en la mati\u00e8re.<\/li>\n<li>L&rsquo;agence de travail int\u00e9rimaire ne peut pas effectuer d&rsquo;activit\u00e9s de placement au moyen d&rsquo;une clause d&rsquo;exclusivit\u00e9.<\/li>\n<li>1. Les bureaux de placement d&rsquo;artistes de spectacle et de sportifs r\u00e9mun\u00e9r\u00e9s ne peuvent accepter des honoraires, commissions, cotisations, droits d&rsquo;admission ou d&rsquo;inscription, d\u00e9nomm\u00e9s ci-apr\u00e8s commissions, que si les conditions suivantes sont remplies :<br \/>\n<strong>1\u00b0<\/strong> la commission est fix\u00e9e d&rsquo;avance dans un contrat \u00e9crit entre le bureau et le mandant. Si le placement priv\u00e9 est offert ensemble \u00e0 d&rsquo;autres services, la commission est fix\u00e9e s\u00e9par\u00e9ment pour les diff\u00e9rents services;<br \/>\n<strong>2\u00b0<\/strong> le travailleur se d\u00e9clare explicitement et d&rsquo;avance d&rsquo;accord avec la commission;<br \/>\n<strong>3\u00b0<\/strong> toutes les parties disposent d&rsquo;un exemplaire original de ce contrat.La commission pour le placement de l&rsquo;artiste de spectacle est calcul\u00e9e sur la base de l&rsquo;indemnit\u00e9 que l&rsquo;artiste de spectacle recevra pour sa prestation.<br \/>\n2. La commission pour le placement du sportif r\u00e9mun\u00e9r\u00e9 est calcul\u00e9e sur le revenu brut total pr\u00e9vu du sportif r\u00e9mun\u00e9r\u00e9 pour la dur\u00e9e totale du contrat.<\/li>\n<li>Chaque agence de travail int\u00e9rimaire doit disposer d&rsquo;un agr\u00e9ment.<\/li>\n<li>Dans sa communication externe, c.-\u00e0-d. dans ses contrats, offres, factures, correspondance, courrier \u00e9lectronique, annonces de personnel publi\u00e9es par le biais des m\u00e9dias \u00e9crits ou visuels, l&rsquo;agence de travail int\u00e9rimaire doit mentionner son num\u00e9ro d&rsquo;agr\u00e9ment.<\/li>\n<li>Le bureau doit remettre ce texte \u00e0 chaque personne faisant appel au placement priv\u00e9, ou l&rsquo;afficher in extenso dans les locaux du bureau accessibles au public, \u00e0 l&rsquo;endroit le mieux situ\u00e9 pour lire le texte.<\/li>\n<li>Les bureaux ayant pour activit\u00e9s la publication d&rsquo;offres d&#8217;emploi par le biais des m\u00e9dias \u00e9crits, auditifs ou visuels (t\u00e9l\u00e9, journ\u00e9es, internet, radio, etc.) doivent publier ce texte in extenso par le biais du m\u00e9dia en question<br \/>\nou bien mentionner explicitement l&rsquo;endroit (p.ex. adresse internet) o\u00f9 le texte peut \u00eatre consult\u00e9. Le texte doit \u00eatre mis \u00e0 disposition par le bureau sur simple demande.<\/li>\n<li>Le bureau doit signer et respecter le code d\u00e9ontologique. Le code d\u00e9ontologique fait partie int\u00e9grante de ce texte.<\/li>\n<li>Toute plainte contre une infraction pr\u00e9sum\u00e9e \u00e0 la l\u00e9gislation relative au placement priv\u00e9 peut \u00eatre introduite aupr\u00e8s de l&rsquo;agence flamande suivante:<br \/>\n[1 D\u00e9partement de l&rsquo;Emploi et de l&rsquo;Economie sociale]1<\/li>\n<\/ol>\n<ul>\n<li>Dienst Migratie en Arbeidsbemiddelingbureaus<\/li>\n<li>Ellipsgebouw<\/li>\n<li>Koning Albert II-laan 35 bus 21<\/li>\n<li>1030 Brussel<\/li>\n<li><strong>t\u00e9l\u00e9phone<\/strong> : 02-553 44 73<\/li>\n<li><strong>fax<\/strong> : 02-553 44 22<\/li>\n<li><strong>e-mail<\/strong> : <a href=\"mailto:arbeidsbemiddeling@vlaanderen.be\">arbeidsbemiddeling@vlaanderen.be<\/a><\/li>\n<\/ul>\n<p>Pour \u00eatre recevable, la plainte doit \u00eatre motiv\u00e9e et clairement pr\u00e9ciser de quelle infraction pr\u00e9sum\u00e9e il s&rsquo;agit. L&rsquo;anonymat du plaignant est garanti.<\/p>\n<p>21. Des plaintes peuvent \u00e9galement \u00eatre introduites aupr\u00e8s du D\u00e9partement :<\/p>\n<ul>\n<li>Departement Werk en Sociale Economie<\/li>\n<li>Afdeling Inspectie<\/li>\n<li>Ellipsgebouw<\/li>\n<li>Koning Albert II-laan 35 bus 20<\/li>\n<li>1030 Brussel<\/li>\n<li><strong>t\u00e9l\u00e9phone<\/strong> : 02-553 08 88<\/li>\n<li><strong>fax<\/strong> : 02-553 42 71<\/li>\n<li><strong>e-mail<\/strong> : <a href=\"mailto:werkgelegenheid.inspectie@vlaanderen.be\">werkgelegenheid.inspectie@vlaanderen.be<\/a><\/li>\n<\/ul>\n<p>22. Le service repris ci-apr\u00e8s est charg\u00e9 du contr\u00f4le et du maintien du d\u00e9cret relatif au placement et des arr\u00eat\u00e9s d&rsquo;ex\u00e9cution de celui-ci :<\/p>\n<ul>\n<li>Departement Werk en Sociale Economie<\/li>\n<li>Afdeling Inspectie<\/li>\n<li>Ellipsgebouw<\/li>\n<li>Koning Albert II-laan 35 bus 20<\/li>\n<li>1030 Brussel<\/li>\n<li><strong>t\u00e9l\u00e9phone<\/strong> : 02-553 08 88<\/li>\n<li><strong>fax<\/strong> : 02-553 42 71<\/li>\n<li><strong>e-mail<\/strong> : <a href=\"mailto:werkgelegenheid.inspectie@vlaanderen.be\">werkgelegenheid.inspectie@vlaanderen.be<\/a><\/li>\n<\/ul>\n\n        <\/div>[\/vc_column][vc_column width=\u00a0\u00bb1\/5&Prime;][\/vc_column][\/vc_row]<\/p>\n<\/div>","protected":false},"excerpt":{"rendered":"<p>[vc_row full_width=\u00a0\u00bbstretch_row\u00a0\u00bb bg_color=\u00a0\u00bbbg_gray_light\u00a0\u00bb css=\u00a0\u00bb.vc_custom_1765205376084{background-color: bg_gray_light !important;}\u00a0\u00bb][vc_column width=\u00a0\u00bb1\/5&Prime;][\/vc_column][vc_column width=\u00a0\u00bb3\/5&Prime;][\/vc_column][vc_column width=\u00a0\u00bb1\/5&Prime;][\/vc_column][\/vc_row]<\/p>\n","protected":false},"author":1,"featured_media":0,"parent":0,"menu_order":0,"comment_status":"closed","ping_status":"closed","template":"","meta":{"_acf_changed":false,"footnotes":""},"class_list":["post-14314","page","type-page","status-publish","hentry"],"acf":[],"yoast_head":"<!-- This site is optimized with the Yoast SEO plugin v26.8-RC7 - https:\/\/yoast.com\/product\/yoast-seo-wordpress\/ -->\n<title>Conditions d&#039;utilisation | Talentus<\/title>\n<meta name=\"robots\" content=\"noindex, follow, max-snippet:-1, max-image-preview:large, max-video-preview:-1\" \/>\n<meta property=\"og:locale\" content=\"fr_FR\" \/>\n<meta property=\"og:type\" content=\"article\" \/>\n<meta property=\"og:title\" content=\"Conditions d&#039;utilisation | Talentus\" \/>\n<meta property=\"og:description\" content=\"[vc_row full_width=\u00a0\u00bbstretch_row\u00a0\u00bb bg_color=\u00a0\u00bbbg_gray_light\u00a0\u00bb css=\u00a0\u00bb.vc_custom_1765205376084{background-color: bg_gray_light !important;}\u00a0\u00bb][vc_column width=\u00a0\u00bb1\/5&Prime;][\/vc_column][vc_column width=\u00a0\u00bb3\/5&Prime;][\/vc_column][vc_column width=\u00a0\u00bb1\/5&Prime;][\/vc_column][\/vc_row]\" \/>\n<meta property=\"og:url\" content=\"https:\/\/talentus.ontwikkeladres.nl\/fr\/conditions-utilisation\/\" \/>\n<meta property=\"og:site_name\" content=\"Talentus\" \/>\n<meta property=\"article:publisher\" content=\"https:\/\/www.facebook.com\/Talentus.be\/\" \/>\n<meta property=\"article:modified_time\" content=\"2026-01-05T14:22:03+00:00\" \/>\n<meta property=\"og:image\" content=\"https:\/\/talentus.ontwikkeladres.nl\/wp-content\/uploads\/2025\/12\/Social-share.jpg\" \/>\n\t<meta property=\"og:image:width\" content=\"1200\" \/>\n\t<meta property=\"og:image:height\" content=\"630\" \/>\n\t<meta property=\"og:image:type\" content=\"image\/jpeg\" \/>\n<meta name=\"twitter:card\" content=\"summary_large_image\" \/>\n<meta name=\"twitter:label1\" content=\"Dur\u00e9e de lecture estim\u00e9e\" \/>\n\t<meta name=\"twitter:data1\" content=\"5 minutes\" \/>\n<script type=\"application\/ld+json\" class=\"yoast-schema-graph\">{\"@context\":\"https:\/\/schema.org\",\"@graph\":[{\"@type\":\"WebPage\",\"@id\":\"https:\/\/talentus.ontwikkeladres.nl\/fr\/conditions-utilisation\/\",\"url\":\"https:\/\/talentus.ontwikkeladres.nl\/fr\/conditions-utilisation\/\",\"name\":\"Conditions d'utilisation | Talentus\",\"isPartOf\":{\"@id\":\"https:\/\/talentus.ontwikkeladres.nl\/fr\/#website\"},\"datePublished\":\"2025-12-02T08:15:56+00:00\",\"dateModified\":\"2026-01-05T14:22:03+00:00\",\"breadcrumb\":{\"@id\":\"https:\/\/talentus.ontwikkeladres.nl\/fr\/conditions-utilisation\/#breadcrumb\"},\"inLanguage\":\"fr-FR\",\"potentialAction\":[{\"@type\":\"ReadAction\",\"target\":[\"https:\/\/talentus.ontwikkeladres.nl\/fr\/conditions-utilisation\/\"]}]},{\"@type\":\"BreadcrumbList\",\"@id\":\"https:\/\/talentus.ontwikkeladres.nl\/fr\/conditions-utilisation\/#breadcrumb\",\"itemListElement\":[{\"@type\":\"ListItem\",\"position\":1,\"name\":\"Home\",\"item\":\"https:\/\/talentus.ontwikkeladres.nl\/fr\/\"},{\"@type\":\"ListItem\",\"position\":2,\"name\":\"Conditions d&#8217;utilisation\"}]},{\"@type\":\"WebSite\",\"@id\":\"https:\/\/talentus.ontwikkeladres.nl\/fr\/#website\",\"url\":\"https:\/\/talentus.ontwikkeladres.nl\/fr\/\",\"name\":\"Talentus\",\"description\":\"Talentus website\",\"publisher\":{\"@id\":\"https:\/\/talentus.ontwikkeladres.nl\/fr\/#organization\"},\"inLanguage\":\"fr-FR\"},{\"@type\":\"Organization\",\"@id\":\"https:\/\/talentus.ontwikkeladres.nl\/fr\/#organization\",\"name\":\"Talentus\",\"url\":\"https:\/\/talentus.ontwikkeladres.nl\/fr\/\",\"logo\":{\"@type\":\"ImageObject\",\"inLanguage\":\"fr-FR\",\"@id\":\"https:\/\/talentus.ontwikkeladres.nl\/fr\/#\/schema\/logo\/image\/\",\"url\":\"https:\/\/talentus.ontwikkeladres.nl\/wp-content\/uploads\/2025\/12\/Social-share.jpg\",\"contentUrl\":\"https:\/\/talentus.ontwikkeladres.nl\/wp-content\/uploads\/2025\/12\/Social-share.jpg\",\"width\":1200,\"height\":630,\"caption\":\"Talentus\"},\"image\":{\"@id\":\"https:\/\/talentus.ontwikkeladres.nl\/fr\/#\/schema\/logo\/image\/\"},\"sameAs\":[\"https:\/\/www.facebook.com\/Talentus.be\/\",\"https:\/\/www.instagram.com\/talentus.be\/\",\"https:\/\/www.linkedin.com\/company\/talentus\/\"]}]}<\/script>\n<!-- \/ Yoast SEO plugin. -->","yoast_head_json":{"title":"Conditions d'utilisation | Talentus","robots":{"index":"noindex","follow":"follow","max-snippet":"max-snippet:-1","max-image-preview":"max-image-preview:large","max-video-preview":"max-video-preview:-1"},"og_locale":"fr_FR","og_type":"article","og_title":"Conditions d'utilisation | Talentus","og_description":"[vc_row full_width=\u00a0\u00bbstretch_row\u00a0\u00bb bg_color=\u00a0\u00bbbg_gray_light\u00a0\u00bb css=\u00a0\u00bb.vc_custom_1765205376084{background-color: bg_gray_light !important;}\u00a0\u00bb][vc_column width=\u00a0\u00bb1\/5&Prime;][\/vc_column][vc_column width=\u00a0\u00bb3\/5&Prime;][\/vc_column][vc_column width=\u00a0\u00bb1\/5&Prime;][\/vc_column][\/vc_row]","og_url":"https:\/\/talentus.ontwikkeladres.nl\/fr\/conditions-utilisation\/","og_site_name":"Talentus","article_publisher":"https:\/\/www.facebook.com\/Talentus.be\/","article_modified_time":"2026-01-05T14:22:03+00:00","og_image":[{"width":1200,"height":630,"url":"https:\/\/talentus.ontwikkeladres.nl\/wp-content\/uploads\/2025\/12\/Social-share.jpg","type":"image\/jpeg"}],"twitter_card":"summary_large_image","twitter_misc":{"Dur\u00e9e de lecture estim\u00e9e":"5 minutes"},"schema":{"@context":"https:\/\/schema.org","@graph":[{"@type":"WebPage","@id":"https:\/\/talentus.ontwikkeladres.nl\/fr\/conditions-utilisation\/","url":"https:\/\/talentus.ontwikkeladres.nl\/fr\/conditions-utilisation\/","name":"Conditions d'utilisation | Talentus","isPartOf":{"@id":"https:\/\/talentus.ontwikkeladres.nl\/fr\/#website"},"datePublished":"2025-12-02T08:15:56+00:00","dateModified":"2026-01-05T14:22:03+00:00","breadcrumb":{"@id":"https:\/\/talentus.ontwikkeladres.nl\/fr\/conditions-utilisation\/#breadcrumb"},"inLanguage":"fr-FR","potentialAction":[{"@type":"ReadAction","target":["https:\/\/talentus.ontwikkeladres.nl\/fr\/conditions-utilisation\/"]}]},{"@type":"BreadcrumbList","@id":"https:\/\/talentus.ontwikkeladres.nl\/fr\/conditions-utilisation\/#breadcrumb","itemListElement":[{"@type":"ListItem","position":1,"name":"Home","item":"https:\/\/talentus.ontwikkeladres.nl\/fr\/"},{"@type":"ListItem","position":2,"name":"Conditions d&#8217;utilisation"}]},{"@type":"WebSite","@id":"https:\/\/talentus.ontwikkeladres.nl\/fr\/#website","url":"https:\/\/talentus.ontwikkeladres.nl\/fr\/","name":"Talentus","description":"Talentus website","publisher":{"@id":"https:\/\/talentus.ontwikkeladres.nl\/fr\/#organization"},"inLanguage":"fr-FR"},{"@type":"Organization","@id":"https:\/\/talentus.ontwikkeladres.nl\/fr\/#organization","name":"Talentus","url":"https:\/\/talentus.ontwikkeladres.nl\/fr\/","logo":{"@type":"ImageObject","inLanguage":"fr-FR","@id":"https:\/\/talentus.ontwikkeladres.nl\/fr\/#\/schema\/logo\/image\/","url":"https:\/\/talentus.ontwikkeladres.nl\/wp-content\/uploads\/2025\/12\/Social-share.jpg","contentUrl":"https:\/\/talentus.ontwikkeladres.nl\/wp-content\/uploads\/2025\/12\/Social-share.jpg","width":1200,"height":630,"caption":"Talentus"},"image":{"@id":"https:\/\/talentus.ontwikkeladres.nl\/fr\/#\/schema\/logo\/image\/"},"sameAs":["https:\/\/www.facebook.com\/Talentus.be\/","https:\/\/www.instagram.com\/talentus.be\/","https:\/\/www.linkedin.com\/company\/talentus\/"]}]}},"_links":{"self":[{"href":"https:\/\/talentus.ontwikkeladres.nl\/fr\/wp-json\/wp\/v2\/pages\/14314","targetHints":{"allow":["GET"]}}],"collection":[{"href":"https:\/\/talentus.ontwikkeladres.nl\/fr\/wp-json\/wp\/v2\/pages"}],"about":[{"href":"https:\/\/talentus.ontwikkeladres.nl\/fr\/wp-json\/wp\/v2\/types\/page"}],"author":[{"embeddable":true,"href":"https:\/\/talentus.ontwikkeladres.nl\/fr\/wp-json\/wp\/v2\/users\/1"}],"replies":[{"embeddable":true,"href":"https:\/\/talentus.ontwikkeladres.nl\/fr\/wp-json\/wp\/v2\/comments?post=14314"}],"version-history":[{"count":6,"href":"https:\/\/talentus.ontwikkeladres.nl\/fr\/wp-json\/wp\/v2\/pages\/14314\/revisions"}],"predecessor-version":[{"id":16025,"href":"https:\/\/talentus.ontwikkeladres.nl\/fr\/wp-json\/wp\/v2\/pages\/14314\/revisions\/16025"}],"wp:attachment":[{"href":"https:\/\/talentus.ontwikkeladres.nl\/fr\/wp-json\/wp\/v2\/media?parent=14314"}],"curies":[{"name":"wp","href":"https:\/\/api.w.org\/{rel}","templated":true}]}}